{"id":9218,"date":"2024-10-02T07:38:51","date_gmt":"2024-10-02T06:38:51","guid":{"rendered":"https:\/\/capeeast.se\/?page_id=9218"},"modified":"2026-03-26T14:44:38","modified_gmt":"2026-03-26T13:44:38","slug":"meny","status":"publish","type":"page","link":"https:\/\/capeeast.se\/sv\/dining\/meny\/","title":{"rendered":"Meny"},"content":{"rendered":"<div data-elementor-type=\"wp-page\" data-elementor-id=\"9218\" class=\"elementor elementor-9218\" data-elementor-post-type=\"page\">\n\t\t\t\t\t\t<section class=\"elementor-section elementor-top-section elementor-element elementor-element-784eefe elementor-section-boxed elementor-section-height-default elementor-section-height-default\" data-id=\"784eefe\" data-element_type=\"section\" data-e-type=\"section\" data-settings=\"{&quot;background_background&quot;:&quot;classic&quot;}\">\n\t\t\t\t\t\t<div class=\"elementor-container elementor-column-gap-default\">\n\t\t\t\t\t<div class=\"elementor-column elementor-col-100 elementor-top-column elementor-element elementor-element-8c09b29\" data-id=\"8c09b29\" data-element_type=\"column\" data-e-type=\"column\" data-settings=\"{&quot;background_background&quot;:&quot;classic&quot;}\">\n\t\t\t<div class=\"elementor-widget-wrap elementor-element-populated\">\n\t\t\t\t\t\t<section class=\"elementor-section elementor-inner-section elementor-element elementor-element-2475d4d elementor-section-full_width elementor-hidden-desktop elementor-hidden-tablet elementor-hidden-mobile elementor-section-height-default elementor-section-height-default\" data-id=\"2475d4d\" data-element_type=\"section\" data-e-type=\"section\">\n\t\t\t\t\t\t<div class=\"elementor-container elementor-column-gap-default\">\n\t\t\t\t\t<div class=\"elementor-column elementor-col-25 elementor-inner-column elementor-element elementor-element-1926a24\" data-id=\"1926a24\" data-element_type=\"column\" data-e-type=\"column\">\n\t\t\t<div class=\"elementor-widget-wrap elementor-element-populated\">\n\t\t\t\t\t\t<div class=\"elementor-element elementor-element-becea6e elementor-widget elementor-widget-text-editor\" data-id=\"becea6e\" data-element_type=\"widget\" data-e-type=\"widget\" data-widget_type=\"text-editor.default\">\n\t\t\t\t<div class=\"elementor-widget-container\">\n\t\t\t\t\t\t\t\t\t<p>(L) = Laktosfri\u00a0\u00a0<br \/>(L*) = Kan best\u00e4llas laktosfri<\/p>\t\t\t\t\t\t\t\t<\/div>\n\t\t\t\t<\/div>\n\t\t\t\t\t<\/div>\n\t\t<\/div>\n\t\t\t\t<div class=\"elementor-column elementor-col-25 elementor-inner-column elementor-element elementor-element-4aeaa4a\" data-id=\"4aeaa4a\" data-element_type=\"column\" data-e-type=\"column\">\n\t\t\t<div class=\"elementor-widget-wrap elementor-element-populated\">\n\t\t\t\t\t\t<div class=\"elementor-element elementor-element-140f63c elementor-widget elementor-widget-text-editor\" data-id=\"140f63c\" data-element_type=\"widget\" data-e-type=\"widget\" data-widget_type=\"text-editor.default\">\n\t\t\t\t<div class=\"elementor-widget-container\">\n\t\t\t\t\t\t\t\t\t<p>(G) = Glutenfri \u00a0<br \/>(G*) = Kan best\u00e4llas glutenfri<\/p>\t\t\t\t\t\t\t\t<\/div>\n\t\t\t\t<\/div>\n\t\t\t\t\t<\/div>\n\t\t<\/div>\n\t\t\t\t<div class=\"elementor-column elementor-col-25 elementor-inner-column elementor-element elementor-element-b1ea0b8\" data-id=\"b1ea0b8\" data-element_type=\"column\" data-e-type=\"column\">\n\t\t\t<div class=\"elementor-widget-wrap elementor-element-populated\">\n\t\t\t\t\t\t<div class=\"elementor-element elementor-element-1514f52 elementor-widget elementor-widget-text-editor\" data-id=\"1514f52\" data-element_type=\"widget\" data-e-type=\"widget\" data-widget_type=\"text-editor.default\">\n\t\t\t\t<div class=\"elementor-widget-container\">\n\t\t\t\t\t\t\t\t\t<p>(V) = Vegansk<br \/>(V*) = Kan best\u00e4llas vegansk<\/p>\t\t\t\t\t\t\t\t<\/div>\n\t\t\t\t<\/div>\n\t\t\t\t\t<\/div>\n\t\t<\/div>\n\t\t\t\t<div class=\"elementor-column elementor-col-25 elementor-inner-column elementor-element elementor-element-29cf09a\" data-id=\"29cf09a\" data-element_type=\"column\" data-e-type=\"column\">\n\t\t\t<div class=\"elementor-widget-wrap elementor-element-populated\">\n\t\t\t\t\t\t<div class=\"elementor-element elementor-element-6b72674 elementor-widget elementor-widget-text-editor\" data-id=\"6b72674\" data-element_type=\"widget\" data-e-type=\"widget\" data-widget_type=\"text-editor.default\">\n\t\t\t\t<div class=\"elementor-widget-container\">\n\t\t\t\t\t\t\t\t\t<p>(M) = Milk protein free<br \/>(M*) = Can be ordered milk protein free<\/p>\t\t\t\t\t\t\t\t<\/div>\n\t\t\t\t<\/div>\n\t\t\t\t\t<\/div>\n\t\t<\/div>\n\t\t\t\t\t<\/div>\n\t\t<\/section>\n\t\t\t\t<section class=\"elementor-section elementor-inner-section elementor-element elementor-element-70bd5ff elementor-section-full_width elementor-section-height-default elementor-section-height-default\" data-id=\"70bd5ff\" data-element_type=\"section\" data-e-type=\"section\">\n\t\t\t\t\t\t<div class=\"elementor-container elementor-column-gap-default\">\n\t\t\t\t\t<div class=\"elementor-column elementor-col-100 elementor-inner-column elementor-element elementor-element-19c94ab\" data-id=\"19c94ab\" data-element_type=\"column\" data-e-type=\"column\">\n\t\t\t<div class=\"elementor-widget-wrap elementor-element-populated\">\n\t\t\t\t\t\t<div class=\"elementor-element elementor-element-bb435fa elementor-widget elementor-widget-text-editor\" data-id=\"bb435fa\" data-element_type=\"widget\" data-e-type=\"widget\" data-widget_type=\"text-editor.default\">\n\t\t\t\t<div class=\"elementor-widget-container\">\n\t\t\t\t\t\t\t\t\t<p>L = Inneh\u00e5ller laktos\u00a0 \u00a0 \u00a0G = Inneh\u00e5ller gluten\u00a0 \u00a0 \u00a0M = Inneh\u00e5ller mj\u00f6lkprotein\u00a0 \u00a0 \u00a0V = Vegansk<\/p>\t\t\t\t\t\t\t\t<\/div>\n\t\t\t\t<\/div>\n\t\t\t\t\t<\/div>\n\t\t<\/div>\n\t\t\t\t\t<\/div>\n\t\t<\/section>\n\t\t\t\t<section class=\"elementor-section elementor-inner-section elementor-element elementor-element-8886837 elementor-section-full_width elementor-hidden-desktop elementor-hidden-tablet elementor-hidden-mobile elementor-section-height-default elementor-section-height-default\" data-id=\"8886837\" data-element_type=\"section\" data-e-type=\"section\">\n\t\t\t\t\t\t<div class=\"elementor-container elementor-column-gap-default\">\n\t\t\t\t\t<div class=\"elementor-column elementor-col-100 elementor-inner-column elementor-element elementor-element-bdbcacb\" data-id=\"bdbcacb\" data-element_type=\"column\" data-e-type=\"column\">\n\t\t\t<div class=\"elementor-widget-wrap elementor-element-populated\">\n\t\t\t\t\t\t<div class=\"elementor-element elementor-element-1cc9e92 elementor-widget elementor-widget-text-editor\" data-id=\"1cc9e92\" data-element_type=\"widget\" data-e-type=\"widget\" data-widget_type=\"text-editor.default\">\n\t\t\t\t<div class=\"elementor-widget-container\">\n\t\t\t\t\t\t\t\t\t<p>Veganska och vegetariska alternativ finns tillg\u00e4ngliga<\/p>\t\t\t\t\t\t\t\t<\/div>\n\t\t\t\t<\/div>\n\t\t\t\t\t<\/div>\n\t\t<\/div>\n\t\t\t\t\t<\/div>\n\t\t<\/section>\n\t\t\t\t<div class=\"elementor-element elementor-element-e6c7c0f elementor-widget elementor-widget-heading\" data-id=\"e6c7c0f\" data-element_type=\"widget\" data-e-type=\"widget\" data-widget_type=\"heading.default\">\n\t\t\t\t<div class=\"elementor-widget-container\">\n\t\t\t\t\t<h3 class=\"elementor-heading-title elementor-size-default\">F\u00f6rr\u00e4tter<\/h3>\t\t\t\t<\/div>\n\t\t\t\t<\/div>\n\t\t\t\t<div class=\"elementor-element elementor-element-5b68a35 elementor-widget elementor-widget-text-editor\" data-id=\"5b68a35\" data-element_type=\"widget\" data-e-type=\"widget\" data-widget_type=\"text-editor.default\">\n\t\t\t\t<div class=\"elementor-widget-container\">\n\t\t\t\t\t\t\t\t\t<p style=\"text-align: left;\"><span style=\"color: #00516f;\"><strong>Toast Skagen <\/strong><\/span>185 SEK (G)<br \/>Skagen toast, Kalixl\u00f6jrom, picklad r\u00f6dl\u00f6k och citron<br \/><em>Finns \u00e4ven som glutenfri<\/em><\/p><p style=\"text-align: left;\"><strong><span style=\"color: #00516f;\">Tartar<\/span>\u00a0<\/strong>185 SEK (G, M)<br \/>Tartar p\u00e5 oxfil\u00e9, puffat fl\u00e4sksv\u00e5l, \u00e4ggulecreme, Worcestershire-majonn\u00e4s och kapris<br \/><em>K\u00f6ket rekommenderar: l\u00e4gg till pommes och aioli +40 SEK<\/em><\/p><p style=\"text-align: left;\"><span style=\"color: #00516f;\"><span style=\"font-weight: bold;\"><span style=\"font-weight: bolder;\"><strong>Vegetarisk bowl<\/strong>\u00a0<\/span><\/span><\/span>135 SEK (M)<br \/>Krispig sallad, rostade och marinerade s\u00e4songsrotsaker, picklad r\u00e4disa, \u00f6rtyoghurtss\u00e5s och rostade fr\u00f6n<br \/><em>Finns \u00e4ven vegansk <\/em><em>samt som en st\u00f6rre huvudr\u00e4ttsporton 220 SEK<\/em><br \/><br \/><\/p>\t\t\t\t\t\t\t\t<\/div>\n\t\t\t\t<\/div>\n\t\t\t\t<div class=\"elementor-element elementor-element-14d1e7d elementor-widget elementor-widget-heading\" data-id=\"14d1e7d\" data-element_type=\"widget\" data-e-type=\"widget\" data-widget_type=\"heading.default\">\n\t\t\t\t<div class=\"elementor-widget-container\">\n\t\t\t\t\t<h3 class=\"elementor-heading-title elementor-size-default\">Varmr\u00e4tter<\/h3>\t\t\t\t<\/div>\n\t\t\t\t<\/div>\n\t\t\t\t<div class=\"elementor-element elementor-element-bbbc4cf elementor-widget elementor-widget-text-editor\" data-id=\"bbbc4cf\" data-element_type=\"widget\" data-e-type=\"widget\" data-widget_type=\"text-editor.default\">\n\t\t\t\t<div class=\"elementor-widget-container\">\n\t\t\t\t\t\t\t\t\t<p style=\"text-align: left;\"><span style=\"color: #00516f;\"><b><strong>G\u00f6s <\/strong><\/b><\/span>335 SEK (M)<br \/>Sm\u00f6rstekt g\u00f6sfil\u00e9, \u00f6rt-potatispur\u00e9, hollandaises\u00e5s, krispig gr\u00f6nk\u00e5l och picklad r\u00e4disa<\/p><h6 style=\"text-align: left;\"><em>Vin rekommendation: Secret de Lunes, Chardonnay<br \/><br \/><\/em><\/h6><p style=\"text-align: left;\"><span style=\"color: #00516f;\"><b><strong>Risotto<\/strong><\/b><\/span> 265 SEK (L, M)<br \/>Risotto p\u00e5 rostade k\u00f6rsb\u00e4rstomater, Stracciatella och olivolja<\/p><h6 style=\"text-align: left;\"><em>Vin rekommendation: Solit\u00e4r, Riesling<br \/><br \/><\/em><\/h6><p><strong><span style=\"color: #800080;\"><span style=\"color: #00516f;\">Grillad oxfil\u00e9 <\/span><\/span><\/strong>435 SEK (M)<br \/>160g finsk oxfil\u00e9, rostade potatisar, madeiras\u00e5s, kall bearnaises\u00e5s, s\u00e4songens rotsaker<\/p><h6 style=\"text-align: left;\"><em>Vin rekommendation: Sasso al Poggio, Sangiovese<br \/><br \/><\/em><\/h6><p><span style=\"color: #00516f;\"><b>Hamburgare <\/b><\/span>250 SEK (G, M)<br \/>150 g smash burgare p\u00e5 svenskt n\u00f6tk\u00f6tt, mjukt potatisbr\u00f6d, cheddarost, tomat, sallad, picklad r\u00f6dl\u00f6k och husets hamburgerdressing. Serveras med pommes frites och aioli<\/p><h6 style=\"text-align: left;\">Finns \u00e4ven som glutenfri eller vegansk<br \/><br \/><\/h6>\t\t\t\t\t\t\t\t<\/div>\n\t\t\t\t<\/div>\n\t\t\t\t<div class=\"elementor-element elementor-element-b9180d8 elementor-widget elementor-widget-heading\" data-id=\"b9180d8\" data-element_type=\"widget\" data-e-type=\"widget\" data-widget_type=\"heading.default\">\n\t\t\t\t<div class=\"elementor-widget-container\">\n\t\t\t\t\t<h3 class=\"elementor-heading-title elementor-size-default\">Desserter<\/h3>\t\t\t\t<\/div>\n\t\t\t\t<\/div>\n\t\t\t\t<div class=\"elementor-element elementor-element-a5a6b0a elementor-widget elementor-widget-text-editor\" data-id=\"a5a6b0a\" data-element_type=\"widget\" data-e-type=\"widget\" data-widget_type=\"text-editor.default\">\n\t\t\t\t<div class=\"elementor-widget-container\">\n\t\t\t\t\t\t\t\t\t<p style=\"text-align: left;\"><span style=\"color: #00516f;\"><strong>Choklad och Pistage <\/strong><\/span>175 SEK (G, L)<br \/>Husets chokladkaka, chokladganache, rostad vitchoklad och pistaschglass<\/p><p><span style=\"color: #00516f;\"><strong>Creme caramel <\/strong><\/span>155 SEK (M)<br \/>Silkeslen pudding med rostad karamells\u00e5s<\/p><p><span style=\"color: #00516f;\"><span style=\"font-weight: bolder;\"><strong>Tartelett<\/strong><\/span><\/span> 135 SEK (G, L, M)<br \/>Frisk citrontartelett med br\u00e4nd mar\u00e4ng<br \/><br \/><\/p>\t\t\t\t\t\t\t\t<\/div>\n\t\t\t\t<\/div>\n\t\t\t\t<div class=\"elementor-element elementor-element-238d798 elementor-widget elementor-widget-heading\" data-id=\"238d798\" data-element_type=\"widget\" data-e-type=\"widget\" data-widget_type=\"heading.default\">\n\t\t\t\t<div class=\"elementor-widget-container\">\n\t\t\t\t\t<h3 class=\"elementor-heading-title elementor-size-default\">Barnmeny<\/h3>\t\t\t\t<\/div>\n\t\t\t\t<\/div>\n\t\t\t\t<div class=\"elementor-element elementor-element-579ff2b elementor-widget elementor-widget-text-editor\" data-id=\"579ff2b\" data-element_type=\"widget\" data-e-type=\"widget\" data-widget_type=\"text-editor.default\">\n\t\t\t\t<div class=\"elementor-widget-container\">\n\t\t\t\t\t\t\t\t\t<p style=\"text-align: left;\"><em>F\u00f6r barn under 12 \u00e5r. <\/em><em>Barnportioner av r\u00e4tterna ovan kan best\u00e4llas f\u00f6r halva priset<\/em><\/p>\t\t\t\t\t\t\t\t<\/div>\n\t\t\t\t<\/div>\n\t\t\t\t<div class=\"elementor-element elementor-element-a79186b elementor-widget elementor-widget-text-editor\" data-id=\"a79186b\" data-element_type=\"widget\" data-e-type=\"widget\" data-widget_type=\"text-editor.default\">\n\t\t\t\t<div class=\"elementor-widget-container\">\n\t\t\t\t\t\t\t\t\t<p style=\"text-align: left;\"><span style=\"color: #00516f;\"><strong>Pl\u00e4ttar<\/strong><\/span> 79 SEK (G, M)<br \/>Med sylt och vispgr\u00e4dde<\/p><p style=\"text-align: left;\"><span style=\"color: #00516f;\"><strong>Hamburgare<\/strong>\u00a0<\/span>89 SEK (G, M)<br \/>75g smash-burgare p\u00e5 svenskt n\u00f6tk\u00f6tt, mjukt potatisbr\u00f6d, cheddarost, sallad, ketchup och pommes frites<\/p><p style=\"text-align: left;\"><span style=\"color: #00516f;\"><strong>Korv och Pommes<\/strong>\u00a0<\/span>89 SEK (G)<br \/>Serveras med liten sallad och ketchup<\/p>\t\t\t\t\t\t\t\t<\/div>\n\t\t\t\t<\/div>\n\t\t\t\t\t<\/div>\n\t\t<\/div>\n\t\t\t\t\t<\/div>\n\t\t<\/section>\n\t\t\t\t<\/div>","protected":false},"excerpt":{"rendered":"<p>(L) = Lactose free\u00a0\u00a0(L*) = Can be ordered lactose free (G) = Gluten free \u00a0(G*) = Can be ordered gluten free (V) = Vegan(V*) = Can be ordered vegan (M) = Milk protein free(M*) = Can be ordered milk protein free L = Contains lactose\u00a0 \u00a0 \u00a0G = Contains gluten\u00a0 \u00a0 \u00a0M = Contains milk [&hellip;]<\/p>\n","protected":false},"author":15,"featured_media":0,"parent":221,"menu_order":0,"comment_status":"closed","ping_status":"closed","template":"","meta":{"_acf_changed":false,"footnotes":""},"class_list":["post-9218","page","type-page","status-publish","hentry"],"acf":[],"yoast_head":"<!-- This site is optimized with the Yoast SEO plugin v26.9 - https:\/\/yoast.com\/product\/yoast-seo-wordpress\/ -->\n<title>Meny - Cape East<\/title>\n<meta name=\"robots\" content=\"index, follow, max-snippet:-1, max-image-preview:large, max-video-preview:-1\" \/>\n<link rel=\"canonical\" href=\"https:\/\/capeeast.se\/sv\/restaurang\/meny\/\" \/>\n<meta property=\"og:locale\" content=\"sv_SE\" \/>\n<meta property=\"og:type\" content=\"article\" \/>\n<meta property=\"og:title\" content=\"Meny - Cape East\" \/>\n<meta property=\"og:description\" content=\"(L) = Lactose free\u00a0\u00a0(L*) = Can be ordered lactose free (G) = Gluten free \u00a0(G*) = Can be ordered gluten free (V) = Vegan(V*) = Can be ordered vegan (M) = Milk protein free(M*) = Can be ordered milk protein free L = Contains lactose\u00a0 \u00a0 \u00a0G = Contains gluten\u00a0 \u00a0 \u00a0M = Contains milk [&hellip;]\" \/>\n<meta property=\"og:url\" content=\"https:\/\/capeeast.se\/sv\/restaurang\/meny\/\" \/>\n<meta property=\"og:site_name\" content=\"Cape East\" \/>\n<meta property=\"article:publisher\" content=\"https:\/\/www.facebook.com\/CapeEast\/\" \/>\n<meta property=\"article:modified_time\" content=\"2026-03-26T13:44:38+00:00\" \/>\n<meta property=\"og:image\" content=\"https:\/\/capeeast.se\/wp-content\/uploads\/2019\/05\/cape-east.jpg\" \/>\n\t<meta property=\"og:image:width\" content=\"900\" \/>\n\t<meta property=\"og:image:height\" content=\"600\" \/>\n\t<meta property=\"og:image:type\" content=\"image\/jpeg\" \/>\n<meta name=\"twitter:card\" content=\"summary_large_image\" \/>\n<meta name=\"twitter:label1\" content=\"Ber\u00e4knad l\u00e4stid\" \/>\n\t<meta name=\"twitter:data1\" content=\"2 minuter\" \/>\n<script type=\"application\/ld+json\" class=\"yoast-schema-graph\">{\"@context\":\"https:\/\/schema.org\",\"@graph\":[{\"@type\":\"WebPage\",\"@id\":\"https:\/\/capeeast.se\/dining\/meny\/\",\"url\":\"https:\/\/capeeast.se\/dining\/meny\/\",\"name\":\"Meny - Cape East\",\"isPartOf\":{\"@id\":\"https:\/\/capeeast.se\/#website\"},\"datePublished\":\"2024-10-02T06:38:51+00:00\",\"dateModified\":\"2026-03-26T13:44:38+00:00\",\"breadcrumb\":{\"@id\":\"https:\/\/capeeast.se\/dining\/meny\/#breadcrumb\"},\"inLanguage\":\"sv-SE\",\"potentialAction\":[{\"@type\":\"ReadAction\",\"target\":[\"https:\/\/capeeast.se\/dining\/meny\/\"]}]},{\"@type\":\"BreadcrumbList\",\"@id\":\"https:\/\/capeeast.se\/dining\/meny\/#breadcrumb\",\"itemListElement\":[{\"@type\":\"ListItem\",\"position\":1,\"name\":\"Home\",\"item\":\"https:\/\/capeeast.se\/\"},{\"@type\":\"ListItem\",\"position\":2,\"name\":\"Dining\",\"item\":\"https:\/\/capeeast.se\/dining\/\"},{\"@type\":\"ListItem\",\"position\":3,\"name\":\"Meny\"}]},{\"@type\":\"WebSite\",\"@id\":\"https:\/\/capeeast.se\/#website\",\"url\":\"https:\/\/capeeast.se\/\",\"name\":\"Cape East\",\"description\":\"Hotel &amp; SPA\",\"publisher\":{\"@id\":\"https:\/\/capeeast.se\/#organization\"},\"potentialAction\":[{\"@type\":\"SearchAction\",\"target\":{\"@type\":\"EntryPoint\",\"urlTemplate\":\"https:\/\/capeeast.se\/?s={search_term_string}\"},\"query-input\":{\"@type\":\"PropertyValueSpecification\",\"valueRequired\":true,\"valueName\":\"search_term_string\"}}],\"inLanguage\":\"sv-SE\"},{\"@type\":\"Organization\",\"@id\":\"https:\/\/capeeast.se\/#organization\",\"name\":\"Cape East\",\"url\":\"https:\/\/capeeast.se\/\",\"logo\":{\"@type\":\"ImageObject\",\"inLanguage\":\"sv-SE\",\"@id\":\"https:\/\/capeeast.se\/#\/schema\/logo\/image\/\",\"url\":\"https:\/\/capeeast.se\/wp-content\/uploads\/2019\/09\/cape_east_grey_transparent.png\",\"contentUrl\":\"https:\/\/capeeast.se\/wp-content\/uploads\/2019\/09\/cape_east_grey_transparent.png\",\"width\":300,\"height\":80,\"caption\":\"Cape East\"},\"image\":{\"@id\":\"https:\/\/capeeast.se\/#\/schema\/logo\/image\/\"},\"sameAs\":[\"https:\/\/www.facebook.com\/CapeEast\/\",\"https:\/\/www.instagram.com\/capeeast_hotelspa\/\"]}]}<\/script>\n<!-- \/ Yoast SEO plugin. -->","yoast_head_json":{"title":"Meny - Cape East","robots":{"index":"index","follow":"follow","max-snippet":"max-snippet:-1","max-image-preview":"max-image-preview:large","max-video-preview":"max-video-preview:-1"},"canonical":"https:\/\/capeeast.se\/sv\/restaurang\/meny\/","og_locale":"sv_SE","og_type":"article","og_title":"Meny - Cape East","og_description":"(L) = Lactose free\u00a0\u00a0(L*) = Can be ordered lactose free (G) = Gluten free \u00a0(G*) = Can be ordered gluten free (V) = Vegan(V*) = Can be ordered vegan (M) = Milk protein free(M*) = Can be ordered milk protein free L = Contains lactose\u00a0 \u00a0 \u00a0G = Contains gluten\u00a0 \u00a0 \u00a0M = Contains milk [&hellip;]","og_url":"https:\/\/capeeast.se\/sv\/restaurang\/meny\/","og_site_name":"Cape East","article_publisher":"https:\/\/www.facebook.com\/CapeEast\/","article_modified_time":"2026-03-26T13:44:38+00:00","og_image":[{"width":900,"height":600,"url":"https:\/\/capeeast.se\/wp-content\/uploads\/2019\/05\/cape-east.jpg","type":"image\/jpeg"}],"twitter_card":"summary_large_image","twitter_misc":{"Ber\u00e4knad l\u00e4stid":"2 minuter"},"schema":{"@context":"https:\/\/schema.org","@graph":[{"@type":"WebPage","@id":"https:\/\/capeeast.se\/dining\/meny\/","url":"https:\/\/capeeast.se\/dining\/meny\/","name":"Meny - Cape East","isPartOf":{"@id":"https:\/\/capeeast.se\/#website"},"datePublished":"2024-10-02T06:38:51+00:00","dateModified":"2026-03-26T13:44:38+00:00","breadcrumb":{"@id":"https:\/\/capeeast.se\/dining\/meny\/#breadcrumb"},"inLanguage":"sv-SE","potentialAction":[{"@type":"ReadAction","target":["https:\/\/capeeast.se\/dining\/meny\/"]}]},{"@type":"BreadcrumbList","@id":"https:\/\/capeeast.se\/dining\/meny\/#breadcrumb","itemListElement":[{"@type":"ListItem","position":1,"name":"Home","item":"https:\/\/capeeast.se\/"},{"@type":"ListItem","position":2,"name":"Dining","item":"https:\/\/capeeast.se\/dining\/"},{"@type":"ListItem","position":3,"name":"Meny"}]},{"@type":"WebSite","@id":"https:\/\/capeeast.se\/#website","url":"https:\/\/capeeast.se\/","name":"Cape East","description":"Hotel &amp; SPA","publisher":{"@id":"https:\/\/capeeast.se\/#organization"},"potentialAction":[{"@type":"SearchAction","target":{"@type":"EntryPoint","urlTemplate":"https:\/\/capeeast.se\/?s={search_term_string}"},"query-input":{"@type":"PropertyValueSpecification","valueRequired":true,"valueName":"search_term_string"}}],"inLanguage":"sv-SE"},{"@type":"Organization","@id":"https:\/\/capeeast.se\/#organization","name":"Cape East","url":"https:\/\/capeeast.se\/","logo":{"@type":"ImageObject","inLanguage":"sv-SE","@id":"https:\/\/capeeast.se\/#\/schema\/logo\/image\/","url":"https:\/\/capeeast.se\/wp-content\/uploads\/2019\/09\/cape_east_grey_transparent.png","contentUrl":"https:\/\/capeeast.se\/wp-content\/uploads\/2019\/09\/cape_east_grey_transparent.png","width":300,"height":80,"caption":"Cape East"},"image":{"@id":"https:\/\/capeeast.se\/#\/schema\/logo\/image\/"},"sameAs":["https:\/\/www.facebook.com\/CapeEast\/","https:\/\/www.instagram.com\/capeeast_hotelspa\/"]}]}},"_links":{"self":[{"href":"https:\/\/capeeast.se\/sv\/wp-json\/wp\/v2\/pages\/9218","targetHints":{"allow":["GET"]}}],"collection":[{"href":"https:\/\/capeeast.se\/sv\/wp-json\/wp\/v2\/pages"}],"about":[{"href":"https:\/\/capeeast.se\/sv\/wp-json\/wp\/v2\/types\/page"}],"author":[{"embeddable":true,"href":"https:\/\/capeeast.se\/sv\/wp-json\/wp\/v2\/users\/15"}],"replies":[{"embeddable":true,"href":"https:\/\/capeeast.se\/sv\/wp-json\/wp\/v2\/comments?post=9218"}],"version-history":[{"count":60,"href":"https:\/\/capeeast.se\/sv\/wp-json\/wp\/v2\/pages\/9218\/revisions"}],"predecessor-version":[{"id":10341,"href":"https:\/\/capeeast.se\/sv\/wp-json\/wp\/v2\/pages\/9218\/revisions\/10341"}],"up":[{"embeddable":true,"href":"https:\/\/capeeast.se\/sv\/wp-json\/wp\/v2\/pages\/221"}],"wp:attachment":[{"href":"https:\/\/capeeast.se\/sv\/wp-json\/wp\/v2\/media?parent=9218"}],"curies":[{"name":"wp","href":"https:\/\/api.w.org\/{rel}","templated":true}]}}