{"id":6529,"date":"2022-04-07T19:21:49","date_gmt":"2022-04-07T18:21:49","guid":{"rendered":"https:\/\/capeeast.se\/?page_id=6529"},"modified":"2022-04-08T12:19:49","modified_gmt":"2022-04-08T11:19:49","slug":"cape-east-valkomnar-flyktingar-fran-ukraina-och-fortsatter-sin-turistverksamhet-som-vanligt","status":"publish","type":"page","link":"https:\/\/capeeast.se\/sv\/cape-east-valkomnar-flyktingar-fran-ukraina-och-fortsatter-sin-turistverksamhet-som-vanligt\/","title":{"rendered":"Cape East v\u00e4lkomnar flyktingar fr\u00e5n Ukraina och forts\u00e4tter sin turistverksamhet som vanligt"},"content":{"rendered":"<div data-elementor-type=\"wp-page\" data-elementor-id=\"6529\" class=\"elementor elementor-6529\" data-elementor-post-type=\"page\">\n\t\t\t\t\t\t<section class=\"elementor-section elementor-top-section elementor-element elementor-element-784eefe elementor-section-boxed elementor-section-height-default elementor-section-height-default\" data-id=\"784eefe\" data-element_type=\"section\" data-e-type=\"section\" data-settings=\"{&quot;background_background&quot;:&quot;classic&quot;}\">\n\t\t\t\t\t\t<div class=\"elementor-container elementor-column-gap-default\">\n\t\t\t\t\t<div class=\"elementor-column elementor-col-100 elementor-top-column elementor-element elementor-element-8c09b29\" data-id=\"8c09b29\" data-element_type=\"column\" data-e-type=\"column\" data-settings=\"{&quot;background_background&quot;:&quot;classic&quot;}\">\n\t\t\t<div class=\"elementor-widget-wrap elementor-element-populated\">\n\t\t\t\t\t\t<div class=\"elementor-element elementor-element-140f63c elementor-widget elementor-widget-text-editor\" data-id=\"140f63c\" data-element_type=\"widget\" data-e-type=\"widget\" data-widget_type=\"text-editor.default\">\n\t\t\t\t<div class=\"elementor-widget-container\">\n\t\t\t\t\t\t\t\t\t<p><strong>2022-04-07 kl 15:34<\/strong><\/p>\t\t\t\t\t\t\t\t<\/div>\n\t\t\t\t<\/div>\n\t\t\t\t<div class=\"elementor-element elementor-element-e6c7c0f elementor-widget elementor-widget-heading\" data-id=\"e6c7c0f\" data-element_type=\"widget\" data-e-type=\"widget\" data-widget_type=\"heading.default\">\n\t\t\t\t<div class=\"elementor-widget-container\">\n\t\t\t\t\t<h2 class=\"elementor-heading-title elementor-size-default\">Cape East v\u00e4lkomnar flyktingar fr\u00e5n Ukraina och forts\u00e4tter sin turistverksamhet som vanligt <\/h2>\t\t\t\t<\/div>\n\t\t\t\t<\/div>\n\t\t\t\t<div class=\"elementor-element elementor-element-5b68a35 elementor-widget elementor-widget-text-editor\" data-id=\"5b68a35\" data-element_type=\"widget\" data-e-type=\"widget\" data-widget_type=\"text-editor.default\">\n\t\t\t\t<div class=\"elementor-widget-container\">\n\t\t\t\t\t\t\t\t\t<p>Enligt UNHCR \u00e4r det nu \u00f6ver 10 miljoner m\u00e4nniskor som tvingats fly fr\u00e5n sina hem undan kriget i Ukraina, varav \u00f6ver 4,2 miljoner redan \u00e4r p\u00e5 flykt fr\u00e5n landet och flyktingkrisen \u00e4r den snabbast v\u00e4xande i Europa sedan andra v\u00e4rldskriget. Det r\u00e5der ett akut behov av boende f\u00f6r de som tvingas fly fr\u00e5n Ukraina och nu \u00e4r det klart att vi p\u00e5 Cape East kommer bidra och hj\u00e4lpa ukrainska m\u00e4nniskor p\u00e5 flykt med tillf\u00e4lligt evakueringsboende. <br \/><em><br \/><\/em>\u2013 Just nu \u00e4r det \u00f6ver 4 miljoner m\u00e4nniskor p\u00e5 flykt fr\u00e5n kriget i Ukraina och vi ser det som en sj\u00e4lvklarhet att hj\u00e4lpa till d\u00e4r vi kan f\u00f6r att underl\u00e4tta f\u00f6r dessa utsatta m\u00e4nniskor.\u00a0Tack vare v\u00e5r stora kapacitet med tre hotellbyggnader och \u00f6vriga lokaler p\u00e5 anl\u00e4ggningen kan vi erbjuda hj\u00e4lp med bost\u00e4der och lokaler vigda till flyktingar fr\u00e5n Ukraina, s\u00e4ger Briitta Suopanki, hotellchef Cape East.<\/p><p>Det k\u00e4nns sj\u00e4lvklart att hj\u00e4lpa till p\u00e5 alla s\u00e4tt vi kan i r\u00e5dande l\u00e4ge. Cape East erbjuder idag turistverksamhet i form av hotell, restaurang, camping och ett av Sveriges fr\u00e4msta spa. Men hela anl\u00e4ggningen best\u00e5r av tre separata hotellbyggnader, lobby, spa och flertalet herrg\u00e5rdsbyggnader. Vi uppl\u00e5ter en separat del av Cape East till de ukrainska flyktingarna med frist\u00e5ende lokaler och tv\u00e5 hotellbyggnader som kommer att anv\u00e4ndas som boende.<\/p><p><strong>Verksamheten forts\u00e4tter som tidigare med<\/strong> <strong>spa, restaurang och boendeanl\u00e4ggning f\u00f6r turister<\/strong><br \/>Turistverksamheten forts\u00e4tter som tidigare och best\u00e5r i den hotellbyggnad som idag \u00e4r hopbyggd med lobby och spaavdelningen. \u00c4ven restaurangen kommer fortsatt att vara tillg\u00e4nglig f\u00f6r v\u00e5ra hotellg\u00e4ster och turistverksamhet.<\/p><p>H\u00f6gt p\u00e5 agendan st\u00e5r f\u00f6rutom boende \u00e4ven integration, skola och jobbs\u00f6kande. Krisen i Ukraina har krossat dessa m\u00e4nniskors tillvaro och nu g\u00e4ller det att skapa en trygghet och n\u00e5got som kan liknas vid en vardag f\u00f6r barn och familjer som tvingats fr\u00e5n sina hem. H\u00e4r finns alla m\u00f6jligheter att tillsammans med Haparanda stad, f\u00f6reningslivet och andra viktiga organisationer forts\u00e4tta hj\u00e4lpa till och bidra genom st\u00f6d, inkludering, n\u00e4tverk, jobbskapande och integration.<\/p><p>\u2013 F\u00f6rutom att hj\u00e4lpa till med boende s\u00e5 g\u00e4ller det att p\u00e5 b\u00e4sta m\u00f6jliga s\u00e4tt bidra genom att skapa arbetstillf\u00e4llen och samarbeta med f\u00f6reningslivet, f\u00f6r en b\u00e4ttre integration f\u00f6r de m\u00e4nniskor som varit tvungna att fly fr\u00e5n Ukraina, s\u00e4ger Tobias Lindfors, \u00e4gare och koncern vd StudentConsulting och Pite Havsbad Group.<\/p><p>Norrbotten \u00e4r i stort behov av arbetskraft och vi ser m\u00f6jlighet till att hj\u00e4lpa dessa m\u00e4nniskor att komma ut p\u00e5 arbetsmarknaden, inte fr\u00e4mst genom jobb p\u00e5 v\u00e5r egen anl\u00e4ggning d\u00e4r vi redan nu anst\u00e4llt tv\u00e5 kockar och fyra restaurangbitr\u00e4den.<\/p><p><strong>Cape East hj\u00e4rta Ukraina<br \/><\/strong>F\u00f6r alla som nu bokar och bor p\u00e5 Cape East under april m\u00e5nad s\u00e5 eftersk\u00e4nker vi 100 kr per rum till R\u00e4dda Barnens viktiga arbete. R\u00e4dda Barnen jobbar med att hj\u00e4lpa m\u00e4nniskor b\u00e5de p\u00e5 plats i Ukraina och f\u00f6r att ge ett tryggt mottagande i de l\u00e4nder dit barn och familjer tvingas fly. <br \/><br \/>L\u00e4s mer om R\u00e4dda Barnens arbete: <a href=\"http:\/\/www.raddabarnen.se\">www.raddabarnen.se<\/a><\/p>\t\t\t\t\t\t\t\t<\/div>\n\t\t\t\t<\/div>\n\t\t\t\t\t<\/div>\n\t\t<\/div>\n\t\t\t\t\t<\/div>\n\t\t<\/section>\n\t\t\t\t<\/div>","protected":false},"excerpt":{"rendered":"<p>2022-04-07 kl 15:34 Cape East v\u00e4lkomnar flyktingar fr\u00e5n Ukraina och forts\u00e4tter sin turistverksamhet som vanligt Enligt UNHCR \u00e4r det nu \u00f6ver 10 miljoner m\u00e4nniskor som tvingats fly fr\u00e5n sina hem undan kriget i Ukraina, varav \u00f6ver 4,2 miljoner redan \u00e4r p\u00e5 flykt fr\u00e5n landet och flyktingkrisen \u00e4r den snabbast v\u00e4xande i Europa sedan andra v\u00e4rldskriget. [&hellip;]<\/p>\n","protected":false},"author":10,"featured_media":0,"parent":0,"menu_order":0,"comment_status":"closed","ping_status":"closed","template":"","meta":{"_acf_changed":false,"footnotes":""},"class_list":["post-6529","page","type-page","status-publish","hentry"],"acf":[],"yoast_head":"<!-- This site is optimized with the Yoast SEO plugin v26.9 - https:\/\/yoast.com\/product\/yoast-seo-wordpress\/ -->\n<title>Cape East v\u00e4lkomnar flyktingar fr\u00e5n Ukraina och forts\u00e4tter sin turistverksamhet som vanligt - Cape East<\/title>\n<meta name=\"robots\" content=\"index, follow, max-snippet:-1, max-image-preview:large, max-video-preview:-1\" \/>\n<link rel=\"canonical\" href=\"https:\/\/capeeast.se\/sv\/cape-east-valkomnar-flyktingar-fran-ukraina-och-fortsatter-sin-turistverksamhet-som-vanligt\/\" \/>\n<meta property=\"og:locale\" content=\"sv_SE\" \/>\n<meta property=\"og:type\" content=\"article\" \/>\n<meta property=\"og:title\" content=\"Cape East v\u00e4lkomnar flyktingar fr\u00e5n Ukraina och forts\u00e4tter sin turistverksamhet som vanligt - Cape East\" \/>\n<meta property=\"og:description\" content=\"2022-04-07 kl 15:34 Cape East v\u00e4lkomnar flyktingar fr\u00e5n Ukraina och forts\u00e4tter sin turistverksamhet som vanligt Enligt UNHCR \u00e4r det nu \u00f6ver 10 miljoner m\u00e4nniskor som tvingats fly fr\u00e5n sina hem undan kriget i Ukraina, varav \u00f6ver 4,2 miljoner redan \u00e4r p\u00e5 flykt fr\u00e5n landet och flyktingkrisen \u00e4r den snabbast v\u00e4xande i Europa sedan andra v\u00e4rldskriget. [&hellip;]\" \/>\n<meta property=\"og:url\" content=\"https:\/\/capeeast.se\/sv\/cape-east-valkomnar-flyktingar-fran-ukraina-och-fortsatter-sin-turistverksamhet-som-vanligt\/\" \/>\n<meta property=\"og:site_name\" content=\"Cape East\" \/>\n<meta property=\"article:publisher\" content=\"https:\/\/www.facebook.com\/CapeEast\/\" \/>\n<meta property=\"article:modified_time\" content=\"2022-04-08T11:19:49+00:00\" \/>\n<meta property=\"og:image\" content=\"https:\/\/capeeast.se\/wp-content\/uploads\/2019\/05\/cape-east.jpg\" \/>\n\t<meta property=\"og:image:width\" content=\"900\" \/>\n\t<meta property=\"og:image:height\" content=\"600\" \/>\n\t<meta property=\"og:image:type\" content=\"image\/jpeg\" \/>\n<meta name=\"twitter:card\" content=\"summary_large_image\" \/>\n<meta name=\"twitter:label1\" content=\"Ber\u00e4knad l\u00e4stid\" \/>\n\t<meta name=\"twitter:data1\" content=\"3 minuter\" \/>\n<script type=\"application\/ld+json\" class=\"yoast-schema-graph\">{\"@context\":\"https:\/\/schema.org\",\"@graph\":[{\"@type\":\"WebPage\",\"@id\":\"https:\/\/capeeast.se\/cape-east-valkomnar-flyktingar-fran-ukraina-och-fortsatter-sin-turistverksamhet-som-vanligt\/\",\"url\":\"https:\/\/capeeast.se\/cape-east-valkomnar-flyktingar-fran-ukraina-och-fortsatter-sin-turistverksamhet-som-vanligt\/\",\"name\":\"Cape East v\u00e4lkomnar flyktingar fr\u00e5n Ukraina och forts\u00e4tter sin turistverksamhet som vanligt - Cape East\",\"isPartOf\":{\"@id\":\"https:\/\/capeeast.se\/#website\"},\"datePublished\":\"2022-04-07T18:21:49+00:00\",\"dateModified\":\"2022-04-08T11:19:49+00:00\",\"breadcrumb\":{\"@id\":\"https:\/\/capeeast.se\/cape-east-valkomnar-flyktingar-fran-ukraina-och-fortsatter-sin-turistverksamhet-som-vanligt\/#breadcrumb\"},\"inLanguage\":\"sv-SE\",\"potentialAction\":[{\"@type\":\"ReadAction\",\"target\":[\"https:\/\/capeeast.se\/cape-east-valkomnar-flyktingar-fran-ukraina-och-fortsatter-sin-turistverksamhet-som-vanligt\/\"]}]},{\"@type\":\"BreadcrumbList\",\"@id\":\"https:\/\/capeeast.se\/cape-east-valkomnar-flyktingar-fran-ukraina-och-fortsatter-sin-turistverksamhet-som-vanligt\/#breadcrumb\",\"itemListElement\":[{\"@type\":\"ListItem\",\"position\":1,\"name\":\"Home\",\"item\":\"https:\/\/capeeast.se\/\"},{\"@type\":\"ListItem\",\"position\":2,\"name\":\"Cape East v\u00e4lkomnar flyktingar fr\u00e5n Ukraina och forts\u00e4tter sin turistverksamhet som vanligt\"}]},{\"@type\":\"WebSite\",\"@id\":\"https:\/\/capeeast.se\/#website\",\"url\":\"https:\/\/capeeast.se\/\",\"name\":\"Cape East\",\"description\":\"Hotel &amp; SPA\",\"publisher\":{\"@id\":\"https:\/\/capeeast.se\/#organization\"},\"potentialAction\":[{\"@type\":\"SearchAction\",\"target\":{\"@type\":\"EntryPoint\",\"urlTemplate\":\"https:\/\/capeeast.se\/?s={search_term_string}\"},\"query-input\":{\"@type\":\"PropertyValueSpecification\",\"valueRequired\":true,\"valueName\":\"search_term_string\"}}],\"inLanguage\":\"sv-SE\"},{\"@type\":\"Organization\",\"@id\":\"https:\/\/capeeast.se\/#organization\",\"name\":\"Cape East\",\"url\":\"https:\/\/capeeast.se\/\",\"logo\":{\"@type\":\"ImageObject\",\"inLanguage\":\"sv-SE\",\"@id\":\"https:\/\/capeeast.se\/#\/schema\/logo\/image\/\",\"url\":\"https:\/\/capeeast.se\/wp-content\/uploads\/2019\/09\/cape_east_grey_transparent.png\",\"contentUrl\":\"https:\/\/capeeast.se\/wp-content\/uploads\/2019\/09\/cape_east_grey_transparent.png\",\"width\":300,\"height\":80,\"caption\":\"Cape East\"},\"image\":{\"@id\":\"https:\/\/capeeast.se\/#\/schema\/logo\/image\/\"},\"sameAs\":[\"https:\/\/www.facebook.com\/CapeEast\/\",\"https:\/\/www.instagram.com\/capeeast_hotelspa\/\"]}]}<\/script>\n<!-- \/ Yoast SEO plugin. -->","yoast_head_json":{"title":"Cape East v\u00e4lkomnar flyktingar fr\u00e5n Ukraina och forts\u00e4tter sin turistverksamhet som vanligt - Cape East","robots":{"index":"index","follow":"follow","max-snippet":"max-snippet:-1","max-image-preview":"max-image-preview:large","max-video-preview":"max-video-preview:-1"},"canonical":"https:\/\/capeeast.se\/sv\/cape-east-valkomnar-flyktingar-fran-ukraina-och-fortsatter-sin-turistverksamhet-som-vanligt\/","og_locale":"sv_SE","og_type":"article","og_title":"Cape East v\u00e4lkomnar flyktingar fr\u00e5n Ukraina och forts\u00e4tter sin turistverksamhet som vanligt - Cape East","og_description":"2022-04-07 kl 15:34 Cape East v\u00e4lkomnar flyktingar fr\u00e5n Ukraina och forts\u00e4tter sin turistverksamhet som vanligt Enligt UNHCR \u00e4r det nu \u00f6ver 10 miljoner m\u00e4nniskor som tvingats fly fr\u00e5n sina hem undan kriget i Ukraina, varav \u00f6ver 4,2 miljoner redan \u00e4r p\u00e5 flykt fr\u00e5n landet och flyktingkrisen \u00e4r den snabbast v\u00e4xande i Europa sedan andra v\u00e4rldskriget. [&hellip;]","og_url":"https:\/\/capeeast.se\/sv\/cape-east-valkomnar-flyktingar-fran-ukraina-och-fortsatter-sin-turistverksamhet-som-vanligt\/","og_site_name":"Cape East","article_publisher":"https:\/\/www.facebook.com\/CapeEast\/","article_modified_time":"2022-04-08T11:19:49+00:00","og_image":[{"width":900,"height":600,"url":"https:\/\/capeeast.se\/wp-content\/uploads\/2019\/05\/cape-east.jpg","type":"image\/jpeg"}],"twitter_card":"summary_large_image","twitter_misc":{"Ber\u00e4knad l\u00e4stid":"3 minuter"},"schema":{"@context":"https:\/\/schema.org","@graph":[{"@type":"WebPage","@id":"https:\/\/capeeast.se\/cape-east-valkomnar-flyktingar-fran-ukraina-och-fortsatter-sin-turistverksamhet-som-vanligt\/","url":"https:\/\/capeeast.se\/cape-east-valkomnar-flyktingar-fran-ukraina-och-fortsatter-sin-turistverksamhet-som-vanligt\/","name":"Cape East v\u00e4lkomnar flyktingar fr\u00e5n Ukraina och forts\u00e4tter sin turistverksamhet som vanligt - Cape East","isPartOf":{"@id":"https:\/\/capeeast.se\/#website"},"datePublished":"2022-04-07T18:21:49+00:00","dateModified":"2022-04-08T11:19:49+00:00","breadcrumb":{"@id":"https:\/\/capeeast.se\/cape-east-valkomnar-flyktingar-fran-ukraina-och-fortsatter-sin-turistverksamhet-som-vanligt\/#breadcrumb"},"inLanguage":"sv-SE","potentialAction":[{"@type":"ReadAction","target":["https:\/\/capeeast.se\/cape-east-valkomnar-flyktingar-fran-ukraina-och-fortsatter-sin-turistverksamhet-som-vanligt\/"]}]},{"@type":"BreadcrumbList","@id":"https:\/\/capeeast.se\/cape-east-valkomnar-flyktingar-fran-ukraina-och-fortsatter-sin-turistverksamhet-som-vanligt\/#breadcrumb","itemListElement":[{"@type":"ListItem","position":1,"name":"Home","item":"https:\/\/capeeast.se\/"},{"@type":"ListItem","position":2,"name":"Cape East v\u00e4lkomnar flyktingar fr\u00e5n Ukraina och forts\u00e4tter sin turistverksamhet som vanligt"}]},{"@type":"WebSite","@id":"https:\/\/capeeast.se\/#website","url":"https:\/\/capeeast.se\/","name":"Cape East","description":"Hotel &amp; SPA","publisher":{"@id":"https:\/\/capeeast.se\/#organization"},"potentialAction":[{"@type":"SearchAction","target":{"@type":"EntryPoint","urlTemplate":"https:\/\/capeeast.se\/?s={search_term_string}"},"query-input":{"@type":"PropertyValueSpecification","valueRequired":true,"valueName":"search_term_string"}}],"inLanguage":"sv-SE"},{"@type":"Organization","@id":"https:\/\/capeeast.se\/#organization","name":"Cape East","url":"https:\/\/capeeast.se\/","logo":{"@type":"ImageObject","inLanguage":"sv-SE","@id":"https:\/\/capeeast.se\/#\/schema\/logo\/image\/","url":"https:\/\/capeeast.se\/wp-content\/uploads\/2019\/09\/cape_east_grey_transparent.png","contentUrl":"https:\/\/capeeast.se\/wp-content\/uploads\/2019\/09\/cape_east_grey_transparent.png","width":300,"height":80,"caption":"Cape East"},"image":{"@id":"https:\/\/capeeast.se\/#\/schema\/logo\/image\/"},"sameAs":["https:\/\/www.facebook.com\/CapeEast\/","https:\/\/www.instagram.com\/capeeast_hotelspa\/"]}]}},"_links":{"self":[{"href":"https:\/\/capeeast.se\/sv\/wp-json\/wp\/v2\/pages\/6529","targetHints":{"allow":["GET"]}}],"collection":[{"href":"https:\/\/capeeast.se\/sv\/wp-json\/wp\/v2\/pages"}],"about":[{"href":"https:\/\/capeeast.se\/sv\/wp-json\/wp\/v2\/types\/page"}],"author":[{"embeddable":true,"href":"https:\/\/capeeast.se\/sv\/wp-json\/wp\/v2\/users\/10"}],"replies":[{"embeddable":true,"href":"https:\/\/capeeast.se\/sv\/wp-json\/wp\/v2\/comments?post=6529"}],"version-history":[{"count":11,"href":"https:\/\/capeeast.se\/sv\/wp-json\/wp\/v2\/pages\/6529\/revisions"}],"predecessor-version":[{"id":6541,"href":"https:\/\/capeeast.se\/sv\/wp-json\/wp\/v2\/pages\/6529\/revisions\/6541"}],"wp:attachment":[{"href":"https:\/\/capeeast.se\/sv\/wp-json\/wp\/v2\/media?parent=6529"}],"curies":[{"name":"wp","href":"https:\/\/api.w.org\/{rel}","templated":true}]}}