{"id":4125,"date":"2021-05-14T09:31:03","date_gmt":"2021-05-14T08:31:03","guid":{"rendered":"https:\/\/capeeast.se\/?page_id=4125"},"modified":"2021-05-14T10:58:47","modified_gmt":"2021-05-14T09:58:47","slug":"grilla-sakert","status":"publish","type":"page","link":"https:\/\/capeeast.se\/sv\/camping\/grilla-sakert\/","title":{"rendered":"Grilla s\u00e4kert"},"content":{"rendered":"<div data-elementor-type=\"wp-post\" data-elementor-id=\"4125\" class=\"elementor elementor-4125\" data-elementor-post-type=\"page\">\n\t\t\t\t\t\t<section class=\"elementor-section elementor-top-section elementor-element elementor-element-7ac6f8c elementor-section-boxed elementor-section-height-default elementor-section-height-default\" data-id=\"7ac6f8c\" data-element_type=\"section\" data-e-type=\"section\">\n\t\t\t\t\t\t<div class=\"elementor-container elementor-column-gap-default\">\n\t\t\t\t\t<div class=\"elementor-column elementor-col-100 elementor-top-column elementor-element elementor-element-0038cbf\" data-id=\"0038cbf\" data-element_type=\"column\" data-e-type=\"column\">\n\t\t\t<div class=\"elementor-widget-wrap elementor-element-populated\">\n\t\t\t\t\t\t<div class=\"elementor-element elementor-element-d92b854 elementor-widget elementor-widget-heading\" data-id=\"d92b854\" data-element_type=\"widget\" data-e-type=\"widget\" data-widget_type=\"heading.default\">\n\t\t\t\t<div class=\"elementor-widget-container\">\n\t\t\t\t\t<h2 class=\"elementor-heading-title elementor-size-default\">Grilla s\u00e4kert<\/h2>\t\t\t\t<\/div>\n\t\t\t\t<\/div>\n\t\t\t\t\t<\/div>\n\t\t<\/div>\n\t\t\t\t\t<\/div>\n\t\t<\/section>\n\t\t\t\t<section class=\"elementor-section elementor-top-section elementor-element elementor-element-eff9926 elementor-section-boxed elementor-section-height-default elementor-section-height-default\" data-id=\"eff9926\" data-element_type=\"section\" data-e-type=\"section\">\n\t\t\t\t\t\t<div class=\"elementor-container elementor-column-gap-default\">\n\t\t\t\t\t<div class=\"elementor-column elementor-col-16 elementor-top-column elementor-element elementor-element-88a51b7\" data-id=\"88a51b7\" data-element_type=\"column\" data-e-type=\"column\">\n\t\t\t<div class=\"elementor-widget-wrap\">\n\t\t\t\t\t\t\t<\/div>\n\t\t<\/div>\n\t\t\t\t<div class=\"elementor-column elementor-col-66 elementor-top-column elementor-element elementor-element-83e159c\" data-id=\"83e159c\" data-element_type=\"column\" data-e-type=\"column\">\n\t\t\t<div class=\"elementor-widget-wrap elementor-element-populated\">\n\t\t\t\t\t\t<div class=\"elementor-element elementor-element-4665ca1 elementor-widget elementor-widget-text-editor\" data-id=\"4665ca1\" data-element_type=\"widget\" data-e-type=\"widget\" data-widget_type=\"text-editor.default\">\n\t\t\t\t<div class=\"elementor-widget-container\">\n\t\t\t\t\t\t\t\t\t<p>P\u00e5 campingplatser \u00e4r risken extra stor f\u00f6r brand i samband med grillning. Fr\u00e4mst eftersom man ofta bor t\u00e4tt inp\u00e5 varandra, och f\u00f6r att t\u00e4lt och husvagnar brinner l\u00e4tt. Det \u00e4r d\u00e4rf\u00f6r viktigt att t\u00e4nka p\u00e5 att alltid ha brandutrustning till hands. N\u00e4r brandk\u00e5ren v\u00e4l dyker upp kan det redan vara f\u00f6rsent. Med brandsl\u00e4ckare och brandfilt har man goda m\u00f6jligheter att ingripa redan i ett tidigt skede av branden.<\/p><p>Brandredskap finns utplacerade vid alla servicehus. F\u00f6rs\u00e4kra dig om var n\u00e4rmaste finns.<\/p><p>F\u00f6r att minska risken f\u00f6r att eventuell brand ska sprida sig p\u00e5 en campingplats \u00e4r det viktigt att man f\u00f6ljer de rekommenderade avst\u00e5nden f\u00f6r campingenheter och t\u00e4lt. Avst\u00e5ndet mellan tv\u00e5 t\u00e4lt b\u00f6r vara tre meter. Mellan tv\u00e5 campingenheter eller mellan en campingenhet och ett t\u00e4lt b\u00f6r avst\u00e5ndet vara minst fyra meter. T\u00e4nk ocks\u00e5 p\u00e5 att alltid grilla minst en meter fr\u00e5n husvagnen eller t\u00e4ltet och att alltid st\u00e4lla grillen p\u00e5 ett underlag som \u00e4r plant och inte kan b\u00f6rja brinna.<\/p><p><span style=\"color: #800080;\"><strong>Allm\u00e4nna s\u00e4kerhetstips<\/strong><\/span><\/p><ul><li>Anv\u00e4nd aldrig etanol, metanol, T-sprit eller bensin n\u00e4r du grillar.<\/li><li>Var f\u00f6rsiktig med eng\u00e5ngsgrillar d\u00e5 de l\u00e4tt orsakar br\u00e4nder. Ha alltid noggrann uppsikt \u00f6ver eng\u00e5ngsgrillar och undvik att st\u00e4lla dem p\u00e5 gr\u00e4s, det finns risk f\u00f6r att det b\u00f6rjar brinna i gr\u00e4set. Ha alltid vatten till hands s\u00e5 att du snabbt kan sl\u00e4cka eng\u00e5ngsgrillen och t\u00e4nk p\u00e5 att aldrig sl\u00e4nga en het eng\u00e5ngsgrill i en papperskorg.<\/li><li>Ha i \u00e5tanke att f\u00f6rt\u00e4ring av alkohol i samband med grillning \u00f6kar b\u00e5de risken f\u00f6r personolyckor och br\u00e4nder.<\/li><li>Om du grillar med gasol s\u00e5 \u00e4r det viktigt att t\u00e4nka p\u00e5 att kontrollera t\u00e4theten i gasolgrillen och gasolslangar. Om du har elgrill b\u00f6r du kontrollera s\u00e5 att sladdar och kontakter \u00e4r hela.<\/li><li>H\u00e5ll uppsikt \u00f6ver sm\u00e5 barn s\u00e5 att de inte skadar sig p\u00e5 grillen.<\/li><li>Sl\u00e4ng grillkol och eng\u00e5nggrillar i anvisade papperskorgar. Finns vid servicehusen runt om p\u00e5 campingomr\u00e5det.<\/li><\/ul>\t\t\t\t\t\t\t\t<\/div>\n\t\t\t\t<\/div>\n\t\t\t\t\t<\/div>\n\t\t<\/div>\n\t\t\t\t<div class=\"elementor-column elementor-col-16 elementor-top-column elementor-element elementor-element-cd9e158\" data-id=\"cd9e158\" data-element_type=\"column\" data-e-type=\"column\">\n\t\t\t<div class=\"elementor-widget-wrap\">\n\t\t\t\t\t\t\t<\/div>\n\t\t<\/div>\n\t\t\t\t\t<\/div>\n\t\t<\/section>\n\t\t\t\t<\/div>","protected":false},"excerpt":{"rendered":"<p>Grill safely At campsites, the risk of fire in connection with grilling is extra great. Mainly because you often live close to each other, and because tents and caravans burn easily. It is therefore important to remember to always have fire equipment on hand, because once the fire brigade appears on site, it may already [&hellip;]<\/p>\n","protected":false},"author":10,"featured_media":0,"parent":2127,"menu_order":0,"comment_status":"closed","ping_status":"closed","template":"elementor_header_footer","meta":{"_acf_changed":false,"footnotes":""},"class_list":["post-4125","page","type-page","status-publish","hentry"],"acf":[],"yoast_head":"<!-- This site is optimized with the Yoast SEO plugin v26.9 - https:\/\/yoast.com\/product\/yoast-seo-wordpress\/ -->\n<title>Grilla s\u00e4kert - Cape East<\/title>\n<meta name=\"description\" content=\"The minimum age to make a room reservation is 18, and everyone staying in the room must be 18 years of age or older unless accompanied by an adult.\" \/>\n<meta name=\"robots\" content=\"index, follow, max-snippet:-1, max-image-preview:large, max-video-preview:-1\" \/>\n<link rel=\"canonical\" href=\"https:\/\/capeeast.se\/sv\/camping\/grilla-sakert\/\" \/>\n<meta property=\"og:locale\" content=\"sv_SE\" \/>\n<meta property=\"og:type\" content=\"article\" \/>\n<meta property=\"og:title\" content=\"Grilla s\u00e4kert - Cape East\" \/>\n<meta property=\"og:description\" content=\"The minimum age to make a room reservation is 18, and everyone staying in the room must be 18 years of age or older unless accompanied by an adult.\" \/>\n<meta property=\"og:url\" content=\"https:\/\/capeeast.se\/sv\/camping\/grilla-sakert\/\" \/>\n<meta property=\"og:site_name\" content=\"Cape East\" \/>\n<meta property=\"article:publisher\" content=\"https:\/\/www.facebook.com\/CapeEast\/\" \/>\n<meta property=\"article:modified_time\" content=\"2021-05-14T09:58:47+00:00\" \/>\n<meta property=\"og:image\" content=\"https:\/\/capeeast.se\/wp-content\/uploads\/2019\/05\/cape-east.jpg\" \/>\n\t<meta property=\"og:image:width\" content=\"900\" \/>\n\t<meta property=\"og:image:height\" content=\"600\" \/>\n\t<meta property=\"og:image:type\" content=\"image\/jpeg\" \/>\n<meta name=\"twitter:card\" content=\"summary_large_image\" \/>\n<meta name=\"twitter:label1\" content=\"Ber\u00e4knad l\u00e4stid\" \/>\n\t<meta name=\"twitter:data1\" content=\"2 minuter\" \/>\n<script type=\"application\/ld+json\" class=\"yoast-schema-graph\">{\"@context\":\"https:\/\/schema.org\",\"@graph\":[{\"@type\":\"WebPage\",\"@id\":\"https:\/\/capeeast.se\/camping\/grilla-sakert\/\",\"url\":\"https:\/\/capeeast.se\/camping\/grilla-sakert\/\",\"name\":\"Grilla s\u00e4kert - Cape East\",\"isPartOf\":{\"@id\":\"https:\/\/capeeast.se\/#website\"},\"datePublished\":\"2021-05-14T08:31:03+00:00\",\"dateModified\":\"2021-05-14T09:58:47+00:00\",\"description\":\"The minimum age to make a room reservation is 18, and everyone staying in the room must be 18 years of age or older unless accompanied by an adult.\",\"breadcrumb\":{\"@id\":\"https:\/\/capeeast.se\/camping\/grilla-sakert\/#breadcrumb\"},\"inLanguage\":\"sv-SE\",\"potentialAction\":[{\"@type\":\"ReadAction\",\"target\":[\"https:\/\/capeeast.se\/camping\/grilla-sakert\/\"]}]},{\"@type\":\"BreadcrumbList\",\"@id\":\"https:\/\/capeeast.se\/camping\/grilla-sakert\/#breadcrumb\",\"itemListElement\":[{\"@type\":\"ListItem\",\"position\":1,\"name\":\"Home\",\"item\":\"https:\/\/capeeast.se\/\"},{\"@type\":\"ListItem\",\"position\":2,\"name\":\"Camping\",\"item\":\"https:\/\/capeeast.se\/camping\/\"},{\"@type\":\"ListItem\",\"position\":3,\"name\":\"Grilla s\u00e4kert\"}]},{\"@type\":\"WebSite\",\"@id\":\"https:\/\/capeeast.se\/#website\",\"url\":\"https:\/\/capeeast.se\/\",\"name\":\"Cape East\",\"description\":\"Hotel &amp; SPA\",\"publisher\":{\"@id\":\"https:\/\/capeeast.se\/#organization\"},\"potentialAction\":[{\"@type\":\"SearchAction\",\"target\":{\"@type\":\"EntryPoint\",\"urlTemplate\":\"https:\/\/capeeast.se\/?s={search_term_string}\"},\"query-input\":{\"@type\":\"PropertyValueSpecification\",\"valueRequired\":true,\"valueName\":\"search_term_string\"}}],\"inLanguage\":\"sv-SE\"},{\"@type\":\"Organization\",\"@id\":\"https:\/\/capeeast.se\/#organization\",\"name\":\"Cape East\",\"url\":\"https:\/\/capeeast.se\/\",\"logo\":{\"@type\":\"ImageObject\",\"inLanguage\":\"sv-SE\",\"@id\":\"https:\/\/capeeast.se\/#\/schema\/logo\/image\/\",\"url\":\"https:\/\/capeeast.se\/wp-content\/uploads\/2019\/09\/cape_east_grey_transparent.png\",\"contentUrl\":\"https:\/\/capeeast.se\/wp-content\/uploads\/2019\/09\/cape_east_grey_transparent.png\",\"width\":300,\"height\":80,\"caption\":\"Cape East\"},\"image\":{\"@id\":\"https:\/\/capeeast.se\/#\/schema\/logo\/image\/\"},\"sameAs\":[\"https:\/\/www.facebook.com\/CapeEast\/\",\"https:\/\/www.instagram.com\/capeeast_hotelspa\/\"]}]}<\/script>\n<!-- \/ Yoast SEO plugin. -->","yoast_head_json":{"title":"Grilla s\u00e4kert - Cape East","description":"The minimum age to make a room reservation is 18, and everyone staying in the room must be 18 years of age or older unless accompanied by an adult.","robots":{"index":"index","follow":"follow","max-snippet":"max-snippet:-1","max-image-preview":"max-image-preview:large","max-video-preview":"max-video-preview:-1"},"canonical":"https:\/\/capeeast.se\/sv\/camping\/grilla-sakert\/","og_locale":"sv_SE","og_type":"article","og_title":"Grilla s\u00e4kert - Cape East","og_description":"The minimum age to make a room reservation is 18, and everyone staying in the room must be 18 years of age or older unless accompanied by an adult.","og_url":"https:\/\/capeeast.se\/sv\/camping\/grilla-sakert\/","og_site_name":"Cape East","article_publisher":"https:\/\/www.facebook.com\/CapeEast\/","article_modified_time":"2021-05-14T09:58:47+00:00","og_image":[{"width":900,"height":600,"url":"https:\/\/capeeast.se\/wp-content\/uploads\/2019\/05\/cape-east.jpg","type":"image\/jpeg"}],"twitter_card":"summary_large_image","twitter_misc":{"Ber\u00e4knad l\u00e4stid":"2 minuter"},"schema":{"@context":"https:\/\/schema.org","@graph":[{"@type":"WebPage","@id":"https:\/\/capeeast.se\/camping\/grilla-sakert\/","url":"https:\/\/capeeast.se\/camping\/grilla-sakert\/","name":"Grilla s\u00e4kert - Cape East","isPartOf":{"@id":"https:\/\/capeeast.se\/#website"},"datePublished":"2021-05-14T08:31:03+00:00","dateModified":"2021-05-14T09:58:47+00:00","description":"The minimum age to make a room reservation is 18, and everyone staying in the room must be 18 years of age or older unless accompanied by an adult.","breadcrumb":{"@id":"https:\/\/capeeast.se\/camping\/grilla-sakert\/#breadcrumb"},"inLanguage":"sv-SE","potentialAction":[{"@type":"ReadAction","target":["https:\/\/capeeast.se\/camping\/grilla-sakert\/"]}]},{"@type":"BreadcrumbList","@id":"https:\/\/capeeast.se\/camping\/grilla-sakert\/#breadcrumb","itemListElement":[{"@type":"ListItem","position":1,"name":"Home","item":"https:\/\/capeeast.se\/"},{"@type":"ListItem","position":2,"name":"Camping","item":"https:\/\/capeeast.se\/camping\/"},{"@type":"ListItem","position":3,"name":"Grilla s\u00e4kert"}]},{"@type":"WebSite","@id":"https:\/\/capeeast.se\/#website","url":"https:\/\/capeeast.se\/","name":"Cape East","description":"Hotel &amp; SPA","publisher":{"@id":"https:\/\/capeeast.se\/#organization"},"potentialAction":[{"@type":"SearchAction","target":{"@type":"EntryPoint","urlTemplate":"https:\/\/capeeast.se\/?s={search_term_string}"},"query-input":{"@type":"PropertyValueSpecification","valueRequired":true,"valueName":"search_term_string"}}],"inLanguage":"sv-SE"},{"@type":"Organization","@id":"https:\/\/capeeast.se\/#organization","name":"Cape East","url":"https:\/\/capeeast.se\/","logo":{"@type":"ImageObject","inLanguage":"sv-SE","@id":"https:\/\/capeeast.se\/#\/schema\/logo\/image\/","url":"https:\/\/capeeast.se\/wp-content\/uploads\/2019\/09\/cape_east_grey_transparent.png","contentUrl":"https:\/\/capeeast.se\/wp-content\/uploads\/2019\/09\/cape_east_grey_transparent.png","width":300,"height":80,"caption":"Cape East"},"image":{"@id":"https:\/\/capeeast.se\/#\/schema\/logo\/image\/"},"sameAs":["https:\/\/www.facebook.com\/CapeEast\/","https:\/\/www.instagram.com\/capeeast_hotelspa\/"]}]}},"_links":{"self":[{"href":"https:\/\/capeeast.se\/sv\/wp-json\/wp\/v2\/pages\/4125","targetHints":{"allow":["GET"]}}],"collection":[{"href":"https:\/\/capeeast.se\/sv\/wp-json\/wp\/v2\/pages"}],"about":[{"href":"https:\/\/capeeast.se\/sv\/wp-json\/wp\/v2\/types\/page"}],"author":[{"embeddable":true,"href":"https:\/\/capeeast.se\/sv\/wp-json\/wp\/v2\/users\/10"}],"replies":[{"embeddable":true,"href":"https:\/\/capeeast.se\/sv\/wp-json\/wp\/v2\/comments?post=4125"}],"version-history":[{"count":5,"href":"https:\/\/capeeast.se\/sv\/wp-json\/wp\/v2\/pages\/4125\/revisions"}],"predecessor-version":[{"id":4130,"href":"https:\/\/capeeast.se\/sv\/wp-json\/wp\/v2\/pages\/4125\/revisions\/4130"}],"up":[{"embeddable":true,"href":"https:\/\/capeeast.se\/sv\/wp-json\/wp\/v2\/pages\/2127"}],"wp:attachment":[{"href":"https:\/\/capeeast.se\/sv\/wp-json\/wp\/v2\/media?parent=4125"}],"curies":[{"name":"wp","href":"https:\/\/api.w.org\/{rel}","templated":true}]}}