{"id":4119,"date":"2021-05-14T09:23:59","date_gmt":"2021-05-14T08:23:59","guid":{"rendered":"https:\/\/capeeast.se\/?page_id=4119"},"modified":"2021-05-14T10:57:19","modified_gmt":"2021-05-14T09:57:19","slug":"ordningsregler-camping","status":"publish","type":"page","link":"https:\/\/capeeast.se\/sv\/camping\/ordningsregler-camping\/","title":{"rendered":"Ordningsregler camping"},"content":{"rendered":"<div data-elementor-type=\"wp-post\" data-elementor-id=\"4119\" class=\"elementor elementor-4119\" data-elementor-post-type=\"page\">\n\t\t\t\t\t\t<section class=\"elementor-section elementor-top-section elementor-element elementor-element-3ebcc671 elementor-section-boxed elementor-section-height-default elementor-section-height-default\" data-id=\"3ebcc671\" data-element_type=\"section\" data-e-type=\"section\" data-settings=\"{&quot;background_background&quot;:&quot;classic&quot;}\">\n\t\t\t\t\t\t<div class=\"elementor-container elementor-column-gap-default\">\n\t\t\t\t\t<div class=\"elementor-column elementor-col-100 elementor-top-column elementor-element elementor-element-288f46a6\" data-id=\"288f46a6\" data-element_type=\"column\" data-e-type=\"column\">\n\t\t\t<div class=\"elementor-widget-wrap elementor-element-populated\">\n\t\t\t\t\t\t<div class=\"elementor-element elementor-element-6e29fe6f elementor-widget elementor-widget-heading\" data-id=\"6e29fe6f\" data-element_type=\"widget\" data-e-type=\"widget\" data-widget_type=\"heading.default\">\n\t\t\t\t<div class=\"elementor-widget-container\">\n\t\t\t\t\t<h2 class=\"elementor-heading-title elementor-size-default\">Ordningsregler<\/h2>\t\t\t\t<\/div>\n\t\t\t\t<\/div>\n\t\t\t\t<div class=\"elementor-element elementor-element-53c1746e elementor-widget elementor-widget-text-editor\" data-id=\"53c1746e\" data-element_type=\"widget\" data-e-type=\"widget\" data-widget_type=\"text-editor.default\">\n\t\t\t\t<div class=\"elementor-widget-container\">\n\t\t\t\t\t\t\t\t\t<p>V\u00e4lkommen till Cape East Camping, vi hoppas du skall f\u00e5 det trevligt och sk\u00f6nt h\u00e4r.<\/p><p>F\u00f6ljande ordningsregler \u00e4r tillkomna f\u00f6r din och de andra camparnas trevnad. Ordningsreglerna \u00e4r framtagna i samarbete med de nordiska campingorganisationerna.<\/p>\t\t\t\t\t\t\t\t<\/div>\n\t\t\t\t<\/div>\n\t\t\t\t\t<\/div>\n\t\t<\/div>\n\t\t\t\t\t<\/div>\n\t\t<\/section>\n\t\t\t\t<section class=\"elementor-section elementor-top-section elementor-element elementor-element-791e553 elementor-section-boxed elementor-section-height-default elementor-section-height-default\" data-id=\"791e553\" data-element_type=\"section\" data-e-type=\"section\" data-settings=\"{&quot;background_background&quot;:&quot;classic&quot;}\">\n\t\t\t\t\t\t<div class=\"elementor-container elementor-column-gap-default\">\n\t\t\t\t\t<div class=\"elementor-column elementor-col-100 elementor-top-column elementor-element elementor-element-5dd70f9\" data-id=\"5dd70f9\" data-element_type=\"column\" data-e-type=\"column\">\n\t\t\t<div class=\"elementor-widget-wrap elementor-element-populated\">\n\t\t\t\t\t\t<div class=\"elementor-element elementor-element-1d1c447 elementor-widget-divider--view-line elementor-widget elementor-widget-divider\" data-id=\"1d1c447\" data-element_type=\"widget\" data-e-type=\"widget\" data-widget_type=\"divider.default\">\n\t\t\t\t<div class=\"elementor-widget-container\">\n\t\t\t\t\t\t\t<div class=\"elementor-divider\">\n\t\t\t<span class=\"elementor-divider-separator\">\n\t\t\t\t\t\t<\/span>\n\t\t<\/div>\n\t\t\t\t\t\t<\/div>\n\t\t\t\t<\/div>\n\t\t\t\t\t<\/div>\n\t\t<\/div>\n\t\t\t\t\t<\/div>\n\t\t<\/section>\n\t\t\t\t<section class=\"elementor-section elementor-top-section elementor-element elementor-element-b594cde elementor-section-boxed elementor-section-height-default elementor-section-height-default\" data-id=\"b594cde\" data-element_type=\"section\" data-e-type=\"section\" data-settings=\"{&quot;background_background&quot;:&quot;classic&quot;}\">\n\t\t\t\t\t\t<div class=\"elementor-container elementor-column-gap-default\">\n\t\t\t\t\t<div class=\"elementor-column elementor-col-100 elementor-top-column elementor-element elementor-element-ece4d28\" data-id=\"ece4d28\" data-element_type=\"column\" data-e-type=\"column\">\n\t\t\t<div class=\"elementor-widget-wrap elementor-element-populated\">\n\t\t\t\t\t\t<div class=\"elementor-element elementor-element-211ab8f elementor-widget elementor-widget-text-editor\" data-id=\"211ab8f\" data-element_type=\"widget\" data-e-type=\"widget\" data-widget_type=\"text-editor.default\">\n\t\t\t\t<div class=\"elementor-widget-container\">\n\t\t\t\t\t\t\t\t\t<div class=\"elementor-element elementor-element-01c676c elementor-widget elementor-widget-heading\" data-id=\"01c676c\" data-element_type=\"widget\" data-widget_type=\"heading.default\"><div class=\"elementor-widget-container\"><h5 class=\"elementor-heading-title elementor-size-default\" style=\"text-align: center;\"><span style=\"color: #800080;\">F\u00f6r dig med campingplats<\/span><\/h5><\/div><\/div>\t\t\t\t\t\t\t\t<\/div>\n\t\t\t\t<\/div>\n\t\t\t\t\t<\/div>\n\t\t<\/div>\n\t\t\t\t\t<\/div>\n\t\t<\/section>\n\t\t\t\t<section class=\"elementor-section elementor-top-section elementor-element elementor-element-48ac330 elementor-section-boxed elementor-section-height-default elementor-section-height-default\" data-id=\"48ac330\" data-element_type=\"section\" data-e-type=\"section\" data-settings=\"{&quot;background_background&quot;:&quot;classic&quot;}\">\n\t\t\t\t\t\t<div class=\"elementor-container elementor-column-gap-default\">\n\t\t\t\t\t<div class=\"elementor-column elementor-col-50 elementor-top-column elementor-element elementor-element-caaafff\" data-id=\"caaafff\" data-element_type=\"column\" data-e-type=\"column\">\n\t\t\t<div class=\"elementor-widget-wrap elementor-element-populated\">\n\t\t\t\t\t\t<div class=\"elementor-element elementor-element-bc447c4 elementor-widget elementor-widget-text-editor\" data-id=\"bc447c4\" data-element_type=\"widget\" data-e-type=\"widget\" data-widget_type=\"text-editor.default\">\n\t\t\t\t<div class=\"elementor-widget-container\">\n\t\t\t\t\t\t\t\t\t<div class=\"elementor-element elementor-element-ea1c3f0 elementor-widget elementor-widget-text-editor\" data-id=\"ea1c3f0\" data-element_type=\"widget\" data-widget_type=\"text-editor.default\"><div class=\"elementor-widget-container\"><div class=\"elementor-text-editor elementor-clearfix\"><ul><li style=\"text-align: left;\"><strong>Anm\u00e4l<\/strong> dig i receptionen genast vid ankomsten. L\u00e4mna samtidigt \u00f6ver <strong>Ditt Campingkort<\/strong>. Grupper anm\u00e4ls av gruppledaren. Meddela direkt vid anm\u00e4lan om Du har med dig extra t\u00e4lt, b\u00e5t etc.\u00a0<\/li><li style=\"text-align: left;\">Om Du erh\u00e5ller ett <strong>Tillf\u00e4lligt Campingkort,<\/strong>beh\u00e5ller receptionen det tills avresedagen. Tillf\u00e4lliga bes\u00f6kande ombedes parkera sitt fordon p\u00e5 parkeringsplatsen utanf\u00f6r omr\u00e5det. Ibland tas en avgift ut av tillf\u00e4lliga bes\u00f6kande.<\/li><li style=\"text-align: left;\"><strong>Avgifter:<\/strong>Se separat prislista.<\/li><li style=\"text-align: left;\">Campingv\u00e4rden och \u00f6vrig personal \u00e4r ansvarig f\u00f6r <strong>lugn och ordning, <\/strong>och hj\u00e4lper till om det uppst\u00e5r problem.<\/li><li style=\"text-align: left;\"><strong>All t\u00e4ltutrustning<\/strong>\u00a0av normal typ och storlek f\u00e5r anv\u00e4ndas. D\u00e4remot \u00e4r det inte till\u00e5tet att s\u00e4tta upp s.k. t\u00e4lthus av permanent karakt\u00e4r. Husvagnar ska vara inregistrerade till anv\u00e4ndning till motordrivet fordon.<\/li><li style=\"text-align: left;\" class=\"translation-block\">Your own&nbsp;<strong>fixed devices<\/strong>&nbsp;by tent or caravan, such as fences and guardrails are not allowed. Ask if you have doubts about what you have the right to do. Ensure that gas and electrical equipment are tested and approved in accordance with applicable regulations.<\/li><li style=\"text-align: left;\">St\u00f6r inte\u00a0<strong>lugnet<\/strong>\u00a0p\u00e5 campingplatsen med motordrivet fordon mer \u00e4n absolut n\u00f6dv\u00e4ndigt. K\u00f6r i g\u00e5nghastighet och s\u00e5 korta str\u00e4ckor som m\u00f6jligt.<\/li><li style=\"text-align: left;\">En generell regel p\u00e5 campingplatser \u00e4r att\u00a0<strong>visa h\u00e4nsyn.<\/strong>St\u00f6rande upptr\u00e4dande \u00e4r inte till\u00e5tet. Mellan 23:00 och 07:00 ska det vara tyst p\u00e5 campingplatsen.<\/li><\/ul><\/div><\/div><\/div>\t\t\t\t\t\t\t\t<\/div>\n\t\t\t\t<\/div>\n\t\t\t\t\t<\/div>\n\t\t<\/div>\n\t\t\t\t<div class=\"elementor-column elementor-col-50 elementor-top-column elementor-element elementor-element-570e61a\" data-id=\"570e61a\" data-element_type=\"column\" data-e-type=\"column\">\n\t\t\t<div class=\"elementor-widget-wrap elementor-element-populated\">\n\t\t\t\t\t\t<div class=\"elementor-element elementor-element-3ca53fa elementor-widget elementor-widget-text-editor\" data-id=\"3ca53fa\" data-element_type=\"widget\" data-e-type=\"widget\" data-widget_type=\"text-editor.default\">\n\t\t\t\t<div class=\"elementor-widget-container\">\n\t\t\t\t\t\t\t\t\t<ul><li style=\"text-align: left;\">Hj\u00e4lp barnen att hitta platser som \u00e4r l\u00e4mpliga f\u00f6r\u00a0<strong>lek och bollspel.<\/strong>P\u00e5 de flesta platser finns speciella lekplatser och bollplaner iordningst\u00e4llda. Att kasta eller sparka boll bland t\u00e4lten och husvagnarna kan inte accepteras.<\/li><li style=\"text-align: left;\">Hund\u00e4gare ombedes visa st\u00f6rsta m\u00f6jliga h\u00e4nsyn mot \u00f6vriga g\u00e4ster. H\u00e5ll\u00a0<strong>hunden<\/strong>\u00a0i kort koppel och rasta den p\u00e5 anvisad plats eller utanf\u00f6r omr\u00e5det. Anv\u00e4nd hundtoaletter.<\/li><li style=\"text-align: left;\"><strong>F\u00f6rs\u00e4ljning<\/strong>\u00a0vid och inom campingplatsen f\u00e5r bara f\u00f6rekomma med f\u00f6rest\u00e5ndarens tillst\u00e5nd.<\/li><li style=\"text-align: left;\">Hj\u00e4lp oss att h\u00e5lla campingplatsen ren och skr\u00e4pfri. Anv\u00e4nd\u00a0<strong>soph\u00e5llarna<\/strong>\u00a0som finns inom omr\u00e5det.<\/li><li style=\"text-align: left;\">L\u00e4mna de\u00a0<strong>gemensamma utrymmena<\/strong>\u00a0(toaletter, tv\u00e4tt- och duschrum, k\u00f6k och disk) i samma skick som Du sj\u00e4lv \u00f6nskar finna dem.<\/li><li style=\"text-align: left;\"><strong>Biltv\u00e4tt<\/strong>\u00a0f\u00e5r endast ske p\u00e5 anvisad plats.<\/li><li style=\"text-align: left;\"><strong>Avresa.<\/strong>Om inte annat avtalats med receptionen s\u00e5 ska campingtomten vara utrymd och st\u00e4dad f\u00f6re kl. 12:00 p\u00e5 avresedagen. Detta med h\u00e4nsyn till nya g\u00e4ster. Vi \u00e4r tacksamma f\u00f6r besked om avresedagen i god tid, s\u00e4rskilt under h\u00f6gs\u00e4song.<\/li><li style=\"text-align: left;\">Campingv\u00e4rden eller personalen\u00a0<strong>ansvarar inte<\/strong>\u00a0f\u00f6r skador p\u00e5 eller f\u00f6rlust campingg\u00e4sternas \u00e4godelar. Den som skadar byggnader, material eller andra campares \u00e4godelar kan g\u00f6ras ers\u00e4ttningsskyldig enligt g\u00e4llande regler.<\/li><\/ul>\t\t\t\t\t\t\t\t<\/div>\n\t\t\t\t<\/div>\n\t\t\t\t\t<\/div>\n\t\t<\/div>\n\t\t\t\t\t<\/div>\n\t\t<\/section>\n\t\t\t\t<\/div>","protected":false},"excerpt":{"rendered":"<p>Rules of conduct Welcome to Cape East Camping, we hope you will enjoy your stay. The following rules of conducts are for your and other campers comfort. The rules of conduct have been developed in collaboration with the Nordic camping organizations. Campsite guests Sign up at the reception immediately upon arrival. Hand over Your Camping [&hellip;]<\/p>\n","protected":false},"author":10,"featured_media":0,"parent":2127,"menu_order":0,"comment_status":"closed","ping_status":"closed","template":"elementor_header_footer","meta":{"_acf_changed":false,"footnotes":""},"class_list":["post-4119","page","type-page","status-publish","hentry"],"acf":[],"yoast_head":"<!-- This site is optimized with the Yoast SEO plugin v26.9 - https:\/\/yoast.com\/product\/yoast-seo-wordpress\/ -->\n<title>Ordningsregler camping - Cape East<\/title>\n<meta name=\"description\" content=\"The minimum age to make a room reservation is 18, and everyone staying in the room must be 18 years of age or older unless accompanied by an adult.\" \/>\n<meta name=\"robots\" content=\"index, follow, max-snippet:-1, max-image-preview:large, max-video-preview:-1\" \/>\n<link rel=\"canonical\" href=\"https:\/\/capeeast.se\/sv\/camping\/ordningsregler-camping\/\" \/>\n<meta property=\"og:locale\" content=\"sv_SE\" \/>\n<meta property=\"og:type\" content=\"article\" \/>\n<meta property=\"og:title\" content=\"Ordningsregler camping - Cape East\" \/>\n<meta property=\"og:description\" content=\"The minimum age to make a room reservation is 18, and everyone staying in the room must be 18 years of age or older unless accompanied by an adult.\" \/>\n<meta property=\"og:url\" content=\"https:\/\/capeeast.se\/sv\/camping\/ordningsregler-camping\/\" \/>\n<meta property=\"og:site_name\" content=\"Cape East\" \/>\n<meta property=\"article:publisher\" content=\"https:\/\/www.facebook.com\/CapeEast\/\" \/>\n<meta property=\"article:modified_time\" content=\"2021-05-14T09:57:19+00:00\" \/>\n<meta property=\"og:image\" content=\"https:\/\/capeeast.se\/wp-content\/uploads\/2019\/05\/cape-east.jpg\" \/>\n\t<meta property=\"og:image:width\" content=\"900\" \/>\n\t<meta property=\"og:image:height\" content=\"600\" \/>\n\t<meta property=\"og:image:type\" content=\"image\/jpeg\" \/>\n<meta name=\"twitter:card\" content=\"summary_large_image\" \/>\n<meta name=\"twitter:label1\" content=\"Ber\u00e4knad l\u00e4stid\" \/>\n\t<meta name=\"twitter:data1\" content=\"2 minuter\" \/>\n<script type=\"application\/ld+json\" class=\"yoast-schema-graph\">{\"@context\":\"https:\/\/schema.org\",\"@graph\":[{\"@type\":\"WebPage\",\"@id\":\"https:\/\/capeeast.se\/sv\/camping\/ordningsregler-camping\/\",\"url\":\"https:\/\/capeeast.se\/sv\/camping\/ordningsregler-camping\/\",\"name\":\"Ordningsregler camping - Cape East\",\"isPartOf\":{\"@id\":\"https:\/\/capeeast.se\/#website\"},\"datePublished\":\"2021-05-14T08:23:59+00:00\",\"dateModified\":\"2021-05-14T09:57:19+00:00\",\"description\":\"The minimum age to make a room reservation is 18, and everyone staying in the room must be 18 years of age or older unless accompanied by an adult.\",\"breadcrumb\":{\"@id\":\"https:\/\/capeeast.se\/sv\/camping\/ordningsregler-camping\/#breadcrumb\"},\"inLanguage\":\"sv-SE\",\"potentialAction\":[{\"@type\":\"ReadAction\",\"target\":[\"https:\/\/capeeast.se\/sv\/camping\/ordningsregler-camping\/\"]}]},{\"@type\":\"BreadcrumbList\",\"@id\":\"https:\/\/capeeast.se\/sv\/camping\/ordningsregler-camping\/#breadcrumb\",\"itemListElement\":[{\"@type\":\"ListItem\",\"position\":1,\"name\":\"Home\",\"item\":\"https:\/\/capeeast.se\/\"},{\"@type\":\"ListItem\",\"position\":2,\"name\":\"Camping\",\"item\":\"https:\/\/capeeast.se\/camping\/\"},{\"@type\":\"ListItem\",\"position\":3,\"name\":\"Ordningsregler camping\"}]},{\"@type\":\"WebSite\",\"@id\":\"https:\/\/capeeast.se\/#website\",\"url\":\"https:\/\/capeeast.se\/\",\"name\":\"Cape East\",\"description\":\"Hotel &amp; SPA\",\"publisher\":{\"@id\":\"https:\/\/capeeast.se\/#organization\"},\"potentialAction\":[{\"@type\":\"SearchAction\",\"target\":{\"@type\":\"EntryPoint\",\"urlTemplate\":\"https:\/\/capeeast.se\/?s={search_term_string}\"},\"query-input\":{\"@type\":\"PropertyValueSpecification\",\"valueRequired\":true,\"valueName\":\"search_term_string\"}}],\"inLanguage\":\"sv-SE\"},{\"@type\":\"Organization\",\"@id\":\"https:\/\/capeeast.se\/#organization\",\"name\":\"Cape East\",\"url\":\"https:\/\/capeeast.se\/\",\"logo\":{\"@type\":\"ImageObject\",\"inLanguage\":\"sv-SE\",\"@id\":\"https:\/\/capeeast.se\/#\/schema\/logo\/image\/\",\"url\":\"https:\/\/capeeast.se\/wp-content\/uploads\/2019\/09\/cape_east_grey_transparent.png\",\"contentUrl\":\"https:\/\/capeeast.se\/wp-content\/uploads\/2019\/09\/cape_east_grey_transparent.png\",\"width\":300,\"height\":80,\"caption\":\"Cape East\"},\"image\":{\"@id\":\"https:\/\/capeeast.se\/#\/schema\/logo\/image\/\"},\"sameAs\":[\"https:\/\/www.facebook.com\/CapeEast\/\",\"https:\/\/www.instagram.com\/capeeast_hotelspa\/\"]}]}<\/script>\n<!-- \/ Yoast SEO plugin. -->","yoast_head_json":{"title":"Ordningsregler camping - Cape East","description":"The minimum age to make a room reservation is 18, and everyone staying in the room must be 18 years of age or older unless accompanied by an adult.","robots":{"index":"index","follow":"follow","max-snippet":"max-snippet:-1","max-image-preview":"max-image-preview:large","max-video-preview":"max-video-preview:-1"},"canonical":"https:\/\/capeeast.se\/sv\/camping\/ordningsregler-camping\/","og_locale":"sv_SE","og_type":"article","og_title":"Ordningsregler camping - Cape East","og_description":"The minimum age to make a room reservation is 18, and everyone staying in the room must be 18 years of age or older unless accompanied by an adult.","og_url":"https:\/\/capeeast.se\/sv\/camping\/ordningsregler-camping\/","og_site_name":"Cape East","article_publisher":"https:\/\/www.facebook.com\/CapeEast\/","article_modified_time":"2021-05-14T09:57:19+00:00","og_image":[{"width":900,"height":600,"url":"https:\/\/capeeast.se\/wp-content\/uploads\/2019\/05\/cape-east.jpg","type":"image\/jpeg"}],"twitter_card":"summary_large_image","twitter_misc":{"Ber\u00e4knad l\u00e4stid":"2 minuter"},"schema":{"@context":"https:\/\/schema.org","@graph":[{"@type":"WebPage","@id":"https:\/\/capeeast.se\/sv\/camping\/ordningsregler-camping\/","url":"https:\/\/capeeast.se\/sv\/camping\/ordningsregler-camping\/","name":"Ordningsregler camping - Cape East","isPartOf":{"@id":"https:\/\/capeeast.se\/#website"},"datePublished":"2021-05-14T08:23:59+00:00","dateModified":"2021-05-14T09:57:19+00:00","description":"The minimum age to make a room reservation is 18, and everyone staying in the room must be 18 years of age or older unless accompanied by an adult.","breadcrumb":{"@id":"https:\/\/capeeast.se\/sv\/camping\/ordningsregler-camping\/#breadcrumb"},"inLanguage":"sv-SE","potentialAction":[{"@type":"ReadAction","target":["https:\/\/capeeast.se\/sv\/camping\/ordningsregler-camping\/"]}]},{"@type":"BreadcrumbList","@id":"https:\/\/capeeast.se\/sv\/camping\/ordningsregler-camping\/#breadcrumb","itemListElement":[{"@type":"ListItem","position":1,"name":"Home","item":"https:\/\/capeeast.se\/"},{"@type":"ListItem","position":2,"name":"Camping","item":"https:\/\/capeeast.se\/camping\/"},{"@type":"ListItem","position":3,"name":"Ordningsregler camping"}]},{"@type":"WebSite","@id":"https:\/\/capeeast.se\/#website","url":"https:\/\/capeeast.se\/","name":"Cape East","description":"Hotel &amp; SPA","publisher":{"@id":"https:\/\/capeeast.se\/#organization"},"potentialAction":[{"@type":"SearchAction","target":{"@type":"EntryPoint","urlTemplate":"https:\/\/capeeast.se\/?s={search_term_string}"},"query-input":{"@type":"PropertyValueSpecification","valueRequired":true,"valueName":"search_term_string"}}],"inLanguage":"sv-SE"},{"@type":"Organization","@id":"https:\/\/capeeast.se\/#organization","name":"Cape East","url":"https:\/\/capeeast.se\/","logo":{"@type":"ImageObject","inLanguage":"sv-SE","@id":"https:\/\/capeeast.se\/#\/schema\/logo\/image\/","url":"https:\/\/capeeast.se\/wp-content\/uploads\/2019\/09\/cape_east_grey_transparent.png","contentUrl":"https:\/\/capeeast.se\/wp-content\/uploads\/2019\/09\/cape_east_grey_transparent.png","width":300,"height":80,"caption":"Cape East"},"image":{"@id":"https:\/\/capeeast.se\/#\/schema\/logo\/image\/"},"sameAs":["https:\/\/www.facebook.com\/CapeEast\/","https:\/\/www.instagram.com\/capeeast_hotelspa\/"]}]}},"_links":{"self":[{"href":"https:\/\/capeeast.se\/sv\/wp-json\/wp\/v2\/pages\/4119","targetHints":{"allow":["GET"]}}],"collection":[{"href":"https:\/\/capeeast.se\/sv\/wp-json\/wp\/v2\/pages"}],"about":[{"href":"https:\/\/capeeast.se\/sv\/wp-json\/wp\/v2\/types\/page"}],"author":[{"embeddable":true,"href":"https:\/\/capeeast.se\/sv\/wp-json\/wp\/v2\/users\/10"}],"replies":[{"embeddable":true,"href":"https:\/\/capeeast.se\/sv\/wp-json\/wp\/v2\/comments?post=4119"}],"version-history":[{"count":12,"href":"https:\/\/capeeast.se\/sv\/wp-json\/wp\/v2\/pages\/4119\/revisions"}],"predecessor-version":[{"id":4149,"href":"https:\/\/capeeast.se\/sv\/wp-json\/wp\/v2\/pages\/4119\/revisions\/4149"}],"up":[{"embeddable":true,"href":"https:\/\/capeeast.se\/sv\/wp-json\/wp\/v2\/pages\/2127"}],"wp:attachment":[{"href":"https:\/\/capeeast.se\/sv\/wp-json\/wp\/v2\/media?parent=4119"}],"curies":[{"name":"wp","href":"https:\/\/api.w.org\/{rel}","templated":true}]}}