{"id":3140,"date":"2020-10-08T14:03:50","date_gmt":"2020-10-08T13:03:50","guid":{"rendered":"https:\/\/capeeast.se\/?page_id=3140"},"modified":"2020-10-08T14:08:42","modified_gmt":"2020-10-08T13:08:42","slug":"yescapeeast","status":"publish","type":"page","link":"https:\/\/capeeast.se\/sv\/yescapeeast\/","title":{"rendered":"#yescapeeast"},"content":{"rendered":"<div data-elementor-type=\"wp-page\" data-elementor-id=\"3140\" class=\"elementor elementor-3140\" data-elementor-post-type=\"page\">\n\t\t\t\t\t\t<section class=\"elementor-section elementor-top-section elementor-element elementor-element-18c0056 elementor-section-boxed elementor-section-height-default elementor-section-height-default\" data-id=\"18c0056\" data-element_type=\"section\" data-e-type=\"section\">\n\t\t\t\t\t\t<div class=\"elementor-container elementor-column-gap-default\">\n\t\t\t\t\t<div class=\"elementor-column elementor-col-100 elementor-top-column elementor-element elementor-element-4775658\" data-id=\"4775658\" data-element_type=\"column\" data-e-type=\"column\">\n\t\t\t<div class=\"elementor-widget-wrap elementor-element-populated\">\n\t\t\t\t\t\t<div class=\"elementor-element elementor-element-a01359a elementor-widget elementor-widget-text-editor\" data-id=\"a01359a\" data-element_type=\"widget\" data-e-type=\"widget\" data-widget_type=\"text-editor.default\">\n\t\t\t\t<div class=\"elementor-widget-container\">\n\t\t\t\t\t\t\t\t\t<p><\/p><h4 class=\"wp-block-heading\"><strong style=\"color: inherit; font-family: inherit; font-size: 1.5rem;\">#YESCAPEEAST<\/strong><\/h4><p>Vi tycker det \u00e4r roligt att se v\u00e5ra bes\u00f6kare uppt\u00e4cka Cape East, ni \u00e4r v\u00e5ra st\u00f6rsta ambassad\u00f6rer och vi vet att ni tar fantastiska bilder. N\u00e4r vi ser n\u00e5got vi inspireras av ber vi ibland om lov att f\u00e5 anv\u00e4nda den bilden\/videon i v\u00e5ra egna kanaler. Bilderna publiceras fr\u00e4mst p\u00e5 v\u00e5r webbplats f\u00f6r att ge andra kunder en glimt hur det \u00e4r att bes\u00f6ka Cape East. De kan i vissa fall ocks\u00e5 publiceras i n\u00e5gon av v\u00e5ra andra kanaler, t.ex. Instagram, Facebook eller i Nyhetsbrev. Den text som tillh\u00f6r bilden, b\u00e5de bildtext och kommentarer, kan vi v\u00e4lja att publicera i original eller redigerad form, eller att inte publicera om vi har f\u00e5tt lov att anv\u00e4nda bilden. \nOm du godk\u00e4nner att vi publicerar din bild anv\u00e4nder du hashtaggen #yescapeeast n\u00e4r du postar bilden, eller som svar i kommentarerna om vi har skickat en f\u00f6rfr\u00e5gan att f\u00e5 anv\u00e4nda den.<\/p><p class=\"translation-block\">Genom att svara p\u00e5 v\u00e5r beg\u00e4ran med hashtaggen #yescapeeast, godk\u00e4nner du f\u00f6ljande:<\/p><p>Du ger Cape East, en icke-exklusiv, royaltyfri, v\u00e4rldsomsp\u00e4nnande licens att anv\u00e4nda bilder\/inl\u00e4gg, nedan kallade \u201dbilder\u201d, som du har taggat eller svarat med #yescapeeast vid f\u00f6rfr\u00e5gan, i v\u00e5r marknadsf\u00f6ring och\/eller sin reklam, inklusive i galleriet p\u00e5 webbplatsen, nyhetsbrev, affischer, annonser, e-post och annan kundkommunikation, butiksexponering och andra marknadsf\u00f6ringssyften.<\/p><p>Du intygar och f\u00f6rs\u00e4krar h\u00e4rmed ocks\u00e5 att du \u00e4ger alla r\u00e4ttigheter till dina bilder och texter, du har f\u00e5tt till\u00e5telse fr\u00e5n alla eventuella personer som syns i dina bilder att \u00f6verl\u00e5ta r\u00e4ttigheterna h\u00e4ri, och Cape Easts anv\u00e4ndning av dina bilder inte kommer att kr\u00e4nka n\u00e5gon tredje parts r\u00e4ttigheter eller strida mot n\u00e5gon lag.<\/p><p>H\u00e4rmed befriar du Cape East fr\u00e5n alla skyldigheter att betala dig f\u00f6r anv\u00e4ndning av dina bilder och f\u00f6r de immateriella r\u00e4ttigheterna till dem i samband med ovan beskrivna anv\u00e4ndningsformer och h\u00e4rmed befriar du och accepterar att h\u00e5lla Cape East och alla personer som handlar f\u00f6r Cape East r\u00e4kning skadesl\u00f6sa f\u00f6r alla eventuella anspr\u00e5k, krav och ansvarsskyldigheter, oavsett art, i samband med anv\u00e4ndningen av bilderna enligt ovanst\u00e5ende beskrivning.<\/p><p>Har du fr\u00e5gor eller funderingar \u00e4r du v\u00e4lkommen att kontakta oss: marknad@capeeast.se <a href=\"mailto:marknad@capeeast.se\">marknad@capeeast.se<\/a><\/p><p>Om du vill dra tillbaka ditt samtycke till att dela dina bilder med Cape East, m\u00e5ste du kontakta oss genom att klicka p\u00e5 \"i\" -ikonen i det nedre v\u00e4nstra h\u00f6rnet i din delade bild som publiceras p\u00e5 v\u00e5r webbplats. Ikonen kommer att l\u00e4nka dig till ett formul\u00e4r d\u00e4r du kan skicka din beg\u00e4ran om att \u00e5terkalla ditt samtycke.<\/p><p><\/p>\t\t\t\t\t\t\t\t<\/div>\n\t\t\t\t<\/div>\n\t\t\t\t<div class=\"elementor-element elementor-element-d2d973a elementor-align-center elementor-widget elementor-widget-button\" data-id=\"d2d973a\" data-element_type=\"widget\" data-e-type=\"widget\" data-widget_type=\"button.default\">\n\t\t\t\t<div class=\"elementor-widget-container\">\n\t\t\t\t\t\t\t\t\t<div class=\"elementor-button-wrapper\">\n\t\t\t\t\t<a class=\"elementor-button elementor-button-link elementor-size-sm\" href=\"\/sv\/inspiration\/\">\n\t\t\t\t\t\t<span class=\"elementor-button-content-wrapper\">\n\t\t\t\t\t\t\t\t\t<span class=\"elementor-button-text\">se alla bilder \u279c<\/span>\n\t\t\t\t\t<\/span>\n\t\t\t\t\t<\/a>\n\t\t\t\t<\/div>\n\t\t\t\t\t\t\t\t<\/div>\n\t\t\t\t<\/div>\n\t\t\t\t\t<\/div>\n\t\t<\/div>\n\t\t\t\t\t<\/div>\n\t\t<\/section>\n\t\t\t\t<\/div>","protected":false},"excerpt":{"rendered":"<p>#YESCAPEEAST We love to see our visitors discover Cape East, you are our greatest ambassadors and we know you take amazing photographs. When we see something we are inspired by, we sometimes ask permission to use that image\/video in our own channels. The photos are published primarily on our website to give other customers a [&hellip;]<\/p>\n","protected":false},"author":10,"featured_media":0,"parent":0,"menu_order":0,"comment_status":"closed","ping_status":"closed","template":"","meta":{"_acf_changed":false,"footnotes":""},"class_list":["post-3140","page","type-page","status-publish","hentry"],"acf":[],"yoast_head":"<!-- This site is optimized with the Yoast SEO plugin v26.9 - https:\/\/yoast.com\/product\/yoast-seo-wordpress\/ -->\n<title>#yescapeeast - Cape East<\/title>\n<meta name=\"robots\" content=\"index, follow, max-snippet:-1, max-image-preview:large, max-video-preview:-1\" \/>\n<link rel=\"canonical\" href=\"https:\/\/capeeast.se\/sv\/yescapeeast\/\" \/>\n<meta property=\"og:locale\" content=\"sv_SE\" \/>\n<meta property=\"og:type\" content=\"article\" \/>\n<meta property=\"og:title\" content=\"#yescapeeast - Cape East\" \/>\n<meta property=\"og:description\" content=\"#YESCAPEEAST We love to see our visitors discover Cape East, you are our greatest ambassadors and we know you take amazing photographs. When we see something we are inspired by, we sometimes ask permission to use that image\/video in our own channels. The photos are published primarily on our website to give other customers a [&hellip;]\" \/>\n<meta property=\"og:url\" content=\"https:\/\/capeeast.se\/sv\/yescapeeast\/\" \/>\n<meta property=\"og:site_name\" content=\"Cape East\" \/>\n<meta property=\"article:publisher\" content=\"https:\/\/www.facebook.com\/CapeEast\/\" \/>\n<meta property=\"article:modified_time\" content=\"2020-10-08T13:08:42+00:00\" \/>\n<meta property=\"og:image\" content=\"https:\/\/capeeast.se\/wp-content\/uploads\/2019\/05\/cape-east.jpg\" \/>\n\t<meta property=\"og:image:width\" content=\"900\" \/>\n\t<meta property=\"og:image:height\" content=\"600\" \/>\n\t<meta property=\"og:image:type\" content=\"image\/jpeg\" \/>\n<meta name=\"twitter:card\" content=\"summary_large_image\" \/>\n<meta name=\"twitter:label1\" content=\"Ber\u00e4knad l\u00e4stid\" \/>\n\t<meta name=\"twitter:data1\" content=\"2 minuter\" \/>\n<script type=\"application\/ld+json\" class=\"yoast-schema-graph\">{\"@context\":\"https:\/\/schema.org\",\"@graph\":[{\"@type\":\"WebPage\",\"@id\":\"https:\/\/capeeast.se\/yescapeeast\/\",\"url\":\"https:\/\/capeeast.se\/yescapeeast\/\",\"name\":\"#yescapeeast - Cape East\",\"isPartOf\":{\"@id\":\"https:\/\/capeeast.se\/#website\"},\"datePublished\":\"2020-10-08T13:03:50+00:00\",\"dateModified\":\"2020-10-08T13:08:42+00:00\",\"breadcrumb\":{\"@id\":\"https:\/\/capeeast.se\/yescapeeast\/#breadcrumb\"},\"inLanguage\":\"sv-SE\",\"potentialAction\":[{\"@type\":\"ReadAction\",\"target\":[\"https:\/\/capeeast.se\/yescapeeast\/\"]}]},{\"@type\":\"BreadcrumbList\",\"@id\":\"https:\/\/capeeast.se\/yescapeeast\/#breadcrumb\",\"itemListElement\":[{\"@type\":\"ListItem\",\"position\":1,\"name\":\"Home\",\"item\":\"https:\/\/capeeast.se\/\"},{\"@type\":\"ListItem\",\"position\":2,\"name\":\"#yescapeeast\"}]},{\"@type\":\"WebSite\",\"@id\":\"https:\/\/capeeast.se\/#website\",\"url\":\"https:\/\/capeeast.se\/\",\"name\":\"Cape East\",\"description\":\"Hotel &amp; SPA\",\"publisher\":{\"@id\":\"https:\/\/capeeast.se\/#organization\"},\"potentialAction\":[{\"@type\":\"SearchAction\",\"target\":{\"@type\":\"EntryPoint\",\"urlTemplate\":\"https:\/\/capeeast.se\/?s={search_term_string}\"},\"query-input\":{\"@type\":\"PropertyValueSpecification\",\"valueRequired\":true,\"valueName\":\"search_term_string\"}}],\"inLanguage\":\"sv-SE\"},{\"@type\":\"Organization\",\"@id\":\"https:\/\/capeeast.se\/#organization\",\"name\":\"Cape East\",\"url\":\"https:\/\/capeeast.se\/\",\"logo\":{\"@type\":\"ImageObject\",\"inLanguage\":\"sv-SE\",\"@id\":\"https:\/\/capeeast.se\/#\/schema\/logo\/image\/\",\"url\":\"https:\/\/capeeast.se\/wp-content\/uploads\/2019\/09\/cape_east_grey_transparent.png\",\"contentUrl\":\"https:\/\/capeeast.se\/wp-content\/uploads\/2019\/09\/cape_east_grey_transparent.png\",\"width\":300,\"height\":80,\"caption\":\"Cape East\"},\"image\":{\"@id\":\"https:\/\/capeeast.se\/#\/schema\/logo\/image\/\"},\"sameAs\":[\"https:\/\/www.facebook.com\/CapeEast\/\",\"https:\/\/www.instagram.com\/capeeast_hotelspa\/\"]}]}<\/script>\n<!-- \/ Yoast SEO plugin. -->","yoast_head_json":{"title":"#yescapeeast - Cape East","robots":{"index":"index","follow":"follow","max-snippet":"max-snippet:-1","max-image-preview":"max-image-preview:large","max-video-preview":"max-video-preview:-1"},"canonical":"https:\/\/capeeast.se\/sv\/yescapeeast\/","og_locale":"sv_SE","og_type":"article","og_title":"#yescapeeast - Cape East","og_description":"#YESCAPEEAST We love to see our visitors discover Cape East, you are our greatest ambassadors and we know you take amazing photographs. When we see something we are inspired by, we sometimes ask permission to use that image\/video in our own channels. The photos are published primarily on our website to give other customers a [&hellip;]","og_url":"https:\/\/capeeast.se\/sv\/yescapeeast\/","og_site_name":"Cape East","article_publisher":"https:\/\/www.facebook.com\/CapeEast\/","article_modified_time":"2020-10-08T13:08:42+00:00","og_image":[{"width":900,"height":600,"url":"https:\/\/capeeast.se\/wp-content\/uploads\/2019\/05\/cape-east.jpg","type":"image\/jpeg"}],"twitter_card":"summary_large_image","twitter_misc":{"Ber\u00e4knad l\u00e4stid":"2 minuter"},"schema":{"@context":"https:\/\/schema.org","@graph":[{"@type":"WebPage","@id":"https:\/\/capeeast.se\/yescapeeast\/","url":"https:\/\/capeeast.se\/yescapeeast\/","name":"#yescapeeast - Cape East","isPartOf":{"@id":"https:\/\/capeeast.se\/#website"},"datePublished":"2020-10-08T13:03:50+00:00","dateModified":"2020-10-08T13:08:42+00:00","breadcrumb":{"@id":"https:\/\/capeeast.se\/yescapeeast\/#breadcrumb"},"inLanguage":"sv-SE","potentialAction":[{"@type":"ReadAction","target":["https:\/\/capeeast.se\/yescapeeast\/"]}]},{"@type":"BreadcrumbList","@id":"https:\/\/capeeast.se\/yescapeeast\/#breadcrumb","itemListElement":[{"@type":"ListItem","position":1,"name":"Home","item":"https:\/\/capeeast.se\/"},{"@type":"ListItem","position":2,"name":"#yescapeeast"}]},{"@type":"WebSite","@id":"https:\/\/capeeast.se\/#website","url":"https:\/\/capeeast.se\/","name":"Cape East","description":"Hotel &amp; SPA","publisher":{"@id":"https:\/\/capeeast.se\/#organization"},"potentialAction":[{"@type":"SearchAction","target":{"@type":"EntryPoint","urlTemplate":"https:\/\/capeeast.se\/?s={search_term_string}"},"query-input":{"@type":"PropertyValueSpecification","valueRequired":true,"valueName":"search_term_string"}}],"inLanguage":"sv-SE"},{"@type":"Organization","@id":"https:\/\/capeeast.se\/#organization","name":"Cape East","url":"https:\/\/capeeast.se\/","logo":{"@type":"ImageObject","inLanguage":"sv-SE","@id":"https:\/\/capeeast.se\/#\/schema\/logo\/image\/","url":"https:\/\/capeeast.se\/wp-content\/uploads\/2019\/09\/cape_east_grey_transparent.png","contentUrl":"https:\/\/capeeast.se\/wp-content\/uploads\/2019\/09\/cape_east_grey_transparent.png","width":300,"height":80,"caption":"Cape East"},"image":{"@id":"https:\/\/capeeast.se\/#\/schema\/logo\/image\/"},"sameAs":["https:\/\/www.facebook.com\/CapeEast\/","https:\/\/www.instagram.com\/capeeast_hotelspa\/"]}]}},"_links":{"self":[{"href":"https:\/\/capeeast.se\/sv\/wp-json\/wp\/v2\/pages\/3140","targetHints":{"allow":["GET"]}}],"collection":[{"href":"https:\/\/capeeast.se\/sv\/wp-json\/wp\/v2\/pages"}],"about":[{"href":"https:\/\/capeeast.se\/sv\/wp-json\/wp\/v2\/types\/page"}],"author":[{"embeddable":true,"href":"https:\/\/capeeast.se\/sv\/wp-json\/wp\/v2\/users\/10"}],"replies":[{"embeddable":true,"href":"https:\/\/capeeast.se\/sv\/wp-json\/wp\/v2\/comments?post=3140"}],"version-history":[{"count":4,"href":"https:\/\/capeeast.se\/sv\/wp-json\/wp\/v2\/pages\/3140\/revisions"}],"predecessor-version":[{"id":3145,"href":"https:\/\/capeeast.se\/sv\/wp-json\/wp\/v2\/pages\/3140\/revisions\/3145"}],"wp:attachment":[{"href":"https:\/\/capeeast.se\/sv\/wp-json\/wp\/v2\/media?parent=3140"}],"curies":[{"name":"wp","href":"https:\/\/api.w.org\/{rel}","templated":true}]}}