{"id":2494,"date":"2020-06-13T16:12:04","date_gmt":"2020-06-13T15:12:04","guid":{"rendered":"https:\/\/capeeast.se\/?page_id=2494"},"modified":"2020-07-01T14:39:30","modified_gmt":"2020-07-01T13:39:30","slug":"robinson-spelas-in-i-haparanda-skargard-med-cape-east-som-bas-for-produktionen","status":"publish","type":"page","link":"https:\/\/capeeast.se\/sv\/robinson-spelas-in-i-haparanda-skargard-med-cape-east-som-bas-for-produktionen\/","title":{"rendered":"Robinson spelas in i Haparanda sk\u00e4rg\u00e5rd med Cape East som bas f\u00f6r produktionen"},"content":{"rendered":"<div data-elementor-type=\"wp-page\" data-elementor-id=\"2494\" class=\"elementor elementor-2494\" data-elementor-post-type=\"page\">\n\t\t\t\t\t\t<section class=\"elementor-section elementor-top-section elementor-element elementor-element-784eefe elementor-section-boxed elementor-section-height-default elementor-section-height-default\" data-id=\"784eefe\" data-element_type=\"section\" data-e-type=\"section\" data-settings=\"{&quot;background_background&quot;:&quot;classic&quot;}\">\n\t\t\t\t\t\t<div class=\"elementor-container elementor-column-gap-default\">\n\t\t\t\t\t<div class=\"elementor-column elementor-col-100 elementor-top-column elementor-element elementor-element-8c09b29\" data-id=\"8c09b29\" data-element_type=\"column\" data-e-type=\"column\" data-settings=\"{&quot;background_background&quot;:&quot;classic&quot;}\">\n\t\t\t<div class=\"elementor-widget-wrap elementor-element-populated\">\n\t\t\t\t\t\t<div class=\"elementor-element elementor-element-140f63c elementor-widget elementor-widget-text-editor\" data-id=\"140f63c\" data-element_type=\"widget\" data-e-type=\"widget\" data-widget_type=\"text-editor.default\">\n\t\t\t\t<div class=\"elementor-widget-container\">\n\t\t\t\t\t\t\t\t\t<p><strong>2020-06-13 kl 17:13<\/strong><\/p>\t\t\t\t\t\t\t\t<\/div>\n\t\t\t\t<\/div>\n\t\t\t\t<div class=\"elementor-element elementor-element-e6c7c0f elementor-widget elementor-widget-heading\" data-id=\"e6c7c0f\" data-element_type=\"widget\" data-e-type=\"widget\" data-widget_type=\"heading.default\">\n\t\t\t\t<div class=\"elementor-widget-container\">\n\t\t\t\t\t<h2 class=\"elementor-heading-title elementor-size-default\">Robinson spelas in i Haparanda sk\u00e4rg\u00e5rd med Cape East som bas f\u00f6r produktionen<\/h2>\t\t\t\t<\/div>\n\t\t\t\t<\/div>\n\t\t\t\t<div class=\"elementor-element elementor-element-5b68a35 elementor-widget elementor-widget-text-editor\" data-id=\"5b68a35\" data-element_type=\"widget\" data-e-type=\"widget\" data-widget_type=\"text-editor.default\">\n\t\t\t\t<div class=\"elementor-widget-container\">\n\t\t\t\t\t\t\t\t\t<p>Det \u00e4r med en otrolig stolthet som Norrlandspatriot att f\u00e5 presentera nyheten att Robinson kommer att spelas in i Haparanda sk\u00e4rg\u00e5rd, med Cape East som bas f\u00f6r produktionen, nu i sommar. Det h\u00e4r betyder oerh\u00f6rt mycket f\u00f6r Haparanda, f\u00f6r hela regionen och f\u00f6r oss. Det \u00e4r en otrolig chans f\u00f6r regionen och oss p\u00e5 Cape East och Pite Havsbad Group att f\u00e5 visa upp v\u00e5rt fantastiska Norrland p\u00e5 riktigt, med den unika natur som vi har h\u00e4r uppe, inte minst midnattssolen och en fantastisk sk\u00e4rg\u00e5rd.<\/p><p>Vi f\u00e5r visa upp det finaste som finns, och g\u00f6r vi efter att ha f\u00e5tt produktionen i h\u00e5rd konkurrens med m\u00e5nga andra platser i Sverige. T\u00e4nk bara vilket skyltf\u00f6nster vi f\u00e5r, ett program som har \u00f6ver en miljon tittare varje avsnitt och 50 avsnitt, jag f\u00e5r g\u00e5shud n\u00e4r jag t\u00e4nker p\u00e5 det. Jag tror dessutom att det h\u00e4r bara \u00e4r b\u00f6rjan, Expedition Robinson spelas ju in i 33 l\u00e4nder i v\u00e4rlden och andra l\u00e4nder kan f\u00e5 upp \u00f6gonen f\u00f6r omr\u00e5det.<\/p><p>Cape East kommer att bli basen f\u00f6r tv-produktionen. Det betyder att anl\u00e4ggningen kommer vara \u00f6ppet f\u00f6r turism fram till 20 juli, sedan vigas till produktionen f\u00f6r Robinson fram till den 6 september.<\/p><p>Jag vill lyfta fram lagarbetet som vinnare i en stentuff inhemsk konkurrenssituation. Bara i korta perspektivet kommer detta leda till \u00f6ver 100 arbetstillf\u00e4llen. Det \u00e4r som en sk\u00e4nk fr\u00e5n ovan f\u00f6r Norrbotten i coronatider.<\/p><p>Vi har p\u00e5 kort tid gjort en fantastisk mobilisering med den fantastiska kraft som l\u00e4net besitter. F\u00f6retagare, anst\u00e4llda, kommunrepresentanter, region och myndigheter har alla varit behj\u00e4lpliga. Tack f\u00f6r ett otroligt bra samarbete \u2013 Haparanda Kommun, Region Norrbotten, L\u00e4nstyrelsen, Mastiff, TV4 och m\u00e5nga, m\u00e5nga fler i regionen som hj\u00e4lpt till f\u00f6r att g\u00f6ra detta m\u00f6jligt.<\/p>\t\t\t\t\t\t\t\t<\/div>\n\t\t\t\t<\/div>\n\t\t\t\t<div class=\"elementor-element elementor-element-877b967 elementor-widget elementor-widget-text-editor\" data-id=\"877b967\" data-element_type=\"widget\" data-e-type=\"widget\" data-widget_type=\"text-editor.default\">\n\t\t\t\t<div class=\"elementor-widget-container\">\n\t\t\t\t\t\t\t\t\t<p>Tobias Lindfors\u00a0<\/p>\t\t\t\t\t\t\t\t<\/div>\n\t\t\t\t<\/div>\n\t\t\t\t<div class=\"elementor-element elementor-element-c386524 elementor-widget elementor-widget-text-editor\" data-id=\"c386524\" data-element_type=\"widget\" data-e-type=\"widget\" data-widget_type=\"text-editor.default\">\n\t\t\t\t<div class=\"elementor-widget-container\">\n\t\t\t\t\t\t\t\t\t<p>\u00c4gare av Cape East och Pite Havsbad Group.<\/p>\t\t\t\t\t\t\t\t<\/div>\n\t\t\t\t<\/div>\n\t\t\t\t<div class=\"elementor-element elementor-element-c8259c0 elementor-widget elementor-widget-text-editor\" data-id=\"c8259c0\" data-element_type=\"widget\" data-e-type=\"widget\" data-widget_type=\"text-editor.default\">\n\t\t\t\t<div class=\"elementor-widget-container\">\n\t\t\t\t\t\t\t\t\t<h5>A<strong>lla artiklar och reportage:<\/strong><\/h5>\n<ul>\n<li><a href=\"https:\/\/nsd.se\/bloggar\/artikel\/100-nya-jobb-med-robinson--och-det-ska-ske-blixtsnabbt\/wl64x4ej\">NSD &#8211; 100 nya jobb med robinson och det ska ske blixtsnabbt<\/a><\/li>\n<li><a href=\"https:\/\/kuriren.nu\/senaste-nytt\/artikel\/100-nya-jobb-med-robinson--och-det-ska-ske-blixtsnabbt\/wl64x4ej\">Norrbottens Kuriren &#8211; H\u00e4r \u00e4r de 100 jobb som kommer med Robinson<\/a><\/li>\n<li><a href=\"https:\/\/sverigesradio.se\/artikel\/7494824\">Sveriges Radio &#8211; Klart f\u00f6r Robinson i Haparanda sk\u00e4rg\u00e5rd<\/a><\/li>\n<li><a href=\"https:\/\/sverigesradio.se\/artikel\/7494947\">Sveriges Radio &#8211; Tv-inspelning ger nya arbetstillf\u00e4llen<\/a><\/li>\n<li><a href=\"https:\/\/nsd.se\/bloggar\/artikel\/100-nya-jobb-med-robinson--och-det-ska-ske-blixtsnabbt\/wl64x4ej\">NSD &#8211; 100 nya jobb med robinson och det ska ske blixtsnabbt<\/a><\/li>\n<li><a href=\"https:\/\/kuriren.nu\/nyheter\/artikel\/expedition-robinson-i-haparanda-sa-ser-planerna-ut\/elw1g67r\">Norrbottens Kuriren &#8211; Expedition Robinson i Haparanda: S\u00e5 ser planerna ut<\/a><\/li>\n<li><a href=\"https:\/\/www.svt.se\/nyheter\/lokalt\/norrbotten\/gladje-i-haparanda-efter-robinsonbesked\">SVT &#8211; Gl\u00e4dje i Haparanda efter Robinsonbesked<\/a><\/li>\n<li><a href=\"https:\/\/nsd.se\/nyheter\/artikel\/expedition-robinson-i-haparanda---sa-ser-planerna-ut\/elw1g67r\">NSD &#8211; Expedition Robinson i Haparanda: S\u00e5 ser planerna ut<\/a><\/li>\n<li><a href=\"https:\/\/hbwebben.se\/robinson-i-haparanda-skargard-2\/\">Haparandabladet&nbsp; &#8211; Robinson i Haparanda sk\u00e4rg\u00e5rd<\/a><\/li>\n<li><a href=\"https:\/\/www.svt.se\/nyheter\/lokalt\/norrbotten\/klart-for-robinson-i-haparanda-skargard\">SVT &#8211; Klart f\u00f6r Robinson i Haparanda sk\u00e4rg\u00e5rd<\/a><\/li>\n<li><a href=\"https:\/\/kuriren.nu\/nyheter\/artikel\/just-nu-tv4-bekraftar-att-robinson-spelas-in-i-haparanda\/wl64ngzj?fbclid=IwAR38i-Qmjc5gNuE7dB5m3Y9URHS4c5kfxw0OWYU-gHmtvna1fyAKsL05lLw\">Norrbottens Kuriren &#8211; TV4 bekr\u00e4ftar att Robinson spelas in i Haparanda<\/a><\/li>\n<li><a href=\"https:\/\/nsd.se\/nyheter\/artikel\/just-nu-tv4-bekraftar-att-robinson-spelas-in-i-haparanda\/wl64ngzj\">NSD &#8211; TV4 bekr\u00e4ftar att Robinson spelas in i Haparanda&nbsp;<\/a><\/li>\n<li><a href=\"https:\/\/pt.se\/nyheter\/artikel\/expedition-robinson-i-haparanda-sa-ser-planerna-ut\/elw1g67r\">Pite Tidningen &#8211; Expedition Robinson i Haparanda: S\u00e5 ser planerna ut&nbsp;<\/a><\/li>\n<li><a href=\"http:\/\/gratistidning.com\/lulea\/2020\/06\/15\/robinson-spelas-in-i-haparanda-skargard-med-cape-east-som-bas-for-produktionen\/\">Gratistidningen &#8211; Robinson spelas in i Haparanda sk\u00e4rg\u00e5rd med Cape East som bas f\u00f6r produktionen<\/a><\/li>\n<\/ul>\t\t\t\t\t\t\t\t<\/div>\n\t\t\t\t<\/div>\n\t\t\t\t\t<\/div>\n\t\t<\/div>\n\t\t\t\t\t<\/div>\n\t\t<\/section>\n\t\t\t\t<\/div>","protected":false},"excerpt":{"rendered":"<p>2020-06-13 kl 17:13 Robinson spelas in i Haparanda sk\u00e4rg\u00e5rd med Cape East som bas f\u00f6r produktionen Det \u00e4r med en otrolig stolthet som Norrlandspatriot att f\u00e5 presentera nyheten att Robinson kommer att spelas in i Haparanda sk\u00e4rg\u00e5rd, med Cape East som bas f\u00f6r produktionen, nu i sommar. Det h\u00e4r betyder oerh\u00f6rt mycket f\u00f6r Haparanda, f\u00f6r [&hellip;]<\/p>\n","protected":false},"author":10,"featured_media":0,"parent":0,"menu_order":0,"comment_status":"closed","ping_status":"closed","template":"","meta":{"_acf_changed":false,"footnotes":""},"class_list":["post-2494","page","type-page","status-publish","hentry"],"acf":[],"yoast_head":"<!-- This site is optimized with the Yoast SEO plugin v26.9 - https:\/\/yoast.com\/product\/yoast-seo-wordpress\/ -->\n<title>Robinson spelas in i Haparanda sk\u00e4rg\u00e5rd med Cape East som bas f\u00f6r produktionen - Cape East<\/title>\n<meta name=\"robots\" content=\"index, follow, max-snippet:-1, max-image-preview:large, max-video-preview:-1\" \/>\n<link rel=\"canonical\" href=\"https:\/\/capeeast.se\/sv\/robinson-spelas-in-i-haparanda-skargard-med-cape-east-som-bas-for-produktionen\/\" \/>\n<meta property=\"og:locale\" content=\"sv_SE\" \/>\n<meta property=\"og:type\" content=\"article\" \/>\n<meta property=\"og:title\" content=\"Robinson spelas in i Haparanda sk\u00e4rg\u00e5rd med Cape East som bas f\u00f6r produktionen - Cape East\" \/>\n<meta property=\"og:description\" content=\"2020-06-13 kl 17:13 Robinson spelas in i Haparanda sk\u00e4rg\u00e5rd med Cape East som bas f\u00f6r produktionen Det \u00e4r med en otrolig stolthet som Norrlandspatriot att f\u00e5 presentera nyheten att Robinson kommer att spelas in i Haparanda sk\u00e4rg\u00e5rd, med Cape East som bas f\u00f6r produktionen, nu i sommar. Det h\u00e4r betyder oerh\u00f6rt mycket f\u00f6r Haparanda, f\u00f6r [&hellip;]\" \/>\n<meta property=\"og:url\" content=\"https:\/\/capeeast.se\/sv\/robinson-spelas-in-i-haparanda-skargard-med-cape-east-som-bas-for-produktionen\/\" \/>\n<meta property=\"og:site_name\" content=\"Cape East\" \/>\n<meta property=\"article:publisher\" content=\"https:\/\/www.facebook.com\/CapeEast\/\" \/>\n<meta property=\"article:modified_time\" content=\"2020-07-01T13:39:30+00:00\" \/>\n<meta property=\"og:image\" content=\"https:\/\/capeeast.se\/wp-content\/uploads\/2019\/05\/cape-east.jpg\" \/>\n\t<meta property=\"og:image:width\" content=\"900\" \/>\n\t<meta property=\"og:image:height\" content=\"600\" \/>\n\t<meta property=\"og:image:type\" content=\"image\/jpeg\" \/>\n<meta name=\"twitter:card\" content=\"summary_large_image\" \/>\n<meta name=\"twitter:label1\" content=\"Ber\u00e4knad l\u00e4stid\" \/>\n\t<meta name=\"twitter:data1\" content=\"3 minuter\" \/>\n<script type=\"application\/ld+json\" class=\"yoast-schema-graph\">{\"@context\":\"https:\/\/schema.org\",\"@graph\":[{\"@type\":\"WebPage\",\"@id\":\"https:\/\/capeeast.se\/robinson-spelas-in-i-haparanda-skargard-med-cape-east-som-bas-for-produktionen\/\",\"url\":\"https:\/\/capeeast.se\/robinson-spelas-in-i-haparanda-skargard-med-cape-east-som-bas-for-produktionen\/\",\"name\":\"Robinson spelas in i Haparanda sk\u00e4rg\u00e5rd med Cape East som bas f\u00f6r produktionen - Cape East\",\"isPartOf\":{\"@id\":\"https:\/\/capeeast.se\/#website\"},\"datePublished\":\"2020-06-13T15:12:04+00:00\",\"dateModified\":\"2020-07-01T13:39:30+00:00\",\"breadcrumb\":{\"@id\":\"https:\/\/capeeast.se\/robinson-spelas-in-i-haparanda-skargard-med-cape-east-som-bas-for-produktionen\/#breadcrumb\"},\"inLanguage\":\"sv-SE\",\"potentialAction\":[{\"@type\":\"ReadAction\",\"target\":[\"https:\/\/capeeast.se\/robinson-spelas-in-i-haparanda-skargard-med-cape-east-som-bas-for-produktionen\/\"]}]},{\"@type\":\"BreadcrumbList\",\"@id\":\"https:\/\/capeeast.se\/robinson-spelas-in-i-haparanda-skargard-med-cape-east-som-bas-for-produktionen\/#breadcrumb\",\"itemListElement\":[{\"@type\":\"ListItem\",\"position\":1,\"name\":\"Home\",\"item\":\"https:\/\/capeeast.se\/\"},{\"@type\":\"ListItem\",\"position\":2,\"name\":\"Robinson spelas in i Haparanda sk\u00e4rg\u00e5rd med Cape East som bas f\u00f6r produktionen\"}]},{\"@type\":\"WebSite\",\"@id\":\"https:\/\/capeeast.se\/#website\",\"url\":\"https:\/\/capeeast.se\/\",\"name\":\"Cape East\",\"description\":\"Hotel &amp; SPA\",\"publisher\":{\"@id\":\"https:\/\/capeeast.se\/#organization\"},\"potentialAction\":[{\"@type\":\"SearchAction\",\"target\":{\"@type\":\"EntryPoint\",\"urlTemplate\":\"https:\/\/capeeast.se\/?s={search_term_string}\"},\"query-input\":{\"@type\":\"PropertyValueSpecification\",\"valueRequired\":true,\"valueName\":\"search_term_string\"}}],\"inLanguage\":\"sv-SE\"},{\"@type\":\"Organization\",\"@id\":\"https:\/\/capeeast.se\/#organization\",\"name\":\"Cape East\",\"url\":\"https:\/\/capeeast.se\/\",\"logo\":{\"@type\":\"ImageObject\",\"inLanguage\":\"sv-SE\",\"@id\":\"https:\/\/capeeast.se\/#\/schema\/logo\/image\/\",\"url\":\"https:\/\/capeeast.se\/wp-content\/uploads\/2019\/09\/cape_east_grey_transparent.png\",\"contentUrl\":\"https:\/\/capeeast.se\/wp-content\/uploads\/2019\/09\/cape_east_grey_transparent.png\",\"width\":300,\"height\":80,\"caption\":\"Cape East\"},\"image\":{\"@id\":\"https:\/\/capeeast.se\/#\/schema\/logo\/image\/\"},\"sameAs\":[\"https:\/\/www.facebook.com\/CapeEast\/\",\"https:\/\/www.instagram.com\/capeeast_hotelspa\/\"]}]}<\/script>\n<!-- \/ Yoast SEO plugin. -->","yoast_head_json":{"title":"Robinson spelas in i Haparanda sk\u00e4rg\u00e5rd med Cape East som bas f\u00f6r produktionen - Cape East","robots":{"index":"index","follow":"follow","max-snippet":"max-snippet:-1","max-image-preview":"max-image-preview:large","max-video-preview":"max-video-preview:-1"},"canonical":"https:\/\/capeeast.se\/sv\/robinson-spelas-in-i-haparanda-skargard-med-cape-east-som-bas-for-produktionen\/","og_locale":"sv_SE","og_type":"article","og_title":"Robinson spelas in i Haparanda sk\u00e4rg\u00e5rd med Cape East som bas f\u00f6r produktionen - Cape East","og_description":"2020-06-13 kl 17:13 Robinson spelas in i Haparanda sk\u00e4rg\u00e5rd med Cape East som bas f\u00f6r produktionen Det \u00e4r med en otrolig stolthet som Norrlandspatriot att f\u00e5 presentera nyheten att Robinson kommer att spelas in i Haparanda sk\u00e4rg\u00e5rd, med Cape East som bas f\u00f6r produktionen, nu i sommar. Det h\u00e4r betyder oerh\u00f6rt mycket f\u00f6r Haparanda, f\u00f6r [&hellip;]","og_url":"https:\/\/capeeast.se\/sv\/robinson-spelas-in-i-haparanda-skargard-med-cape-east-som-bas-for-produktionen\/","og_site_name":"Cape East","article_publisher":"https:\/\/www.facebook.com\/CapeEast\/","article_modified_time":"2020-07-01T13:39:30+00:00","og_image":[{"width":900,"height":600,"url":"https:\/\/capeeast.se\/wp-content\/uploads\/2019\/05\/cape-east.jpg","type":"image\/jpeg"}],"twitter_card":"summary_large_image","twitter_misc":{"Ber\u00e4knad l\u00e4stid":"3 minuter"},"schema":{"@context":"https:\/\/schema.org","@graph":[{"@type":"WebPage","@id":"https:\/\/capeeast.se\/robinson-spelas-in-i-haparanda-skargard-med-cape-east-som-bas-for-produktionen\/","url":"https:\/\/capeeast.se\/robinson-spelas-in-i-haparanda-skargard-med-cape-east-som-bas-for-produktionen\/","name":"Robinson spelas in i Haparanda sk\u00e4rg\u00e5rd med Cape East som bas f\u00f6r produktionen - Cape East","isPartOf":{"@id":"https:\/\/capeeast.se\/#website"},"datePublished":"2020-06-13T15:12:04+00:00","dateModified":"2020-07-01T13:39:30+00:00","breadcrumb":{"@id":"https:\/\/capeeast.se\/robinson-spelas-in-i-haparanda-skargard-med-cape-east-som-bas-for-produktionen\/#breadcrumb"},"inLanguage":"sv-SE","potentialAction":[{"@type":"ReadAction","target":["https:\/\/capeeast.se\/robinson-spelas-in-i-haparanda-skargard-med-cape-east-som-bas-for-produktionen\/"]}]},{"@type":"BreadcrumbList","@id":"https:\/\/capeeast.se\/robinson-spelas-in-i-haparanda-skargard-med-cape-east-som-bas-for-produktionen\/#breadcrumb","itemListElement":[{"@type":"ListItem","position":1,"name":"Home","item":"https:\/\/capeeast.se\/"},{"@type":"ListItem","position":2,"name":"Robinson spelas in i Haparanda sk\u00e4rg\u00e5rd med Cape East som bas f\u00f6r produktionen"}]},{"@type":"WebSite","@id":"https:\/\/capeeast.se\/#website","url":"https:\/\/capeeast.se\/","name":"Cape East","description":"Hotel &amp; SPA","publisher":{"@id":"https:\/\/capeeast.se\/#organization"},"potentialAction":[{"@type":"SearchAction","target":{"@type":"EntryPoint","urlTemplate":"https:\/\/capeeast.se\/?s={search_term_string}"},"query-input":{"@type":"PropertyValueSpecification","valueRequired":true,"valueName":"search_term_string"}}],"inLanguage":"sv-SE"},{"@type":"Organization","@id":"https:\/\/capeeast.se\/#organization","name":"Cape East","url":"https:\/\/capeeast.se\/","logo":{"@type":"ImageObject","inLanguage":"sv-SE","@id":"https:\/\/capeeast.se\/#\/schema\/logo\/image\/","url":"https:\/\/capeeast.se\/wp-content\/uploads\/2019\/09\/cape_east_grey_transparent.png","contentUrl":"https:\/\/capeeast.se\/wp-content\/uploads\/2019\/09\/cape_east_grey_transparent.png","width":300,"height":80,"caption":"Cape East"},"image":{"@id":"https:\/\/capeeast.se\/#\/schema\/logo\/image\/"},"sameAs":["https:\/\/www.facebook.com\/CapeEast\/","https:\/\/www.instagram.com\/capeeast_hotelspa\/"]}]}},"_links":{"self":[{"href":"https:\/\/capeeast.se\/sv\/wp-json\/wp\/v2\/pages\/2494","targetHints":{"allow":["GET"]}}],"collection":[{"href":"https:\/\/capeeast.se\/sv\/wp-json\/wp\/v2\/pages"}],"about":[{"href":"https:\/\/capeeast.se\/sv\/wp-json\/wp\/v2\/types\/page"}],"author":[{"embeddable":true,"href":"https:\/\/capeeast.se\/sv\/wp-json\/wp\/v2\/users\/10"}],"replies":[{"embeddable":true,"href":"https:\/\/capeeast.se\/sv\/wp-json\/wp\/v2\/comments?post=2494"}],"version-history":[{"count":20,"href":"https:\/\/capeeast.se\/sv\/wp-json\/wp\/v2\/pages\/2494\/revisions"}],"predecessor-version":[{"id":2633,"href":"https:\/\/capeeast.se\/sv\/wp-json\/wp\/v2\/pages\/2494\/revisions\/2633"}],"wp:attachment":[{"href":"https:\/\/capeeast.se\/sv\/wp-json\/wp\/v2\/media?parent=2494"}],"curies":[{"name":"wp","href":"https:\/\/api.w.org\/{rel}","templated":true}]}}