{"id":1003,"date":"2019-09-09T08:37:54","date_gmt":"2019-09-09T07:37:54","guid":{"rendered":"https:\/\/capeeast.se\/?page_id=1003"},"modified":"2026-02-25T13:40:38","modified_gmt":"2026-02-25T12:40:38","slug":"bokningsvillkor","status":"publish","type":"page","link":"https:\/\/capeeast.se\/sv\/terms-of-condition\/","title":{"rendered":"Bokningsvillkor"},"content":{"rendered":"<div data-elementor-type=\"wp-post\" data-elementor-id=\"1003\" class=\"elementor elementor-1003\" data-elementor-post-type=\"page\">\n\t\t\t\t\t\t<section class=\"elementor-section elementor-top-section elementor-element elementor-element-59b32f04 elementor-section-full_width elementor-section-height-default elementor-section-height-default\" data-id=\"59b32f04\" data-element_type=\"section\" data-e-type=\"section\">\n\t\t\t\t\t\t<div class=\"elementor-container elementor-column-gap-no\">\n\t\t\t\t\t<div class=\"elementor-column elementor-col-100 elementor-top-column elementor-element elementor-element-411f430d\" data-id=\"411f430d\" data-element_type=\"column\" data-e-type=\"column\">\n\t\t\t<div class=\"elementor-widget-wrap elementor-element-populated\">\n\t\t\t\t\t\t<div class=\"elementor-element elementor-element-e1c5cbc elementor--h-position-center elementor--v-position-middle elementor-widget elementor-widget-slides\" data-id=\"e1c5cbc\" data-element_type=\"widget\" data-e-type=\"widget\" data-settings=\"{&quot;navigation&quot;:&quot;none&quot;,&quot;autoplay&quot;:&quot;yes&quot;,&quot;pause_on_hover&quot;:&quot;yes&quot;,&quot;pause_on_interaction&quot;:&quot;yes&quot;,&quot;autoplay_speed&quot;:5000,&quot;infinite&quot;:&quot;yes&quot;,&quot;transition&quot;:&quot;slide&quot;,&quot;transition_speed&quot;:500}\" data-widget_type=\"slides.default\">\n\t\t\t\t<div class=\"elementor-widget-container\">\n\t\t\t\t\t\t\t\t\t<div class=\"elementor-swiper\">\n\t\t\t\t\t<div class=\"elementor-slides-wrapper elementor-main-swiper swiper\" role=\"region\" aria-roledescription=\"carousel\" aria-label=\"Slides\" dir=\"ltr\" data-animation=\"fadeInUp\">\n\t\t\t\t<div class=\"swiper-wrapper elementor-slides\">\n\t\t\t\t\t\t\t\t\t\t<div class=\"elementor-repeater-item-5a2ff48 swiper-slide\" role=\"group\" aria-roledescription=\"slide\"><div class=\"swiper-slide-bg\" role=\"img\" aria-label=\"cape east\"><\/div><div class=\"elementor-background-overlay\"><\/div><div class=\"swiper-slide-inner\" ><div class=\"swiper-slide-contents\"><div class=\"elementor-slide-heading\">Innan ni genomf\u00f6r er bokning v\u00e4nligen l\u00e4s v\u00e5ra<\/div><div class=\"elementor-slide-description\">BOKNINGSVILLKOR<\/div><\/div><\/div><\/div>\t\t\t\t<\/div>\n\t\t\t\t\t\t\t<\/div>\n\t\t\t\t<\/div>\n\t\t\t\t\t\t\t\t<\/div>\n\t\t\t\t<\/div>\n\t\t\t\t\t<\/div>\n\t\t<\/div>\n\t\t\t\t\t<\/div>\n\t\t<\/section>\n\t\t\t\t<section class=\"elementor-section elementor-top-section elementor-element elementor-element-3ebcc671 elementor-section-boxed elementor-section-height-default elementor-section-height-default\" data-id=\"3ebcc671\" data-element_type=\"section\" data-e-type=\"section\" data-settings=\"{&quot;background_background&quot;:&quot;classic&quot;}\">\n\t\t\t\t\t\t<div class=\"elementor-container elementor-column-gap-default\">\n\t\t\t\t\t<div class=\"elementor-column elementor-col-100 elementor-top-column elementor-element elementor-element-288f46a6\" data-id=\"288f46a6\" data-element_type=\"column\" data-e-type=\"column\">\n\t\t\t<div class=\"elementor-widget-wrap elementor-element-populated\">\n\t\t\t\t\t\t<div class=\"elementor-element elementor-element-53c1746e elementor-widget elementor-widget-text-editor\" data-id=\"53c1746e\" data-element_type=\"widget\" data-e-type=\"widget\" data-widget_type=\"text-editor.default\">\n\t\t\t\t<div class=\"elementor-widget-container\">\n\t\t\t\t\t\t\t\t\t<h3 style=\"text-align: left;\"><span style=\"color: #00516f;\">Bokningsvillkor &amp; Ansvar<\/span><\/h3><p style=\"text-align: left;\"><em>Organisationsnummer: 559109-6176 | Kontaktuppgifter: +46 (0)922 800 790<\/em><\/p><p style=\"text-align: left;\"><strong>Vid bokning godk\u00e4nner bokaren nedanst\u00e5ende bokningsvillkor och ansvarar f\u00f6r att ha l\u00e4st igenom villkoren.<\/strong><\/p><ul style=\"text-align: left;\"><li>Betalningen g\u00f6rs via Klarna<\/li><li>Om betalningen inte genomf\u00f6rs kommer bokningen att annulleras automatiskt.<\/li><li>N\u00e4r betalningen \u00e4r klar och godk\u00e4nd garanteras bokningen. Ni kommer d\u00e5 att f\u00e5 en bekr\u00e4ftelse av bokningen via e-post samt en bekr\u00e4ftelse som visas i din webbl\u00e4sare.<\/li><li>Cape East \u00e4r ett kontantfritt hotell.<\/li><li>Minimi\u00e5lder f\u00f6r att g\u00f6ra en rumsbokning \u00e4r 18 \u00e5r, samt att alla m\u00e5ste vara 18 \u00e5r fyllda. F\u00f6r minder\u00e5riga resen\u00e4rer skall minst en f\u00f6r\u00e4lder eller annan vuxen per bokat objekt medf\u00f6lja och ansvara. Incheckning fr\u00e5n klockan 15.00 och utcheckning senast kl. 11.00<\/li><li>V\u00e4nligen notera att v\u00e5ra bokningsalternativ har olika villkor. Ej avbokningsbara paket\/produkter, \u00e5terbetalas ej.<\/li><li>Om du bokat ett <em>REFUNDABLE<\/em> eller <em>FLEX<\/em> <em>paket<\/em>, kan du avboka eller omboka din bokning senast kl. 18.00 dagen f\u00f6re ankomst och f\u00e5 full \u00e5terbetalning vid avbokning. Avbokningar som sker efter kl. 18.00 dagen f\u00f6re ankomst \u00e5terbetalas ej. Vid ombokning till ett nytt datum betalas eventuell mellanskillnad av g\u00e4sten.<\/li><li>Om du bokat ett <em>NON-REFUNDABLE<\/em> eller <em>SAVE-paket<\/em>, \u00e5terbetalas du inte vid avbokning och du kan inte omboka paketet till ett annat datum.<\/li><\/ul><p style=\"text-align: left;\"><strong>\u00a0<\/strong><\/p><h4 style=\"text-align: left;\"><span style=\"color: #00516f;\">\u00c4ndring &amp; Avbest\u00e4llning<\/span><\/h4><p style=\"text-align: left;\"><strong>Garanterat till kl 18.00<br \/><\/strong>Hotellet \u00e4r skyldigt att erbjuda rum till g\u00e4sten fram till kl. 18.00 p\u00e5 ankomstdagen. Har g\u00e4sten inte avbest\u00e4llt eller kommit innan denna tidpunkt kan hotellet avboka rummet utan att kontakta g\u00e4sten.<\/p><p style=\"text-align: left;\"><strong>Garanti<br \/><\/strong>Reservationen garanteras via f\u00f6retagsavtal, resebyr\u00e5 eller med kreditkort. Avbest\u00e4llning av garanterad reservation med <em>flex-paket<\/em> m\u00e5ste g\u00f6ras senast kl. 18.00 dagen f\u00f6re ankomst. Om g\u00e4sten inte kommer, eller om g\u00e4sten avbest\u00e4ller p\u00e5 ankomstdagen, m\u00e5ste man betala f\u00f6r en hotellnatt.<\/p><p style=\"text-align: left;\"><strong>\u00c4ndringar<br \/><\/strong>Om du bokat boende f\u00f6r tv\u00e5 eller flera n\u00e4tter med <em>FLEX<\/em> <em>paketet<\/em> men v\u00e4ljer att avsluta din vistelse tidigare blir du debiterad f\u00f6r n\u00e4stkommande natt. Avbokning av resterande n\u00e4tter beh\u00f6ver g\u00f6ras senast kl. 18.00 dagen f\u00f6re planerad avresa.<\/p><p style=\"text-align: left;\">Om du bokat boende f\u00f6r tv\u00e5 eller flera n\u00e4tter med <em>SAVE-paketet<\/em> men v\u00e4ljer att avsluta din vistelse tidigare blir du debiterad f\u00f6r hela vistelsen.<\/p><p style=\"text-align: left;\"><em>SAVE-paket<\/em> kan endast avbokas vid uppvisande av l\u00e4karintyg. Administrationsavgift p\u00e5 250 kr tillkommer.<\/p><p style=\"text-align: left;\"><strong>Avtalsbokningar<br \/><\/strong>F\u00f6r best\u00e4llningar som g\u00f6rs av kunder med ett avtal g\u00e4ller best\u00e4llnings-\/avbest\u00e4llningsreglerna som anges i kontraktet.<\/p><p style=\"text-align: left;\"><b>\u00c5ldersgr\u00e4ns<\/b><br \/>F\u00f6r g\u00e4ster som inte reser med f\u00f6r\u00e4ldrar har vi en 18-\u00e5rsgr\u00e4ns. Hotellet f\u00f6rbeh\u00e5ller sig r\u00e4tten att h\u00e4va bokningen utan \u00e5terbetalning om giltig legitimation inte kan uppvisas.<\/p><p style=\"text-align: left;\"><strong>\u00a0<\/strong><\/p><h4 style=\"text-align: left;\"><span style=\"color: #00516f;\">Pris &amp; Betalning<\/span><\/h4><p style=\"text-align: left;\">Alla priser \u00e4r angivna i svenska kronor inkl. moms om inget annat anges. Vi f\u00f6rbeh\u00e5ller oss r\u00e4tten till pris\u00e4ndringar p.g.a. omst\u00e4ndigheter som vi ej r\u00e5der \u00f6ver, t.ex. \u00e4ndrad moms, stora f\u00f6r\u00e4ndringar i valutal\u00e4get eller l\u00e5g tillg\u00e4nglighet av rum som ett resultat av h\u00f6g efterfr\u00e5gan.<\/p><p style=\"text-align: left;\"><strong>Skada av egendom<br \/><\/strong>Eventuella skador p\u00e5 Cape East egendom under din vistelse \u00e4r f\u00f6rem\u00e5l f\u00f6r extra avgifter som fastst\u00e4lls av ledningen f\u00f6r Cape East, beloppet baseras p\u00e5 kostnaderna f\u00f6r reparationer samt f\u00f6rlust av int\u00e4kter och minskad tillg\u00e4nglighet f\u00f6r andra g\u00e4ster.<\/p><p style=\"text-align: left;\"><strong>Allergier<br \/><\/strong>G\u00e4ster p\u00e5 Cape East ansvarar f\u00f6r att informera personalen om m\u00f6jliga allergier. Om ingen s\u00e5dan information har givits kan Cape East ej h\u00e5llas ansvarig f\u00f6r eventuella allergiska reaktioner som g\u00e4sten kan uppleva.<\/p><p style=\"text-align: left;\"><strong>SPA<br \/><\/strong>Alla g\u00e4ster bes\u00f6ker v\u00e5rt SPA p\u00e5 egen risk. Cape East SPA har m\u00e5nga h\u00e5rda ytor och trappor. N\u00e4r du bokar ett spabes\u00f6k f\u00e5r du tillg\u00e5ng till v\u00e5rt dagspa med alla dess upplevelser och bekv\u00e4mligheter. V\u00e4nligen uppm\u00e4rksamma ocks\u00e5 att v\u00e5ra spabehandlingar genomf\u00f6rs av en samarbetspartner med erfaren och certifierad personal. Notera att spa-tider kan komma att g\u00e4lla f\u00f6r att begr\u00e4nsa antalet bes\u00f6kare som bes\u00f6ker spaet samtidigt, mer information hittar du p\u00e5 v\u00e5r hemsida under \u201dSpa och h\u00e4lsa\u201d.<\/p><p style=\"text-align: left;\">P\u00e5 v\u00e5r spaavdelning g\u00e4ller 18 \u00e5rs \u00e5ldersgr\u00e4ns.<\/p><p style=\"text-align: left;\"><strong>Hantering av personuppgifter<br \/><\/strong>Du kan l\u00e4sa om hur vi hanterar personuppgifter <a href=\"https:\/\/capeeast.se\/sv\/privacy-policy\/\" target=\"_blank\" rel=\"noopener\">h\u00e4r.<\/a><\/p>\t\t\t\t\t\t\t\t<\/div>\n\t\t\t\t<\/div>\n\t\t\t\t<div class=\"elementor-element elementor-element-e2e6427 elementor-widget elementor-widget-text-editor\" data-id=\"e2e6427\" data-element_type=\"widget\" data-e-type=\"widget\" data-widget_type=\"text-editor.default\">\n\t\t\t\t<div class=\"elementor-widget-container\">\n\t\t\t\t\t\t\t\t\t<h3 style=\"text-align: left;\"><span style=\"color: #00516f;\">Regler &amp; Villkor \u2013 Presentkort<\/span><\/h3><p><strong>Villkor vid k\u00f6p av presentkort<\/strong><br \/>Cape Easts presentkort skickas digitalt. Du f\u00e5r ett e-mail med en PDF-fil efter genomf\u00f6rt k\u00f6p. Inga extra kostnader eller avgifter tillkommer.<\/p><p><strong>V\u00e4rdehandling<\/strong><br \/>Presentkortet \u00e4r en v\u00e4rdehandling och anv\u00e4nds som betalmedel i onlinebokningen p\u00e5 Cape East. F\u00f6rlorat presentkort kan tyv\u00e4rr inte ers\u00e4ttas. Presentkortet kan inte heller l\u00f6sas in mot kontanter.<\/p><p><strong>Valuta<\/strong><br \/>Alla priser anges i svenska kronor (SEK).<\/p><p><strong>\u00d6ppet k\u00f6p<\/strong><br \/>Du har r\u00e4tt att \u00e5ngra ditt k\u00f6p inom 14 dagar fr\u00e5n det att du mottagit presentkortet vid k\u00f6p av presentkort online. V\u00e4nligen kontakta oss f\u00f6r information om retur och \u00e5terbetalning.<\/p><p><strong>Giltighetstid<\/strong><br \/>Giltighetstiden framg\u00e5r tydligt p\u00e5 varje presentkort innan k\u00f6p. Alla ordinarie presentkort (ej kampanjer som t.ex. \"Black Friday\") har en giltighetstid p\u00e5 2 \u00e5r.<\/p><p>Specifika erbjudanden eller kampanjer p\u00e5 presentkort kan dock ha en begr\u00e4nsad giltighetsperiod. Detta anges tydligt innan k\u00f6p. Under Regler &amp; Villkor i onlinebokningen framg\u00e5r b\u00e5de giltighetsperioden och eventuella s\u00e4rskilda villkor f\u00f6r det aktuella presentkortet.<\/p><p><strong>S\u00e4rskilda villkor<\/strong><br \/>Vid vissa tillf\u00e4llen erbjuder vi specialerbjudanden p\u00e5 presentkort, till exempel under kampanjer som Black Friday. Dessa presentkort kan vara kopplade till rabatterade boendepaket eller andra produkter. Erbjudandena \u00e4r ofta f\u00f6renade med s\u00e4rskilda regler, s\u00e5som tidsbegr\u00e4nsade ankomstperioder eller specifika datum d\u00e5 presentkortet kan anv\u00e4ndas.<\/p><p>Presentkortet \u00e4r en v\u00e4rdehandling och fungerar som en voucher f\u00f6r bokning och betalning av det specifika paketet eller den produkt det g\u00e4ller. Observera att presentkortet inte kan anv\u00e4ndas f\u00f6r andra \u00e4ndam\u00e5l.<\/p><p>F\u00f6r att vara s\u00e4ker p\u00e5 vad som g\u00e4ller f\u00f6r v\u00e5ra olika presentkort, v\u00e4nligen l\u00e4s de specifika villkoren i onlinebokningen innan du genomf\u00f6r ditt k\u00f6p.<\/p><h5>L\u00f6s in ditt presentkort<\/h5><p><strong>Anv\u00e4nd ditt presentkort som betalning<\/strong><br \/>Vid bokning p\u00e5 v\u00e5r hemsida kan du anv\u00e4nda ditt presentkort som betalning f\u00f6r din vistelse. I det sista steget av bokningsprocessen (\"Steg 3 av 3\") hittar du alternativet <em>\"Betala med ditt presentkort.\"<br \/><\/em><br \/>Ange ditt presentkortsnummer i rutan och klicka p\u00e5 OK. Presentkortet debiteras i samband med detta. Om beloppet f\u00f6r vistelsen \u00f6verstiger presentkortets v\u00e4rde betalar du mellanskillnaden.<\/p><p><strong>L\u00f6s in ett presentkort f\u00f6r ett specifikt paket<\/strong><br \/>Om ditt presentkort \u00e4r kopplat till ett specifikt boendepaket beh\u00f6ver du l\u00e5sa upp paketet innan du kan boka.<\/p><ol><li>Bes\u00f6k <a href=\"https:\/\/capeeast.se\/sv\/\">www.capeeast.se<\/a> och klicka p\u00e5 <em>\"L\u00f6s in presentkort\"<\/em><\/li><li>Alternativt kan du anv\u00e4nda f\u00f6ljande l\u00e4nk: <a href=\"http:\/\/online.bookvisit.com\/package\/entervouchernumber?channelId=a0098245-fede-4da1-a447-c3db3f8a35b2\">L\u00f6s in ditt presentkort<\/a>.<\/li><li>Ange ditt presentkortsnummer i formatet <strong>AA11111-A111<\/strong> f\u00f6r att l\u00e5sa upp paketet.<\/li><\/ol><p><br \/>N\u00e4r paketet \u00e4r uppl\u00e5st kan du genomf\u00f6ra din bokning.<\/p>\t\t\t\t\t\t\t\t<\/div>\n\t\t\t\t<\/div>\n\t\t\t\t\t<\/div>\n\t\t<\/div>\n\t\t\t\t\t<\/div>\n\t\t<\/section>\n\t\t\t\t<section class=\"elementor-section elementor-top-section elementor-element elementor-element-4a9f777 elementor-section-full_width elementor-section-height-default elementor-section-height-default\" data-id=\"4a9f777\" data-element_type=\"section\" data-e-type=\"section\">\n\t\t\t\t\t\t<div class=\"elementor-container elementor-column-gap-no\">\n\t\t\t\t\t<div class=\"elementor-column elementor-col-100 elementor-top-column elementor-element elementor-element-5fa97e29\" data-id=\"5fa97e29\" data-element_type=\"column\" data-e-type=\"column\">\n\t\t\t<div class=\"elementor-widget-wrap elementor-element-populated\">\n\t\t\t\t\t\t<div class=\"elementor-element elementor-element-4c3da5e5 elementor--h-position-center elementor--v-position-middle elementor-widget elementor-widget-slides\" data-id=\"4c3da5e5\" data-element_type=\"widget\" data-e-type=\"widget\" data-settings=\"{&quot;navigation&quot;:&quot;none&quot;,&quot;autoplay&quot;:&quot;yes&quot;,&quot;pause_on_hover&quot;:&quot;yes&quot;,&quot;pause_on_interaction&quot;:&quot;yes&quot;,&quot;autoplay_speed&quot;:5000,&quot;infinite&quot;:&quot;yes&quot;,&quot;transition&quot;:&quot;slide&quot;,&quot;transition_speed&quot;:500}\" data-widget_type=\"slides.default\">\n\t\t\t\t<div class=\"elementor-widget-container\">\n\t\t\t\t\t\t\t\t\t<div class=\"elementor-swiper\">\n\t\t\t\t\t<div class=\"elementor-slides-wrapper elementor-main-swiper swiper\" role=\"region\" aria-roledescription=\"carousel\" aria-label=\"Slides\" dir=\"ltr\" data-animation=\"fadeInUp\">\n\t\t\t\t<div class=\"swiper-wrapper elementor-slides\">\n\t\t\t\t\t\t\t\t\t\t<div class=\"elementor-repeater-item-14fd1ac swiper-slide\" role=\"group\" aria-roledescription=\"slide\"><div class=\"swiper-slide-bg\" role=\"img\" aria-label=\"IMG_9065\"><\/div><div class=\"elementor-background-overlay\"><\/div><div class=\"swiper-slide-inner\" ><div class=\"swiper-slide-contents\"><div class=\"elementor-slide-heading\">Vill du veta mer om v\u00e5ra<\/div><div class=\"elementor-slide-description\">HOTELLRUM<\/div><a href=\"\/sv\/rum-sviter\/\" class=\"elementor-button elementor-slide-button elementor-size-sm\">Visa Rum<\/a><\/div><\/div><\/div>\t\t\t\t<\/div>\n\t\t\t\t\t\t\t<\/div>\n\t\t\t\t<\/div>\n\t\t\t\t\t\t\t\t<\/div>\n\t\t\t\t<\/div>\n\t\t\t\t\t<\/div>\n\t\t<\/div>\n\t\t\t\t\t<\/div>\n\t\t<\/section>\n\t\t\t\t<\/div>","protected":false},"excerpt":{"rendered":"<p>Before making a reservation please read ourBOOKING TERMS Terms and conditions Corporate identity number: 559109-6176 | Contact information: +46 (0)922 800 790 By making a booking, you accept the booking conditions below. It is your responsibility to ensure you have read and understood the terms. The payment is made via Klarna. If payment is not [&hellip;]<\/p>\n","protected":false},"author":10,"featured_media":0,"parent":0,"menu_order":0,"comment_status":"closed","ping_status":"closed","template":"elementor_header_footer","meta":{"_acf_changed":false,"footnotes":""},"class_list":["post-1003","page","type-page","status-publish","hentry"],"acf":[],"yoast_head":"<!-- This site is optimized with the Yoast SEO plugin v26.9 - https:\/\/yoast.com\/product\/yoast-seo-wordpress\/ -->\n<title>Terms of condition - Cape East<\/title>\n<meta name=\"description\" content=\"The minimum age to make a room reservation is 18, and everyone staying in the room must be 18 years of age or older unless accompanied by an adult.\" \/>\n<meta name=\"robots\" content=\"index, follow, max-snippet:-1, max-image-preview:large, max-video-preview:-1\" \/>\n<link rel=\"canonical\" href=\"https:\/\/capeeast.se\/sv\/bokningsvillkor\/\" \/>\n<meta property=\"og:locale\" content=\"sv_SE\" \/>\n<meta property=\"og:type\" content=\"article\" \/>\n<meta property=\"og:title\" content=\"Terms of condition - Cape East\" \/>\n<meta property=\"og:description\" content=\"The minimum age to make a room reservation is 18, and everyone staying in the room must be 18 years of age or older unless accompanied by an adult.\" \/>\n<meta property=\"og:url\" content=\"https:\/\/capeeast.se\/sv\/bokningsvillkor\/\" \/>\n<meta property=\"og:site_name\" content=\"Cape East\" \/>\n<meta property=\"article:publisher\" content=\"https:\/\/www.facebook.com\/CapeEast\/\" \/>\n<meta property=\"article:modified_time\" content=\"2026-02-25T12:40:38+00:00\" \/>\n<meta property=\"og:image\" content=\"https:\/\/capeeast.se\/wp-content\/uploads\/2019\/05\/cape-east.jpg\" \/>\n\t<meta property=\"og:image:width\" content=\"900\" \/>\n\t<meta property=\"og:image:height\" content=\"600\" \/>\n\t<meta property=\"og:image:type\" content=\"image\/jpeg\" \/>\n<meta name=\"twitter:card\" content=\"summary_large_image\" \/>\n<meta name=\"twitter:label1\" content=\"Ber\u00e4knad l\u00e4stid\" \/>\n\t<meta name=\"twitter:data1\" content=\"6 minuter\" \/>\n<script type=\"application\/ld+json\" class=\"yoast-schema-graph\">{\"@context\":\"https:\/\/schema.org\",\"@graph\":[{\"@type\":\"WebPage\",\"@id\":\"https:\/\/capeeast.se\/terms-of-condition\/\",\"url\":\"https:\/\/capeeast.se\/terms-of-condition\/\",\"name\":\"Terms of condition - Cape East\",\"isPartOf\":{\"@id\":\"https:\/\/capeeast.se\/#website\"},\"datePublished\":\"2019-09-09T07:37:54+00:00\",\"dateModified\":\"2026-02-25T12:40:38+00:00\",\"description\":\"The minimum age to make a room reservation is 18, and everyone staying in the room must be 18 years of age or older unless accompanied by an adult.\",\"breadcrumb\":{\"@id\":\"https:\/\/capeeast.se\/terms-of-condition\/#breadcrumb\"},\"inLanguage\":\"sv-SE\",\"potentialAction\":[{\"@type\":\"ReadAction\",\"target\":[\"https:\/\/capeeast.se\/terms-of-condition\/\"]}]},{\"@type\":\"BreadcrumbList\",\"@id\":\"https:\/\/capeeast.se\/terms-of-condition\/#breadcrumb\",\"itemListElement\":[{\"@type\":\"ListItem\",\"position\":1,\"name\":\"Home\",\"item\":\"https:\/\/capeeast.se\/\"},{\"@type\":\"ListItem\",\"position\":2,\"name\":\"Terms of condition\"}]},{\"@type\":\"WebSite\",\"@id\":\"https:\/\/capeeast.se\/#website\",\"url\":\"https:\/\/capeeast.se\/\",\"name\":\"Cape East\",\"description\":\"Hotel &amp; SPA\",\"publisher\":{\"@id\":\"https:\/\/capeeast.se\/#organization\"},\"potentialAction\":[{\"@type\":\"SearchAction\",\"target\":{\"@type\":\"EntryPoint\",\"urlTemplate\":\"https:\/\/capeeast.se\/?s={search_term_string}\"},\"query-input\":{\"@type\":\"PropertyValueSpecification\",\"valueRequired\":true,\"valueName\":\"search_term_string\"}}],\"inLanguage\":\"sv-SE\"},{\"@type\":\"Organization\",\"@id\":\"https:\/\/capeeast.se\/#organization\",\"name\":\"Cape East\",\"url\":\"https:\/\/capeeast.se\/\",\"logo\":{\"@type\":\"ImageObject\",\"inLanguage\":\"sv-SE\",\"@id\":\"https:\/\/capeeast.se\/#\/schema\/logo\/image\/\",\"url\":\"https:\/\/capeeast.se\/wp-content\/uploads\/2019\/09\/cape_east_grey_transparent.png\",\"contentUrl\":\"https:\/\/capeeast.se\/wp-content\/uploads\/2019\/09\/cape_east_grey_transparent.png\",\"width\":300,\"height\":80,\"caption\":\"Cape East\"},\"image\":{\"@id\":\"https:\/\/capeeast.se\/#\/schema\/logo\/image\/\"},\"sameAs\":[\"https:\/\/www.facebook.com\/CapeEast\/\",\"https:\/\/www.instagram.com\/capeeast_hotelspa\/\"]}]}<\/script>\n<!-- \/ Yoast SEO plugin. -->","yoast_head_json":{"title":"Terms of condition - Cape East","description":"The minimum age to make a room reservation is 18, and everyone staying in the room must be 18 years of age or older unless accompanied by an adult.","robots":{"index":"index","follow":"follow","max-snippet":"max-snippet:-1","max-image-preview":"max-image-preview:large","max-video-preview":"max-video-preview:-1"},"canonical":"https:\/\/capeeast.se\/sv\/bokningsvillkor\/","og_locale":"sv_SE","og_type":"article","og_title":"Terms of condition - Cape East","og_description":"The minimum age to make a room reservation is 18, and everyone staying in the room must be 18 years of age or older unless accompanied by an adult.","og_url":"https:\/\/capeeast.se\/sv\/bokningsvillkor\/","og_site_name":"Cape East","article_publisher":"https:\/\/www.facebook.com\/CapeEast\/","article_modified_time":"2026-02-25T12:40:38+00:00","og_image":[{"width":900,"height":600,"url":"https:\/\/capeeast.se\/wp-content\/uploads\/2019\/05\/cape-east.jpg","type":"image\/jpeg"}],"twitter_card":"summary_large_image","twitter_misc":{"Ber\u00e4knad l\u00e4stid":"6 minuter"},"schema":{"@context":"https:\/\/schema.org","@graph":[{"@type":"WebPage","@id":"https:\/\/capeeast.se\/terms-of-condition\/","url":"https:\/\/capeeast.se\/terms-of-condition\/","name":"Terms of condition - Cape East","isPartOf":{"@id":"https:\/\/capeeast.se\/#website"},"datePublished":"2019-09-09T07:37:54+00:00","dateModified":"2026-02-25T12:40:38+00:00","description":"The minimum age to make a room reservation is 18, and everyone staying in the room must be 18 years of age or older unless accompanied by an adult.","breadcrumb":{"@id":"https:\/\/capeeast.se\/terms-of-condition\/#breadcrumb"},"inLanguage":"sv-SE","potentialAction":[{"@type":"ReadAction","target":["https:\/\/capeeast.se\/terms-of-condition\/"]}]},{"@type":"BreadcrumbList","@id":"https:\/\/capeeast.se\/terms-of-condition\/#breadcrumb","itemListElement":[{"@type":"ListItem","position":1,"name":"Home","item":"https:\/\/capeeast.se\/"},{"@type":"ListItem","position":2,"name":"Terms of condition"}]},{"@type":"WebSite","@id":"https:\/\/capeeast.se\/#website","url":"https:\/\/capeeast.se\/","name":"Cape East","description":"Hotel &amp; SPA","publisher":{"@id":"https:\/\/capeeast.se\/#organization"},"potentialAction":[{"@type":"SearchAction","target":{"@type":"EntryPoint","urlTemplate":"https:\/\/capeeast.se\/?s={search_term_string}"},"query-input":{"@type":"PropertyValueSpecification","valueRequired":true,"valueName":"search_term_string"}}],"inLanguage":"sv-SE"},{"@type":"Organization","@id":"https:\/\/capeeast.se\/#organization","name":"Cape East","url":"https:\/\/capeeast.se\/","logo":{"@type":"ImageObject","inLanguage":"sv-SE","@id":"https:\/\/capeeast.se\/#\/schema\/logo\/image\/","url":"https:\/\/capeeast.se\/wp-content\/uploads\/2019\/09\/cape_east_grey_transparent.png","contentUrl":"https:\/\/capeeast.se\/wp-content\/uploads\/2019\/09\/cape_east_grey_transparent.png","width":300,"height":80,"caption":"Cape East"},"image":{"@id":"https:\/\/capeeast.se\/#\/schema\/logo\/image\/"},"sameAs":["https:\/\/www.facebook.com\/CapeEast\/","https:\/\/www.instagram.com\/capeeast_hotelspa\/"]}]}},"_links":{"self":[{"href":"https:\/\/capeeast.se\/sv\/wp-json\/wp\/v2\/pages\/1003","targetHints":{"allow":["GET"]}}],"collection":[{"href":"https:\/\/capeeast.se\/sv\/wp-json\/wp\/v2\/pages"}],"about":[{"href":"https:\/\/capeeast.se\/sv\/wp-json\/wp\/v2\/types\/page"}],"author":[{"embeddable":true,"href":"https:\/\/capeeast.se\/sv\/wp-json\/wp\/v2\/users\/10"}],"replies":[{"embeddable":true,"href":"https:\/\/capeeast.se\/sv\/wp-json\/wp\/v2\/comments?post=1003"}],"version-history":[{"count":54,"href":"https:\/\/capeeast.se\/sv\/wp-json\/wp\/v2\/pages\/1003\/revisions"}],"predecessor-version":[{"id":10303,"href":"https:\/\/capeeast.se\/sv\/wp-json\/wp\/v2\/pages\/1003\/revisions\/10303"}],"wp:attachment":[{"href":"https:\/\/capeeast.se\/sv\/wp-json\/wp\/v2\/media?parent=1003"}],"curies":[{"name":"wp","href":"https:\/\/api.w.org\/{rel}","templated":true}]}}