{"id":7273,"date":"2022-09-15T13:16:16","date_gmt":"2022-09-15T12:16:16","guid":{"rendered":"https:\/\/capeeast.se\/?page_id=7273"},"modified":"2022-09-16T13:48:09","modified_gmt":"2022-09-16T12:48:09","slug":"meny-julbord","status":"publish","type":"page","link":"https:\/\/capeeast.se\/fi\/dining\/meny-julbord\/","title":{"rendered":"Meny &#8211; Julbord"},"content":{"rendered":"<div data-elementor-type=\"wp-page\" data-elementor-id=\"7273\" class=\"elementor elementor-7273\" data-elementor-post-type=\"page\">\n\t\t\t\t\t\t<section class=\"elementor-section elementor-top-section elementor-element elementor-element-784eefe elementor-section-boxed elementor-section-height-default elementor-section-height-default\" data-id=\"784eefe\" data-element_type=\"section\" data-e-type=\"section\" data-settings=\"{&quot;background_background&quot;:&quot;classic&quot;}\">\n\t\t\t\t\t\t<div class=\"elementor-container elementor-column-gap-default\">\n\t\t\t\t\t<div class=\"elementor-column elementor-col-100 elementor-top-column elementor-element elementor-element-8c09b29\" data-id=\"8c09b29\" data-element_type=\"column\" data-e-type=\"column\" data-settings=\"{&quot;background_background&quot;:&quot;classic&quot;}\">\n\t\t\t<div class=\"elementor-widget-wrap elementor-element-populated\">\n\t\t\t\t\t\t<div class=\"elementor-element elementor-element-e6c7c0f elementor-widget elementor-widget-heading\" data-id=\"e6c7c0f\" data-element_type=\"widget\" data-e-type=\"widget\" data-widget_type=\"heading.default\">\n\t\t\t\t<div class=\"elementor-widget-container\">\n\t\t\t\t\t<h3 class=\"elementor-heading-title elementor-size-default\">Joulup\u00f6yt\u00e4 2022<\/h3>\t\t\t\t<\/div>\n\t\t\t\t<\/div>\n\t\t\t\t<div class=\"elementor-element elementor-element-579ff2b elementor-widget elementor-widget-text-editor\" data-id=\"579ff2b\" data-element_type=\"widget\" data-e-type=\"widget\" data-widget_type=\"text-editor.default\">\n\t\t\t\t<div class=\"elementor-widget-container\">\n\t\t\t\t\t\t\t\t\t<p style=\"text-align: left;\"><em>Pid\u00e4t\u00e4mme oikeudet muutoksiin<\/em><\/p>\t\t\t\t\t\t\t\t<\/div>\n\t\t\t\t<\/div>\n\t\t\t\t<div class=\"elementor-element elementor-element-a05d778 elementor-widget elementor-widget-text-editor\" data-id=\"a05d778\" data-element_type=\"widget\" data-e-type=\"widget\" data-widget_type=\"text-editor.default\">\n\t\t\t\t<div class=\"elementor-widget-container\">\n\t\t\t\t\t\t\t\t\t<p style=\"text-align: left;\"><strong><span style=\"color: #800080;\"><span style=\"color: #00516f;\">Kylm\u00e4t ruoat<\/span><\/span><\/strong><\/p>\t\t\t\t\t\t\t\t<\/div>\n\t\t\t\t<\/div>\n\t\t\t\t<div class=\"elementor-element elementor-element-5b68a35 elementor-widget elementor-widget-text-editor\" data-id=\"5b68a35\" data-element_type=\"widget\" data-e-type=\"widget\" data-widget_type=\"text-editor.default\">\n\t\t\t\t<div class=\"elementor-widget-container\">\n\t\t\t\t\t\t\t\t\t<p style=\"text-align: left;\">Sinappisilli<br \/>Matjessilli<br \/>Mustaherukkasilli<br \/>M\u00e4tisilli<br \/>Sillisalaatti<br \/>\u00c4yri\u00e4ispat\u00e9e<br \/>Gubbr\u00f6ra<br \/>Katkarapuja<br \/>Mimosasalaatti<br \/>Punajuurisalaatti<br \/>Graavilohi<br \/>Kylm\u00e4savulohi-wasabirulla<br \/>L\u00e4mminsavulohi<br \/>Kananmunanpuolikkaita ja katkarapua<br \/>Poromakkara<br \/>Hirvimakkara<br \/>Tryffelisalami<br \/>Possupastrami<br \/>Kalkkunanrinta<br \/>Savustettu saksanhirven paisti<br \/>Paahtopaisti<br \/>Joulukinkku<br \/>Riistapat\u00e9e<br \/>Lihahyytel\u00f6<br \/>Maksapasteija<br \/>Sinappeja<br \/>Omenasose<br \/>Hillosipulia<br \/>Coctailkurkkuja<br \/>Cumberlandinkastike<br \/>Leip\u00e4\u00e4 ja voita<\/p>\t\t\t\t\t\t\t\t<\/div>\n\t\t\t\t<\/div>\n\t\t\t\t<div class=\"elementor-element elementor-element-63e1ae2 elementor-widget elementor-widget-text-editor\" data-id=\"63e1ae2\" data-element_type=\"widget\" data-e-type=\"widget\" data-widget_type=\"text-editor.default\">\n\t\t\t\t<div class=\"elementor-widget-container\">\n\t\t\t\t\t\t\t\t\t<p style=\"text-align: left;\"><strong><span style=\"color: #800080;\"><span style=\"color: #00516f;\">L\u00e4mpim\u00e4t ruoat<\/span><\/span><\/strong><\/p>\t\t\t\t\t\t\t\t<\/div>\n\t\t\t\t<\/div>\n\t\t\t\t<div class=\"elementor-element elementor-element-bbbc4cf elementor-widget elementor-widget-text-editor\" data-id=\"bbbc4cf\" data-element_type=\"widget\" data-e-type=\"widget\" data-widget_type=\"text-editor.default\">\n\t\t\t\t<div class=\"elementor-widget-container\">\n\t\t\t\t\t\t\t\t\t<p style=\"text-align: left;\">Keitetty peruna<br>Jansoninkiusaus<br>Lihapullat<br>Prinssinakki<br>Porsaanposkea<br>Paahdettu punajuuri<br>Haudutettua kaalia<\/p>\t\t\t\t\t\t\t\t<\/div>\n\t\t\t\t<\/div>\n\t\t\t\t<div class=\"elementor-element elementor-element-a8ba90b elementor-widget elementor-widget-text-editor\" data-id=\"a8ba90b\" data-element_type=\"widget\" data-e-type=\"widget\" data-widget_type=\"text-editor.default\">\n\t\t\t\t<div class=\"elementor-widget-container\">\n\t\t\t\t\t\t\t\t\t<p style=\"text-align: left;\"><strong><span style=\"color: #800080;\"><span style=\"color: #00516f;\">J\u00e4lkiruoat<\/span><\/span><\/strong><\/p>\t\t\t\t\t\t\t\t<\/div>\n\t\t\t\t<\/div>\n\t\t\t\t<div class=\"elementor-element elementor-element-a5a6b0a elementor-widget elementor-widget-text-editor\" data-id=\"a5a6b0a\" data-element_type=\"widget\" data-e-type=\"widget\" data-widget_type=\"text-editor.default\">\n\t\t\t\t<div class=\"elementor-widget-container\">\n\t\t\t\t\t\t\t\t\t<p style=\"text-align: left;\">Maltan riisi<br \/>Mandariini<br \/>Vadelmamousse<br \/>Suklaamousse<br \/>Porkkanakakku<br \/>Pekaanip\u00e4hkin\u00e4piirakka<br \/>Pehme\u00e4 piparkakku<br \/>Piparkakku<br \/>Joulumakeisia<br \/>Hedelmi\u00e4<br \/>Juustovalikoima<br \/>Viikunahillo<\/p>\t\t\t\t\t\t\t\t<\/div>\n\t\t\t\t<\/div>\n\t\t\t\t\t<\/div>\n\t\t<\/div>\n\t\t\t\t\t<\/div>\n\t\t<\/section>\n\t\t\t\t<\/div>","protected":false},"excerpt":{"rendered":"<p>Julbord 2022 Med reservation f\u00f6r f\u00f6r\u00e4ndringar Kalla r\u00e4tter SenapsillMatjessillSvartvinb\u00e4rssillRomsillSillsalladSkaldjurspat\u00e9Gubbr\u00f6raR\u00e4korMimosasalladR\u00f6dbetssalladGravad laxKallr\u00f6kt laxrulle med wasabiVarmr\u00f6kt lax\u00c4gghalvor med r\u00e4korRenkorv\u00c4lgkorvTryffelsalamiFl\u00e4skpastramiKalkonbr\u00f6stR\u00f6kt hjortstekRostbiffJulskinkaViltpat\u00e9KalvsyltaPastejlillt\u00e5rtaSenap\u00c4ppelmosSyltl\u00f6kCornichonsCumberlands\u00e5sBr\u00f6d och sm\u00f6r Varma r\u00e4tter Kokt potatisJansons frestelseK\u00f6ttbullarPrinskorvGriskindRostad r\u00f6dbetaBrunk\u00e5l Dessert Ris \u00e1 la maltaMandarinerHallonmousseChokladmousseMorotskakaPecanpajMjuk pepparkakaPepparkakorJulgodisarFruktOst sortimentFikonmarmelad<\/p>","protected":false},"author":15,"featured_media":0,"parent":221,"menu_order":0,"comment_status":"closed","ping_status":"closed","template":"","meta":{"_acf_changed":false,"footnotes":""},"class_list":["post-7273","page","type-page","status-publish","hentry"],"acf":[],"yoast_head":"<!-- This site is optimized with the Yoast SEO plugin v26.9 - https:\/\/yoast.com\/product\/yoast-seo-wordpress\/ -->\n<title>Meny - Julbord - Cape East<\/title>\n<meta name=\"robots\" content=\"index, follow, max-snippet:-1, max-image-preview:large, max-video-preview:-1\" \/>\n<link rel=\"canonical\" href=\"https:\/\/capeeast.se\/fi\/ravintola\/meny-julbord\/\" \/>\n<meta property=\"og:locale\" content=\"fi_FI\" \/>\n<meta property=\"og:type\" content=\"article\" \/>\n<meta property=\"og:title\" content=\"Meny - Julbord - Cape East\" \/>\n<meta property=\"og:description\" content=\"Julbord 2022 Med reservation f\u00f6r f\u00f6r\u00e4ndringar Kalla r\u00e4tter SenapsillMatjessillSvartvinb\u00e4rssillRomsillSillsalladSkaldjurspat\u00e9Gubbr\u00f6raR\u00e4korMimosasalladR\u00f6dbetssalladGravad laxKallr\u00f6kt laxrulle med wasabiVarmr\u00f6kt lax\u00c4gghalvor med r\u00e4korRenkorv\u00c4lgkorvTryffelsalamiFl\u00e4skpastramiKalkonbr\u00f6stR\u00f6kt hjortstekRostbiffJulskinkaViltpat\u00e9KalvsyltaPastejlillt\u00e5rtaSenap\u00c4ppelmosSyltl\u00f6kCornichonsCumberlands\u00e5sBr\u00f6d och sm\u00f6r Varma r\u00e4tter Kokt potatisJansons frestelseK\u00f6ttbullarPrinskorvGriskindRostad r\u00f6dbetaBrunk\u00e5l Dessert Ris \u00e1 la maltaMandarinerHallonmousseChokladmousseMorotskakaPecanpajMjuk pepparkakaPepparkakorJulgodisarFruktOst sortimentFikonmarmelad\" \/>\n<meta property=\"og:url\" content=\"https:\/\/capeeast.se\/fi\/ravintola\/meny-julbord\/\" \/>\n<meta property=\"og:site_name\" content=\"Cape East\" \/>\n<meta property=\"article:publisher\" content=\"https:\/\/www.facebook.com\/CapeEast\/\" \/>\n<meta property=\"article:modified_time\" content=\"2022-09-16T12:48:09+00:00\" \/>\n<meta property=\"og:image\" content=\"https:\/\/capeeast.se\/wp-content\/uploads\/2019\/05\/cape-east.jpg\" \/>\n\t<meta property=\"og:image:width\" content=\"900\" \/>\n\t<meta property=\"og:image:height\" content=\"600\" \/>\n\t<meta property=\"og:image:type\" content=\"image\/jpeg\" \/>\n<meta name=\"twitter:card\" content=\"summary_large_image\" \/>\n<meta name=\"twitter:label1\" content=\"Arvioitu lukuaika\" \/>\n\t<meta name=\"twitter:data1\" content=\"1 minuutti\" \/>\n<script type=\"application\/ld+json\" class=\"yoast-schema-graph\">{\"@context\":\"https:\/\/schema.org\",\"@graph\":[{\"@type\":\"WebPage\",\"@id\":\"https:\/\/capeeast.se\/dining\/meny-julbord\/\",\"url\":\"https:\/\/capeeast.se\/dining\/meny-julbord\/\",\"name\":\"Meny - Julbord - Cape East\",\"isPartOf\":{\"@id\":\"https:\/\/capeeast.se\/#website\"},\"datePublished\":\"2022-09-15T12:16:16+00:00\",\"dateModified\":\"2022-09-16T12:48:09+00:00\",\"breadcrumb\":{\"@id\":\"https:\/\/capeeast.se\/dining\/meny-julbord\/#breadcrumb\"},\"inLanguage\":\"fi\",\"potentialAction\":[{\"@type\":\"ReadAction\",\"target\":[\"https:\/\/capeeast.se\/dining\/meny-julbord\/\"]}]},{\"@type\":\"BreadcrumbList\",\"@id\":\"https:\/\/capeeast.se\/dining\/meny-julbord\/#breadcrumb\",\"itemListElement\":[{\"@type\":\"ListItem\",\"position\":1,\"name\":\"Home\",\"item\":\"https:\/\/capeeast.se\/\"},{\"@type\":\"ListItem\",\"position\":2,\"name\":\"Dining\",\"item\":\"https:\/\/capeeast.se\/dining\/\"},{\"@type\":\"ListItem\",\"position\":3,\"name\":\"Meny &#8211; Julbord\"}]},{\"@type\":\"WebSite\",\"@id\":\"https:\/\/capeeast.se\/#website\",\"url\":\"https:\/\/capeeast.se\/\",\"name\":\"Cape East\",\"description\":\"Hotel &amp; SPA\",\"publisher\":{\"@id\":\"https:\/\/capeeast.se\/#organization\"},\"potentialAction\":[{\"@type\":\"SearchAction\",\"target\":{\"@type\":\"EntryPoint\",\"urlTemplate\":\"https:\/\/capeeast.se\/?s={search_term_string}\"},\"query-input\":{\"@type\":\"PropertyValueSpecification\",\"valueRequired\":true,\"valueName\":\"search_term_string\"}}],\"inLanguage\":\"fi\"},{\"@type\":\"Organization\",\"@id\":\"https:\/\/capeeast.se\/#organization\",\"name\":\"Cape East\",\"url\":\"https:\/\/capeeast.se\/\",\"logo\":{\"@type\":\"ImageObject\",\"inLanguage\":\"fi\",\"@id\":\"https:\/\/capeeast.se\/#\/schema\/logo\/image\/\",\"url\":\"https:\/\/capeeast.se\/wp-content\/uploads\/2019\/09\/cape_east_grey_transparent.png\",\"contentUrl\":\"https:\/\/capeeast.se\/wp-content\/uploads\/2019\/09\/cape_east_grey_transparent.png\",\"width\":300,\"height\":80,\"caption\":\"Cape East\"},\"image\":{\"@id\":\"https:\/\/capeeast.se\/#\/schema\/logo\/image\/\"},\"sameAs\":[\"https:\/\/www.facebook.com\/CapeEast\/\",\"https:\/\/www.instagram.com\/capeeast_hotelspa\/\"]}]}<\/script>\n<!-- \/ Yoast SEO plugin. -->","yoast_head_json":{"title":"Meny - Julbord - Cape East","robots":{"index":"index","follow":"follow","max-snippet":"max-snippet:-1","max-image-preview":"max-image-preview:large","max-video-preview":"max-video-preview:-1"},"canonical":"https:\/\/capeeast.se\/fi\/ravintola\/meny-julbord\/","og_locale":"fi_FI","og_type":"article","og_title":"Meny - Julbord - Cape East","og_description":"Julbord 2022 Med reservation f\u00f6r f\u00f6r\u00e4ndringar Kalla r\u00e4tter SenapsillMatjessillSvartvinb\u00e4rssillRomsillSillsalladSkaldjurspat\u00e9Gubbr\u00f6raR\u00e4korMimosasalladR\u00f6dbetssalladGravad laxKallr\u00f6kt laxrulle med wasabiVarmr\u00f6kt lax\u00c4gghalvor med r\u00e4korRenkorv\u00c4lgkorvTryffelsalamiFl\u00e4skpastramiKalkonbr\u00f6stR\u00f6kt hjortstekRostbiffJulskinkaViltpat\u00e9KalvsyltaPastejlillt\u00e5rtaSenap\u00c4ppelmosSyltl\u00f6kCornichonsCumberlands\u00e5sBr\u00f6d och sm\u00f6r Varma r\u00e4tter Kokt potatisJansons frestelseK\u00f6ttbullarPrinskorvGriskindRostad r\u00f6dbetaBrunk\u00e5l Dessert Ris \u00e1 la maltaMandarinerHallonmousseChokladmousseMorotskakaPecanpajMjuk pepparkakaPepparkakorJulgodisarFruktOst sortimentFikonmarmelad","og_url":"https:\/\/capeeast.se\/fi\/ravintola\/meny-julbord\/","og_site_name":"Cape East","article_publisher":"https:\/\/www.facebook.com\/CapeEast\/","article_modified_time":"2022-09-16T12:48:09+00:00","og_image":[{"width":900,"height":600,"url":"https:\/\/capeeast.se\/wp-content\/uploads\/2019\/05\/cape-east.jpg","type":"image\/jpeg"}],"twitter_card":"summary_large_image","twitter_misc":{"Arvioitu lukuaika":"1 minuutti"},"schema":{"@context":"https:\/\/schema.org","@graph":[{"@type":"WebPage","@id":"https:\/\/capeeast.se\/dining\/meny-julbord\/","url":"https:\/\/capeeast.se\/dining\/meny-julbord\/","name":"Meny - Julbord - Cape East","isPartOf":{"@id":"https:\/\/capeeast.se\/#website"},"datePublished":"2022-09-15T12:16:16+00:00","dateModified":"2022-09-16T12:48:09+00:00","breadcrumb":{"@id":"https:\/\/capeeast.se\/dining\/meny-julbord\/#breadcrumb"},"inLanguage":"fi","potentialAction":[{"@type":"ReadAction","target":["https:\/\/capeeast.se\/dining\/meny-julbord\/"]}]},{"@type":"BreadcrumbList","@id":"https:\/\/capeeast.se\/dining\/meny-julbord\/#breadcrumb","itemListElement":[{"@type":"ListItem","position":1,"name":"Home","item":"https:\/\/capeeast.se\/"},{"@type":"ListItem","position":2,"name":"Dining","item":"https:\/\/capeeast.se\/dining\/"},{"@type":"ListItem","position":3,"name":"Meny &#8211; Julbord"}]},{"@type":"WebSite","@id":"https:\/\/capeeast.se\/#website","url":"https:\/\/capeeast.se\/","name":"Cape East","description":"Hotel &amp; SPA","publisher":{"@id":"https:\/\/capeeast.se\/#organization"},"potentialAction":[{"@type":"SearchAction","target":{"@type":"EntryPoint","urlTemplate":"https:\/\/capeeast.se\/?s={search_term_string}"},"query-input":{"@type":"PropertyValueSpecification","valueRequired":true,"valueName":"search_term_string"}}],"inLanguage":"fi"},{"@type":"Organization","@id":"https:\/\/capeeast.se\/#organization","name":"Cape East","url":"https:\/\/capeeast.se\/","logo":{"@type":"ImageObject","inLanguage":"fi","@id":"https:\/\/capeeast.se\/#\/schema\/logo\/image\/","url":"https:\/\/capeeast.se\/wp-content\/uploads\/2019\/09\/cape_east_grey_transparent.png","contentUrl":"https:\/\/capeeast.se\/wp-content\/uploads\/2019\/09\/cape_east_grey_transparent.png","width":300,"height":80,"caption":"Cape East"},"image":{"@id":"https:\/\/capeeast.se\/#\/schema\/logo\/image\/"},"sameAs":["https:\/\/www.facebook.com\/CapeEast\/","https:\/\/www.instagram.com\/capeeast_hotelspa\/"]}]}},"_links":{"self":[{"href":"https:\/\/capeeast.se\/fi\/wp-json\/wp\/v2\/pages\/7273","targetHints":{"allow":["GET"]}}],"collection":[{"href":"https:\/\/capeeast.se\/fi\/wp-json\/wp\/v2\/pages"}],"about":[{"href":"https:\/\/capeeast.se\/fi\/wp-json\/wp\/v2\/types\/page"}],"author":[{"embeddable":true,"href":"https:\/\/capeeast.se\/fi\/wp-json\/wp\/v2\/users\/15"}],"replies":[{"embeddable":true,"href":"https:\/\/capeeast.se\/fi\/wp-json\/wp\/v2\/comments?post=7273"}],"version-history":[{"count":14,"href":"https:\/\/capeeast.se\/fi\/wp-json\/wp\/v2\/pages\/7273\/revisions"}],"predecessor-version":[{"id":7319,"href":"https:\/\/capeeast.se\/fi\/wp-json\/wp\/v2\/pages\/7273\/revisions\/7319"}],"up":[{"embeddable":true,"href":"https:\/\/capeeast.se\/fi\/wp-json\/wp\/v2\/pages\/221"}],"wp:attachment":[{"href":"https:\/\/capeeast.se\/fi\/wp-json\/wp\/v2\/media?parent=7273"}],"curies":[{"name":"wp","href":"https:\/\/api.w.org\/{rel}","templated":true}]}}