{"id":4125,"date":"2021-05-14T09:31:03","date_gmt":"2021-05-14T08:31:03","guid":{"rendered":"https:\/\/capeeast.se\/?page_id=4125"},"modified":"2021-05-14T10:58:47","modified_gmt":"2021-05-14T09:58:47","slug":"grilla-sakert","status":"publish","type":"page","link":"https:\/\/capeeast.se\/fi\/camping\/grilla-sakert\/","title":{"rendered":"Grilla s\u00e4kert"},"content":{"rendered":"<div data-elementor-type=\"wp-post\" data-elementor-id=\"4125\" class=\"elementor elementor-4125\" data-elementor-post-type=\"page\">\n\t\t\t\t\t\t<section class=\"elementor-section elementor-top-section elementor-element elementor-element-7ac6f8c elementor-section-boxed elementor-section-height-default elementor-section-height-default\" data-id=\"7ac6f8c\" data-element_type=\"section\" data-e-type=\"section\">\n\t\t\t\t\t\t<div class=\"elementor-container elementor-column-gap-default\">\n\t\t\t\t\t<div class=\"elementor-column elementor-col-100 elementor-top-column elementor-element elementor-element-0038cbf\" data-id=\"0038cbf\" data-element_type=\"column\" data-e-type=\"column\">\n\t\t\t<div class=\"elementor-widget-wrap elementor-element-populated\">\n\t\t\t\t\t\t<div class=\"elementor-element elementor-element-d92b854 elementor-widget elementor-widget-heading\" data-id=\"d92b854\" data-element_type=\"widget\" data-e-type=\"widget\" data-widget_type=\"heading.default\">\n\t\t\t\t<div class=\"elementor-widget-container\">\n\t\t\t\t\t<h2 class=\"elementor-heading-title elementor-size-default\">Grillaa turvallisesti<\/h2>\t\t\t\t<\/div>\n\t\t\t\t<\/div>\n\t\t\t\t\t<\/div>\n\t\t<\/div>\n\t\t\t\t\t<\/div>\n\t\t<\/section>\n\t\t\t\t<section class=\"elementor-section elementor-top-section elementor-element elementor-element-eff9926 elementor-section-boxed elementor-section-height-default elementor-section-height-default\" data-id=\"eff9926\" data-element_type=\"section\" data-e-type=\"section\">\n\t\t\t\t\t\t<div class=\"elementor-container elementor-column-gap-default\">\n\t\t\t\t\t<div class=\"elementor-column elementor-col-16 elementor-top-column elementor-element elementor-element-88a51b7\" data-id=\"88a51b7\" data-element_type=\"column\" data-e-type=\"column\">\n\t\t\t<div class=\"elementor-widget-wrap\">\n\t\t\t\t\t\t\t<\/div>\n\t\t<\/div>\n\t\t\t\t<div class=\"elementor-column elementor-col-66 elementor-top-column elementor-element elementor-element-83e159c\" data-id=\"83e159c\" data-element_type=\"column\" data-e-type=\"column\">\n\t\t\t<div class=\"elementor-widget-wrap elementor-element-populated\">\n\t\t\t\t\t\t<div class=\"elementor-element elementor-element-4665ca1 elementor-widget elementor-widget-text-editor\" data-id=\"4665ca1\" data-element_type=\"widget\" data-e-type=\"widget\" data-widget_type=\"text-editor.default\">\n\t\t\t\t<div class=\"elementor-widget-container\">\n\t\t\t\t\t\t\t\t\t<p>Palovaara leirint\u00e4alueella grillaamisen yhteydess\u00e4 on erityisen suuri. On t\u00e4rke\u00e4\u00e4 muistaa, ett\u00e4 sammutusv\u00e4lineist\u00f6 on kunnossa ja saatavilla. Sammuttimella ja sammutuspeitolla sinulla on hyv\u00e4 mahdollisuus puuttua jo palon alkuvaiheessa ja v\u00e4ltty\u00e4 ik\u00e4vimmilt\u00e4 onnettomuuksilta.<\/p><p>Palon sammutusv\u00e4lineist\u00f6\u00e4 l\u00f6ytyy kaikista huoltorakennuksista. Varmista, ett\u00e4 tied\u00e4t, mist\u00e4 l\u00f6yd\u00e4t l\u00e4himm\u00e4n palosammutusv\u00e4lineen.<\/p><p>Tulipalon levi\u00e4misriskin v\u00e4hent\u00e4miseksi leirint\u00e4alueella on t\u00e4rke\u00e4\u00e4 noudattaa suositeltuja et\u00e4isyyksi\u00e4 teltoissa, asuntoautoissa -ja vaunuissa. Kahden teltan v\u00e4lisen et\u00e4isyyden tulee olla v\u00e4hint\u00e4\u00e4n kolme metri\u00e4 ja nelj\u00e4 metri\u00e4 asuntoautojen v\u00e4liss\u00e4. Muista my\u00f6s sijoittaa grilli aina v\u00e4hint\u00e4\u00e4n metrin p\u00e4\u00e4h\u00e4n asuntovaunusta tai teltasta ja asettaa grilli aina tasaiselle ja syttym\u00e4tt\u00f6m\u00e4lle alustalle.<\/p><p><span style=\"color: #800080;\"><strong>Yleisi\u00e4 turvallisuus neuvoja<\/strong><\/span><\/p><ul><li>\u00c4l\u00e4 koskaan k\u00e4yt\u00e4 etanolia, metanolia, alkoholia tai bensiini\u00e4 grillatessasi.<\/li><li>Ole varovainen kertak\u00e4ytt\u00f6isten grillien kanssa, sill\u00e4 ne aiheuttavat helposti tulipalon. Pid\u00e4 aina vett\u00e4 k\u00e4sill\u00e4, jotta voit nopeasti sammuttaa tulipalon, \u00e4l\u00e4k\u00e4 koskaan heit\u00e4 kuumaa kertak\u00e4ytt\u00f6ist\u00e4 grilli\u00e4 roskakoriin.<\/li><li>Muista, ett\u00e4 alkoholin vaikutuksen alaisena grillaaminen lis\u00e4\u00e4 tapaturmien riski\u00e4.<\/li><li>Kaasulla tai s\u00e4hk\u00f6ll\u00e4 grillatessa tulee tarkistaa, ett\u00e4 johdot ja liittimet ovat kunnossa.<\/li><li>Tarkkaile lapsia, etteiv\u00e4t he vahingoita itse\u00e4\u00e4n grilliin.<\/li><li>Heit\u00e4 hiili ja kertak\u00e4ytt\u00f6iset grillit niille tarkotetuille roska-astioille. Kierr\u00e4tyspisteet l\u00f6ytyv\u00e4t huoltorakennuksista.<\/li><\/ul>\t\t\t\t\t\t\t\t<\/div>\n\t\t\t\t<\/div>\n\t\t\t\t\t<\/div>\n\t\t<\/div>\n\t\t\t\t<div class=\"elementor-column elementor-col-16 elementor-top-column elementor-element elementor-element-cd9e158\" data-id=\"cd9e158\" data-element_type=\"column\" data-e-type=\"column\">\n\t\t\t<div class=\"elementor-widget-wrap\">\n\t\t\t\t\t\t\t<\/div>\n\t\t<\/div>\n\t\t\t\t\t<\/div>\n\t\t<\/section>\n\t\t\t\t<\/div>","protected":false},"excerpt":{"rendered":"<p>Grill safely At campsites, the risk of fire in connection with grilling is extra great. Mainly because you often live close to each other, and because tents and caravans burn easily. It is therefore important to remember to always have fire equipment on hand, because once the fire brigade appears on site, it may already [&hellip;]<\/p>\n","protected":false},"author":10,"featured_media":0,"parent":2127,"menu_order":0,"comment_status":"closed","ping_status":"closed","template":"elementor_header_footer","meta":{"_acf_changed":false,"footnotes":""},"class_list":["post-4125","page","type-page","status-publish","hentry"],"acf":[],"yoast_head":"<!-- This site is optimized with the Yoast SEO plugin v26.9 - https:\/\/yoast.com\/product\/yoast-seo-wordpress\/ -->\n<title>Grilla s\u00e4kert - Cape East<\/title>\n<meta name=\"description\" content=\"The minimum age to make a room reservation is 18, and everyone staying in the room must be 18 years of age or older unless accompanied by an adult.\" \/>\n<meta name=\"robots\" content=\"index, follow, max-snippet:-1, max-image-preview:large, max-video-preview:-1\" \/>\n<link rel=\"canonical\" href=\"https:\/\/capeeast.se\/fi\/camping\/grilla-sakert\/\" \/>\n<meta property=\"og:locale\" content=\"fi_FI\" \/>\n<meta property=\"og:type\" content=\"article\" \/>\n<meta property=\"og:title\" content=\"Grilla s\u00e4kert - Cape East\" \/>\n<meta property=\"og:description\" content=\"The minimum age to make a room reservation is 18, and everyone staying in the room must be 18 years of age or older unless accompanied by an adult.\" \/>\n<meta property=\"og:url\" content=\"https:\/\/capeeast.se\/fi\/camping\/grilla-sakert\/\" \/>\n<meta property=\"og:site_name\" content=\"Cape East\" \/>\n<meta property=\"article:publisher\" content=\"https:\/\/www.facebook.com\/CapeEast\/\" \/>\n<meta property=\"article:modified_time\" content=\"2021-05-14T09:58:47+00:00\" \/>\n<meta property=\"og:image\" content=\"https:\/\/capeeast.se\/wp-content\/uploads\/2019\/05\/cape-east.jpg\" \/>\n\t<meta property=\"og:image:width\" content=\"900\" \/>\n\t<meta property=\"og:image:height\" content=\"600\" \/>\n\t<meta property=\"og:image:type\" content=\"image\/jpeg\" \/>\n<meta name=\"twitter:card\" content=\"summary_large_image\" \/>\n<meta name=\"twitter:label1\" content=\"Arvioitu lukuaika\" \/>\n\t<meta name=\"twitter:data1\" content=\"2 minuuttia\" \/>\n<script type=\"application\/ld+json\" class=\"yoast-schema-graph\">{\"@context\":\"https:\/\/schema.org\",\"@graph\":[{\"@type\":\"WebPage\",\"@id\":\"https:\/\/capeeast.se\/camping\/grilla-sakert\/\",\"url\":\"https:\/\/capeeast.se\/camping\/grilla-sakert\/\",\"name\":\"Grilla s\u00e4kert - Cape East\",\"isPartOf\":{\"@id\":\"https:\/\/capeeast.se\/#website\"},\"datePublished\":\"2021-05-14T08:31:03+00:00\",\"dateModified\":\"2021-05-14T09:58:47+00:00\",\"description\":\"The minimum age to make a room reservation is 18, and everyone staying in the room must be 18 years of age or older unless accompanied by an adult.\",\"breadcrumb\":{\"@id\":\"https:\/\/capeeast.se\/camping\/grilla-sakert\/#breadcrumb\"},\"inLanguage\":\"fi\",\"potentialAction\":[{\"@type\":\"ReadAction\",\"target\":[\"https:\/\/capeeast.se\/camping\/grilla-sakert\/\"]}]},{\"@type\":\"BreadcrumbList\",\"@id\":\"https:\/\/capeeast.se\/camping\/grilla-sakert\/#breadcrumb\",\"itemListElement\":[{\"@type\":\"ListItem\",\"position\":1,\"name\":\"Home\",\"item\":\"https:\/\/capeeast.se\/\"},{\"@type\":\"ListItem\",\"position\":2,\"name\":\"Camping\",\"item\":\"https:\/\/capeeast.se\/camping\/\"},{\"@type\":\"ListItem\",\"position\":3,\"name\":\"Grilla s\u00e4kert\"}]},{\"@type\":\"WebSite\",\"@id\":\"https:\/\/capeeast.se\/#website\",\"url\":\"https:\/\/capeeast.se\/\",\"name\":\"Cape East\",\"description\":\"Hotel &amp; SPA\",\"publisher\":{\"@id\":\"https:\/\/capeeast.se\/#organization\"},\"potentialAction\":[{\"@type\":\"SearchAction\",\"target\":{\"@type\":\"EntryPoint\",\"urlTemplate\":\"https:\/\/capeeast.se\/?s={search_term_string}\"},\"query-input\":{\"@type\":\"PropertyValueSpecification\",\"valueRequired\":true,\"valueName\":\"search_term_string\"}}],\"inLanguage\":\"fi\"},{\"@type\":\"Organization\",\"@id\":\"https:\/\/capeeast.se\/#organization\",\"name\":\"Cape East\",\"url\":\"https:\/\/capeeast.se\/\",\"logo\":{\"@type\":\"ImageObject\",\"inLanguage\":\"fi\",\"@id\":\"https:\/\/capeeast.se\/#\/schema\/logo\/image\/\",\"url\":\"https:\/\/capeeast.se\/wp-content\/uploads\/2019\/09\/cape_east_grey_transparent.png\",\"contentUrl\":\"https:\/\/capeeast.se\/wp-content\/uploads\/2019\/09\/cape_east_grey_transparent.png\",\"width\":300,\"height\":80,\"caption\":\"Cape East\"},\"image\":{\"@id\":\"https:\/\/capeeast.se\/#\/schema\/logo\/image\/\"},\"sameAs\":[\"https:\/\/www.facebook.com\/CapeEast\/\",\"https:\/\/www.instagram.com\/capeeast_hotelspa\/\"]}]}<\/script>\n<!-- \/ Yoast SEO plugin. -->","yoast_head_json":{"title":"Grilla s\u00e4kert - Cape East","description":"The minimum age to make a room reservation is 18, and everyone staying in the room must be 18 years of age or older unless accompanied by an adult.","robots":{"index":"index","follow":"follow","max-snippet":"max-snippet:-1","max-image-preview":"max-image-preview:large","max-video-preview":"max-video-preview:-1"},"canonical":"https:\/\/capeeast.se\/fi\/camping\/grilla-sakert\/","og_locale":"fi_FI","og_type":"article","og_title":"Grilla s\u00e4kert - Cape East","og_description":"The minimum age to make a room reservation is 18, and everyone staying in the room must be 18 years of age or older unless accompanied by an adult.","og_url":"https:\/\/capeeast.se\/fi\/camping\/grilla-sakert\/","og_site_name":"Cape East","article_publisher":"https:\/\/www.facebook.com\/CapeEast\/","article_modified_time":"2021-05-14T09:58:47+00:00","og_image":[{"width":900,"height":600,"url":"https:\/\/capeeast.se\/wp-content\/uploads\/2019\/05\/cape-east.jpg","type":"image\/jpeg"}],"twitter_card":"summary_large_image","twitter_misc":{"Arvioitu lukuaika":"2 minuuttia"},"schema":{"@context":"https:\/\/schema.org","@graph":[{"@type":"WebPage","@id":"https:\/\/capeeast.se\/camping\/grilla-sakert\/","url":"https:\/\/capeeast.se\/camping\/grilla-sakert\/","name":"Grilla s\u00e4kert - Cape East","isPartOf":{"@id":"https:\/\/capeeast.se\/#website"},"datePublished":"2021-05-14T08:31:03+00:00","dateModified":"2021-05-14T09:58:47+00:00","description":"The minimum age to make a room reservation is 18, and everyone staying in the room must be 18 years of age or older unless accompanied by an adult.","breadcrumb":{"@id":"https:\/\/capeeast.se\/camping\/grilla-sakert\/#breadcrumb"},"inLanguage":"fi","potentialAction":[{"@type":"ReadAction","target":["https:\/\/capeeast.se\/camping\/grilla-sakert\/"]}]},{"@type":"BreadcrumbList","@id":"https:\/\/capeeast.se\/camping\/grilla-sakert\/#breadcrumb","itemListElement":[{"@type":"ListItem","position":1,"name":"Home","item":"https:\/\/capeeast.se\/"},{"@type":"ListItem","position":2,"name":"Camping","item":"https:\/\/capeeast.se\/camping\/"},{"@type":"ListItem","position":3,"name":"Grilla s\u00e4kert"}]},{"@type":"WebSite","@id":"https:\/\/capeeast.se\/#website","url":"https:\/\/capeeast.se\/","name":"Cape East","description":"Hotel &amp; SPA","publisher":{"@id":"https:\/\/capeeast.se\/#organization"},"potentialAction":[{"@type":"SearchAction","target":{"@type":"EntryPoint","urlTemplate":"https:\/\/capeeast.se\/?s={search_term_string}"},"query-input":{"@type":"PropertyValueSpecification","valueRequired":true,"valueName":"search_term_string"}}],"inLanguage":"fi"},{"@type":"Organization","@id":"https:\/\/capeeast.se\/#organization","name":"Cape East","url":"https:\/\/capeeast.se\/","logo":{"@type":"ImageObject","inLanguage":"fi","@id":"https:\/\/capeeast.se\/#\/schema\/logo\/image\/","url":"https:\/\/capeeast.se\/wp-content\/uploads\/2019\/09\/cape_east_grey_transparent.png","contentUrl":"https:\/\/capeeast.se\/wp-content\/uploads\/2019\/09\/cape_east_grey_transparent.png","width":300,"height":80,"caption":"Cape East"},"image":{"@id":"https:\/\/capeeast.se\/#\/schema\/logo\/image\/"},"sameAs":["https:\/\/www.facebook.com\/CapeEast\/","https:\/\/www.instagram.com\/capeeast_hotelspa\/"]}]}},"_links":{"self":[{"href":"https:\/\/capeeast.se\/fi\/wp-json\/wp\/v2\/pages\/4125","targetHints":{"allow":["GET"]}}],"collection":[{"href":"https:\/\/capeeast.se\/fi\/wp-json\/wp\/v2\/pages"}],"about":[{"href":"https:\/\/capeeast.se\/fi\/wp-json\/wp\/v2\/types\/page"}],"author":[{"embeddable":true,"href":"https:\/\/capeeast.se\/fi\/wp-json\/wp\/v2\/users\/10"}],"replies":[{"embeddable":true,"href":"https:\/\/capeeast.se\/fi\/wp-json\/wp\/v2\/comments?post=4125"}],"version-history":[{"count":5,"href":"https:\/\/capeeast.se\/fi\/wp-json\/wp\/v2\/pages\/4125\/revisions"}],"predecessor-version":[{"id":4130,"href":"https:\/\/capeeast.se\/fi\/wp-json\/wp\/v2\/pages\/4125\/revisions\/4130"}],"up":[{"embeddable":true,"href":"https:\/\/capeeast.se\/fi\/wp-json\/wp\/v2\/pages\/2127"}],"wp:attachment":[{"href":"https:\/\/capeeast.se\/fi\/wp-json\/wp\/v2\/media?parent=4125"}],"curies":[{"name":"wp","href":"https:\/\/api.w.org\/{rel}","templated":true}]}}