{"id":4119,"date":"2021-05-14T09:23:59","date_gmt":"2021-05-14T08:23:59","guid":{"rendered":"https:\/\/capeeast.se\/?page_id=4119"},"modified":"2021-05-14T10:57:19","modified_gmt":"2021-05-14T09:57:19","slug":"ordningsregler-camping","status":"publish","type":"page","link":"https:\/\/capeeast.se\/fi\/camping\/ordningsregler-camping\/","title":{"rendered":"Ordningsregler camping"},"content":{"rendered":"<div data-elementor-type=\"wp-post\" data-elementor-id=\"4119\" class=\"elementor elementor-4119\" data-elementor-post-type=\"page\">\n\t\t\t\t\t\t<section class=\"elementor-section elementor-top-section elementor-element elementor-element-3ebcc671 elementor-section-boxed elementor-section-height-default elementor-section-height-default\" data-id=\"3ebcc671\" data-element_type=\"section\" data-e-type=\"section\" data-settings=\"{&quot;background_background&quot;:&quot;classic&quot;}\">\n\t\t\t\t\t\t<div class=\"elementor-container elementor-column-gap-default\">\n\t\t\t\t\t<div class=\"elementor-column elementor-col-100 elementor-top-column elementor-element elementor-element-288f46a6\" data-id=\"288f46a6\" data-element_type=\"column\" data-e-type=\"column\">\n\t\t\t<div class=\"elementor-widget-wrap elementor-element-populated\">\n\t\t\t\t\t\t<div class=\"elementor-element elementor-element-6e29fe6f elementor-widget elementor-widget-heading\" data-id=\"6e29fe6f\" data-element_type=\"widget\" data-e-type=\"widget\" data-widget_type=\"heading.default\">\n\t\t\t\t<div class=\"elementor-widget-container\">\n\t\t\t\t\t<h2 class=\"elementor-heading-title elementor-size-default\">J\u00e4rjestyss\u00e4\u00e4nn\u00f6t<\/h2>\t\t\t\t<\/div>\n\t\t\t\t<\/div>\n\t\t\t\t<div class=\"elementor-element elementor-element-53c1746e elementor-widget elementor-widget-text-editor\" data-id=\"53c1746e\" data-element_type=\"widget\" data-e-type=\"widget\" data-widget_type=\"text-editor.default\">\n\t\t\t\t<div class=\"elementor-widget-container\">\n\t\t\t\t\t\t\t\t\t<p>Tervetuloa Cape East Camping alueelle, toivottavasti viihdytte meill\u00e4.<\/p><p>Seuraavat j\u00e4rjestyss\u00e4\u00e4nn\u00f6t ovat tehty sinun ja muiden alueella vierailevien mukavuuden vuoksi. S\u00e4\u00e4nn\u00f6t ovat kehitetty yhteisty\u00f6ss\u00e4 Nordic camping j\u00e4rjest\u00f6n kanssa.<\/p>\t\t\t\t\t\t\t\t<\/div>\n\t\t\t\t<\/div>\n\t\t\t\t\t<\/div>\n\t\t<\/div>\n\t\t\t\t\t<\/div>\n\t\t<\/section>\n\t\t\t\t<section class=\"elementor-section elementor-top-section elementor-element elementor-element-791e553 elementor-section-boxed elementor-section-height-default elementor-section-height-default\" data-id=\"791e553\" data-element_type=\"section\" data-e-type=\"section\" data-settings=\"{&quot;background_background&quot;:&quot;classic&quot;}\">\n\t\t\t\t\t\t<div class=\"elementor-container elementor-column-gap-default\">\n\t\t\t\t\t<div class=\"elementor-column elementor-col-100 elementor-top-column elementor-element elementor-element-5dd70f9\" data-id=\"5dd70f9\" data-element_type=\"column\" data-e-type=\"column\">\n\t\t\t<div class=\"elementor-widget-wrap elementor-element-populated\">\n\t\t\t\t\t\t<div class=\"elementor-element elementor-element-1d1c447 elementor-widget-divider--view-line elementor-widget elementor-widget-divider\" data-id=\"1d1c447\" data-element_type=\"widget\" data-e-type=\"widget\" data-widget_type=\"divider.default\">\n\t\t\t\t<div class=\"elementor-widget-container\">\n\t\t\t\t\t\t\t<div class=\"elementor-divider\">\n\t\t\t<span class=\"elementor-divider-separator\">\n\t\t\t\t\t\t<\/span>\n\t\t<\/div>\n\t\t\t\t\t\t<\/div>\n\t\t\t\t<\/div>\n\t\t\t\t\t<\/div>\n\t\t<\/div>\n\t\t\t\t\t<\/div>\n\t\t<\/section>\n\t\t\t\t<section class=\"elementor-section elementor-top-section elementor-element elementor-element-b594cde elementor-section-boxed elementor-section-height-default elementor-section-height-default\" data-id=\"b594cde\" data-element_type=\"section\" data-e-type=\"section\" data-settings=\"{&quot;background_background&quot;:&quot;classic&quot;}\">\n\t\t\t\t\t\t<div class=\"elementor-container elementor-column-gap-default\">\n\t\t\t\t\t<div class=\"elementor-column elementor-col-100 elementor-top-column elementor-element elementor-element-ece4d28\" data-id=\"ece4d28\" data-element_type=\"column\" data-e-type=\"column\">\n\t\t\t<div class=\"elementor-widget-wrap elementor-element-populated\">\n\t\t\t\t\t\t<div class=\"elementor-element elementor-element-211ab8f elementor-widget elementor-widget-text-editor\" data-id=\"211ab8f\" data-element_type=\"widget\" data-e-type=\"widget\" data-widget_type=\"text-editor.default\">\n\t\t\t\t<div class=\"elementor-widget-container\">\n\t\t\t\t\t\t\t\t\t<div class=\"elementor-element elementor-element-01c676c elementor-widget elementor-widget-heading\" data-id=\"01c676c\" data-element_type=\"widget\" data-widget_type=\"heading.default\"><div class=\"elementor-widget-container\"><h5 class=\"elementor-heading-title elementor-size-default\" style=\"text-align: center;\"><span style=\"color: #800080;\">Leirintalue vieraat<\/span><\/h5><\/div><\/div>\t\t\t\t\t\t\t\t<\/div>\n\t\t\t\t<\/div>\n\t\t\t\t\t<\/div>\n\t\t<\/div>\n\t\t\t\t\t<\/div>\n\t\t<\/section>\n\t\t\t\t<section class=\"elementor-section elementor-top-section elementor-element elementor-element-48ac330 elementor-section-boxed elementor-section-height-default elementor-section-height-default\" data-id=\"48ac330\" data-element_type=\"section\" data-e-type=\"section\" data-settings=\"{&quot;background_background&quot;:&quot;classic&quot;}\">\n\t\t\t\t\t\t<div class=\"elementor-container elementor-column-gap-default\">\n\t\t\t\t\t<div class=\"elementor-column elementor-col-50 elementor-top-column elementor-element elementor-element-caaafff\" data-id=\"caaafff\" data-element_type=\"column\" data-e-type=\"column\">\n\t\t\t<div class=\"elementor-widget-wrap elementor-element-populated\">\n\t\t\t\t\t\t<div class=\"elementor-element elementor-element-bc447c4 elementor-widget elementor-widget-text-editor\" data-id=\"bc447c4\" data-element_type=\"widget\" data-e-type=\"widget\" data-widget_type=\"text-editor.default\">\n\t\t\t\t<div class=\"elementor-widget-container\">\n\t\t\t\t\t\t\t\t\t<div class=\"elementor-element elementor-element-ea1c3f0 elementor-widget elementor-widget-text-editor\" data-id=\"ea1c3f0\" data-element_type=\"widget\" data-widget_type=\"text-editor.default\"><div class=\"elementor-widget-container\"><div class=\"elementor-text-editor elementor-clearfix\"><ul><li style=\"text-align: left;\"><strong>Kirjaudu sis\u00e4\u00e4n<\/strong> vastaanotossa, saapuessasi alueelle. <strong>N\u00e4yt\u00e4 leirint\u00e4aluekorttiasi.<\/strong>Ryhmien kohdalla, ryhm\u00e4n johtaja ilmoittaa koko ryhm\u00e4n saapumisen. Ilmoita my\u00f6s saapuessasi, jos sinulla on extra teltta, vene jne.\u00a0<\/li><li style=\"text-align: left;\">Jos sinulla on <strong>v\u00e4liaikainen leirint\u00e4aluekortti<\/strong>vastaanotto pit\u00e4\u00e4 sen l\u00e4ht\u00f6p\u00e4iv\u00e4\u00e4n saakka. Tilap\u00e4iv\u00e4isi\u00e4 vierailijoita pyyd\u00e4mme pys\u00e4k\u00f6im\u00e4\u00e4n alueen ulkopuolella olevalle parkkipaikalle, voimme veloittaa maksun tilap\u00e4iv\u00e4isist\u00e4 vierailijoista.<\/li><li style=\"text-align: left;\"><strong>Maksut<\/strong>: katso erillinen lista hinnoistamme.<\/li><li style=\"text-align: left;\">Leirint\u00e4alueen henkil\u00f6kunta on vastuussa <strong>rauhasta ja j\u00e4rjestyksest\u00e4 <\/strong>ja auttavat tarvittaessa ongelmatilanteissa.<\/li><li style=\"text-align: left;\"><strong>Kaikki telttavarusteet<\/strong>\u00a0ovat sopivia k\u00e4ytett\u00e4v\u00e4ksi leirint\u00e4alueellamme. Kaikkien matkailuajoneuvojen tulee olla rekister\u00f6ityn\u00e4 moottoriajoneuvoiksi.<\/li><li style=\"text-align: left;\" class=\"translation-block\">Teltan tai asuntoauton ymp\u00e4rille on kielletty\u00e4 pystytt\u00e4\u00e4 aitoja tai suojakaiteita. Kysy henkil\u00f6kunnaltamme, jos ep\u00e4ilet, mit\u00e4 sinulla on oikeus tehd\u00e4. Varmista, ett\u00e4 kaasu- ja s\u00e4hk\u00f6laitteet ovat testattu ja hyv\u00e4ksytty sovellettavien lakien mukaisesti.<\/li><li style=\"text-align: left;\">\u00c4l\u00e4 h\u00e4iritse\u00a0<strong>leirint\u00e4alueen rauhaa<\/strong>\u00a0moottoriajoneuvoille enemp\u00e4\u00e4 kuin on v\u00e4ltt\u00e4m\u00e4t\u00f6nt\u00e4. Aja alueelle k\u00e4velynopeudella mahdollisimman lyhyit\u00e4 matkoja.<\/li><li style=\"text-align: left;\">H\u00e4iritsev\u00e4 k\u00e4yt\u00f6s ei ole sallittua.\u00a0<strong>Ota muut huomioon.<\/strong>Leirint\u00e4alueella tulisi olla hiljaista klo 23:00-07:00 v\u00e4lisen\u00e4 aikana.<\/li><\/ul><\/div><\/div><\/div>\t\t\t\t\t\t\t\t<\/div>\n\t\t\t\t<\/div>\n\t\t\t\t\t<\/div>\n\t\t<\/div>\n\t\t\t\t<div class=\"elementor-column elementor-col-50 elementor-top-column elementor-element elementor-element-570e61a\" data-id=\"570e61a\" data-element_type=\"column\" data-e-type=\"column\">\n\t\t\t<div class=\"elementor-widget-wrap elementor-element-populated\">\n\t\t\t\t\t\t<div class=\"elementor-element elementor-element-3ca53fa elementor-widget elementor-widget-text-editor\" data-id=\"3ca53fa\" data-element_type=\"widget\" data-e-type=\"widget\" data-widget_type=\"text-editor.default\">\n\t\t\t\t<div class=\"elementor-widget-container\">\n\t\t\t\t\t\t\t\t\t<ul><li style=\"text-align: left;\">Auta lapsia l\u00f6yt\u00e4m\u00e4\u00e4n paikkoja, miss\u00e4 leikki\u00e4.\u00a0<strong>playing<\/strong>Pallon heitt\u00e4minen tai potkiminen leirint\u00e4alueella on kielletty.<\/li><li style=\"text-align: left;\">Koiran omistajia pyydet\u00e4\u00e4n huomioimaan alueella muut vieraat. Pid\u00e4\u00a0<strong>koirasi<\/strong>\u00a0aina kytkettyn\u00e4 ja ker\u00e4\u00e4 j\u00e4t\u00f6kset niille osoitettuun paikkaan.<\/li><li style=\"text-align: left;\"><strong>Myynti<\/strong>\u00a0leirint\u00e4alueella saa tapahtua vain johtajan luvalla.<\/li><li style=\"text-align: left;\">Auta meit\u00e4 pit\u00e4m\u00e4\u00e4n leirint\u00e4alue roskattomana.\u00a0<strong>Kierr\u00e4t\u00e4 roskasi<\/strong>\u00a0niille osoitetuille paikoille.<\/li><li style=\"text-align: left;\">J\u00e4t\u00e4\u00a0<strong>yleiset tilat<\/strong>\u00a0(vessat, suihkut ja keitti\u00f6) samaan kuntoon kuin saapuessasi.<\/li><li style=\"text-align: left;\"><strong>Auton pesu<\/strong>\u00a0on vain niille osoitetuilla paikoilla.<\/li><li style=\"text-align: left;\"><strong>L\u00e4ht\u00f6p\u00e4iv\u00e4.<\/strong>Ellei toisin ole sovittu vastaanoton kanssa, pit\u00e4\u00e4 olla tyhjennettyn\u00e4 puoleen p\u00e4iv\u00e4\u00e4n menness\u00e4 l\u00e4ht\u00f6p\u00e4iv\u00e4n\u00e4.<\/li><li style=\"text-align: left;\">Leirint\u00e4alueen henkil\u00f6kunta\u00a0<strong>ei ole vastuussa<\/strong>\u00a0leirint\u00e4alueen vieraiden omaisuuden vahingoittumisesta tai katoamisesta. Jos vahingoitat toisen omaisuutta, rakennuksia tai materiaaleja olet korvausvelvollinen voimassa olevien m\u00e4\u00e4r\u00e4ysten mukaisesti.<\/li><\/ul>\t\t\t\t\t\t\t\t<\/div>\n\t\t\t\t<\/div>\n\t\t\t\t\t<\/div>\n\t\t<\/div>\n\t\t\t\t\t<\/div>\n\t\t<\/section>\n\t\t\t\t<\/div>","protected":false},"excerpt":{"rendered":"<p>Rules of conduct Welcome to Cape East Camping, we hope you will enjoy your stay. The following rules of conducts are for your and other campers comfort. The rules of conduct have been developed in collaboration with the Nordic camping organizations. Campsite guests Sign up at the reception immediately upon arrival. Hand over Your Camping [&hellip;]<\/p>\n","protected":false},"author":10,"featured_media":0,"parent":2127,"menu_order":0,"comment_status":"closed","ping_status":"closed","template":"elementor_header_footer","meta":{"_acf_changed":false,"footnotes":""},"class_list":["post-4119","page","type-page","status-publish","hentry"],"acf":[],"yoast_head":"<!-- This site is optimized with the Yoast SEO plugin v26.9 - https:\/\/yoast.com\/product\/yoast-seo-wordpress\/ -->\n<title>Ordningsregler camping - Cape East<\/title>\n<meta name=\"description\" content=\"The minimum age to make a room reservation is 18, and everyone staying in the room must be 18 years of age or older unless accompanied by an adult.\" \/>\n<meta name=\"robots\" content=\"index, follow, max-snippet:-1, max-image-preview:large, max-video-preview:-1\" \/>\n<link rel=\"canonical\" href=\"https:\/\/capeeast.se\/fi\/camping\/ordningsregler-camping\/\" \/>\n<meta property=\"og:locale\" content=\"fi_FI\" \/>\n<meta property=\"og:type\" content=\"article\" \/>\n<meta property=\"og:title\" content=\"Ordningsregler camping - Cape East\" \/>\n<meta property=\"og:description\" content=\"The minimum age to make a room reservation is 18, and everyone staying in the room must be 18 years of age or older unless accompanied by an adult.\" \/>\n<meta property=\"og:url\" content=\"https:\/\/capeeast.se\/fi\/camping\/ordningsregler-camping\/\" \/>\n<meta property=\"og:site_name\" content=\"Cape East\" \/>\n<meta property=\"article:publisher\" content=\"https:\/\/www.facebook.com\/CapeEast\/\" \/>\n<meta property=\"article:modified_time\" content=\"2021-05-14T09:57:19+00:00\" \/>\n<meta property=\"og:image\" content=\"https:\/\/capeeast.se\/wp-content\/uploads\/2019\/05\/cape-east.jpg\" \/>\n\t<meta property=\"og:image:width\" content=\"900\" \/>\n\t<meta property=\"og:image:height\" content=\"600\" \/>\n\t<meta property=\"og:image:type\" content=\"image\/jpeg\" \/>\n<meta name=\"twitter:card\" content=\"summary_large_image\" \/>\n<meta name=\"twitter:label1\" content=\"Arvioitu lukuaika\" \/>\n\t<meta name=\"twitter:data1\" content=\"2 minuuttia\" \/>\n<script type=\"application\/ld+json\" class=\"yoast-schema-graph\">{\"@context\":\"https:\/\/schema.org\",\"@graph\":[{\"@type\":\"WebPage\",\"@id\":\"https:\/\/capeeast.se\/sv\/camping\/ordningsregler-camping\/\",\"url\":\"https:\/\/capeeast.se\/sv\/camping\/ordningsregler-camping\/\",\"name\":\"Ordningsregler camping - Cape East\",\"isPartOf\":{\"@id\":\"https:\/\/capeeast.se\/#website\"},\"datePublished\":\"2021-05-14T08:23:59+00:00\",\"dateModified\":\"2021-05-14T09:57:19+00:00\",\"description\":\"The minimum age to make a room reservation is 18, and everyone staying in the room must be 18 years of age or older unless accompanied by an adult.\",\"breadcrumb\":{\"@id\":\"https:\/\/capeeast.se\/sv\/camping\/ordningsregler-camping\/#breadcrumb\"},\"inLanguage\":\"fi\",\"potentialAction\":[{\"@type\":\"ReadAction\",\"target\":[\"https:\/\/capeeast.se\/sv\/camping\/ordningsregler-camping\/\"]}]},{\"@type\":\"BreadcrumbList\",\"@id\":\"https:\/\/capeeast.se\/sv\/camping\/ordningsregler-camping\/#breadcrumb\",\"itemListElement\":[{\"@type\":\"ListItem\",\"position\":1,\"name\":\"Home\",\"item\":\"https:\/\/capeeast.se\/\"},{\"@type\":\"ListItem\",\"position\":2,\"name\":\"Camping\",\"item\":\"https:\/\/capeeast.se\/camping\/\"},{\"@type\":\"ListItem\",\"position\":3,\"name\":\"Ordningsregler camping\"}]},{\"@type\":\"WebSite\",\"@id\":\"https:\/\/capeeast.se\/#website\",\"url\":\"https:\/\/capeeast.se\/\",\"name\":\"Cape East\",\"description\":\"Hotel &amp; SPA\",\"publisher\":{\"@id\":\"https:\/\/capeeast.se\/#organization\"},\"potentialAction\":[{\"@type\":\"SearchAction\",\"target\":{\"@type\":\"EntryPoint\",\"urlTemplate\":\"https:\/\/capeeast.se\/?s={search_term_string}\"},\"query-input\":{\"@type\":\"PropertyValueSpecification\",\"valueRequired\":true,\"valueName\":\"search_term_string\"}}],\"inLanguage\":\"fi\"},{\"@type\":\"Organization\",\"@id\":\"https:\/\/capeeast.se\/#organization\",\"name\":\"Cape East\",\"url\":\"https:\/\/capeeast.se\/\",\"logo\":{\"@type\":\"ImageObject\",\"inLanguage\":\"fi\",\"@id\":\"https:\/\/capeeast.se\/#\/schema\/logo\/image\/\",\"url\":\"https:\/\/capeeast.se\/wp-content\/uploads\/2019\/09\/cape_east_grey_transparent.png\",\"contentUrl\":\"https:\/\/capeeast.se\/wp-content\/uploads\/2019\/09\/cape_east_grey_transparent.png\",\"width\":300,\"height\":80,\"caption\":\"Cape East\"},\"image\":{\"@id\":\"https:\/\/capeeast.se\/#\/schema\/logo\/image\/\"},\"sameAs\":[\"https:\/\/www.facebook.com\/CapeEast\/\",\"https:\/\/www.instagram.com\/capeeast_hotelspa\/\"]}]}<\/script>\n<!-- \/ Yoast SEO plugin. -->","yoast_head_json":{"title":"Ordningsregler camping - Cape East","description":"The minimum age to make a room reservation is 18, and everyone staying in the room must be 18 years of age or older unless accompanied by an adult.","robots":{"index":"index","follow":"follow","max-snippet":"max-snippet:-1","max-image-preview":"max-image-preview:large","max-video-preview":"max-video-preview:-1"},"canonical":"https:\/\/capeeast.se\/fi\/camping\/ordningsregler-camping\/","og_locale":"fi_FI","og_type":"article","og_title":"Ordningsregler camping - Cape East","og_description":"The minimum age to make a room reservation is 18, and everyone staying in the room must be 18 years of age or older unless accompanied by an adult.","og_url":"https:\/\/capeeast.se\/fi\/camping\/ordningsregler-camping\/","og_site_name":"Cape East","article_publisher":"https:\/\/www.facebook.com\/CapeEast\/","article_modified_time":"2021-05-14T09:57:19+00:00","og_image":[{"width":900,"height":600,"url":"https:\/\/capeeast.se\/wp-content\/uploads\/2019\/05\/cape-east.jpg","type":"image\/jpeg"}],"twitter_card":"summary_large_image","twitter_misc":{"Arvioitu lukuaika":"2 minuuttia"},"schema":{"@context":"https:\/\/schema.org","@graph":[{"@type":"WebPage","@id":"https:\/\/capeeast.se\/sv\/camping\/ordningsregler-camping\/","url":"https:\/\/capeeast.se\/sv\/camping\/ordningsregler-camping\/","name":"Ordningsregler camping - Cape East","isPartOf":{"@id":"https:\/\/capeeast.se\/#website"},"datePublished":"2021-05-14T08:23:59+00:00","dateModified":"2021-05-14T09:57:19+00:00","description":"The minimum age to make a room reservation is 18, and everyone staying in the room must be 18 years of age or older unless accompanied by an adult.","breadcrumb":{"@id":"https:\/\/capeeast.se\/sv\/camping\/ordningsregler-camping\/#breadcrumb"},"inLanguage":"fi","potentialAction":[{"@type":"ReadAction","target":["https:\/\/capeeast.se\/sv\/camping\/ordningsregler-camping\/"]}]},{"@type":"BreadcrumbList","@id":"https:\/\/capeeast.se\/sv\/camping\/ordningsregler-camping\/#breadcrumb","itemListElement":[{"@type":"ListItem","position":1,"name":"Home","item":"https:\/\/capeeast.se\/"},{"@type":"ListItem","position":2,"name":"Camping","item":"https:\/\/capeeast.se\/camping\/"},{"@type":"ListItem","position":3,"name":"Ordningsregler camping"}]},{"@type":"WebSite","@id":"https:\/\/capeeast.se\/#website","url":"https:\/\/capeeast.se\/","name":"Cape East","description":"Hotel &amp; SPA","publisher":{"@id":"https:\/\/capeeast.se\/#organization"},"potentialAction":[{"@type":"SearchAction","target":{"@type":"EntryPoint","urlTemplate":"https:\/\/capeeast.se\/?s={search_term_string}"},"query-input":{"@type":"PropertyValueSpecification","valueRequired":true,"valueName":"search_term_string"}}],"inLanguage":"fi"},{"@type":"Organization","@id":"https:\/\/capeeast.se\/#organization","name":"Cape East","url":"https:\/\/capeeast.se\/","logo":{"@type":"ImageObject","inLanguage":"fi","@id":"https:\/\/capeeast.se\/#\/schema\/logo\/image\/","url":"https:\/\/capeeast.se\/wp-content\/uploads\/2019\/09\/cape_east_grey_transparent.png","contentUrl":"https:\/\/capeeast.se\/wp-content\/uploads\/2019\/09\/cape_east_grey_transparent.png","width":300,"height":80,"caption":"Cape East"},"image":{"@id":"https:\/\/capeeast.se\/#\/schema\/logo\/image\/"},"sameAs":["https:\/\/www.facebook.com\/CapeEast\/","https:\/\/www.instagram.com\/capeeast_hotelspa\/"]}]}},"_links":{"self":[{"href":"https:\/\/capeeast.se\/fi\/wp-json\/wp\/v2\/pages\/4119","targetHints":{"allow":["GET"]}}],"collection":[{"href":"https:\/\/capeeast.se\/fi\/wp-json\/wp\/v2\/pages"}],"about":[{"href":"https:\/\/capeeast.se\/fi\/wp-json\/wp\/v2\/types\/page"}],"author":[{"embeddable":true,"href":"https:\/\/capeeast.se\/fi\/wp-json\/wp\/v2\/users\/10"}],"replies":[{"embeddable":true,"href":"https:\/\/capeeast.se\/fi\/wp-json\/wp\/v2\/comments?post=4119"}],"version-history":[{"count":12,"href":"https:\/\/capeeast.se\/fi\/wp-json\/wp\/v2\/pages\/4119\/revisions"}],"predecessor-version":[{"id":4149,"href":"https:\/\/capeeast.se\/fi\/wp-json\/wp\/v2\/pages\/4119\/revisions\/4149"}],"up":[{"embeddable":true,"href":"https:\/\/capeeast.se\/fi\/wp-json\/wp\/v2\/pages\/2127"}],"wp:attachment":[{"href":"https:\/\/capeeast.se\/fi\/wp-json\/wp\/v2\/media?parent=4119"}],"curies":[{"name":"wp","href":"https:\/\/api.w.org\/{rel}","templated":true}]}}