{"id":4059,"date":"2021-04-23T11:11:35","date_gmt":"2021-04-23T10:11:35","guid":{"rendered":"https:\/\/capeeast.se\/?page_id=4059"},"modified":"2021-04-23T11:11:35","modified_gmt":"2021-04-23T10:11:35","slug":"tavlingsvillkor","status":"publish","type":"page","link":"https:\/\/capeeast.se\/fi\/tavlingsvillkor\/","title":{"rendered":"T\u00e4vlingsvillkor"},"content":{"rendered":"<div data-elementor-type=\"wp-page\" data-elementor-id=\"4059\" class=\"elementor elementor-4059\" data-elementor-post-type=\"page\">\n\t\t\t\t\t\t<section class=\"elementor-section elementor-top-section elementor-element elementor-element-18c0056 elementor-section-boxed elementor-section-height-default elementor-section-height-default\" data-id=\"18c0056\" data-element_type=\"section\" data-e-type=\"section\">\n\t\t\t\t\t\t<div class=\"elementor-container elementor-column-gap-default\">\n\t\t\t\t\t<div class=\"elementor-column elementor-col-100 elementor-top-column elementor-element elementor-element-4775658\" data-id=\"4775658\" data-element_type=\"column\" data-e-type=\"column\">\n\t\t\t<div class=\"elementor-widget-wrap elementor-element-populated\">\n\t\t\t\t\t\t<div class=\"elementor-element elementor-element-a01359a elementor-widget elementor-widget-text-editor\" data-id=\"a01359a\" data-element_type=\"widget\" data-e-type=\"widget\" data-widget_type=\"text-editor.default\">\n\t\t\t\t<div class=\"elementor-widget-container\">\n\t\t\t\t\t\t\t\t\t<p><\/p>\n<h4 class=\"wp-block-heading\"><strong style=\"color: inherit; font-family: inherit; font-size: 1.5rem;\">T\u00e4vlingsvillkor<\/strong><\/h4>\n<p><strong>f\u00f6r t\u00e4vlingen &#8220;Vinn en hotell\u00f6vernattning inkl. frukost f\u00f6r 2 personer&#8221;<\/strong><\/p>\n<p>\u00a0<\/p>\n<ul>\n<li>Vinsten g\u00e4ller f\u00f6r 2 personer i ett dubbelrum (standard eller superior).<\/li>\n<li>Spa eller andra aktiviteter ing\u00e5r ej, men kan k\u00f6pas till.<\/li>\n<li>T\u00e4vlingen p\u00e5g\u00e5r till 5 maj kl 12.00.<\/li>\n<li>Vinsten \u00e4r giltig i 1 \u00e5r.<\/li>\n<li>Ungef\u00e4rligt v\u00e4rde p\u00e5 vinsten \u00e4r 1295-2000 sek.<\/li>\n<li>Du m\u00e5ste vara 18 \u00e5r samt bo i Norden f\u00f6r att kunna t\u00e4vla.<\/li>\n<li>Vinnaren st\u00e5r f\u00f6r resan till och fr\u00e5n Cape East.<\/li>\n<li>Eventuell vinstskatt betalas av vinnaren.<\/li>\n<li>Jury best\u00e5r av personal fr\u00e5n Cape East AB.<\/li>\n<li>T\u00e4vlingen organiseras av Cape East.<\/li>\n<li>T\u00e4vlingen \u00e4r inte sponsrad, st\u00f6dd, administrerad av eller knuten till Instagram.<\/li>\n<li>Du m\u00e5ste f\u00f6lja alla Instagrams regler och din profil m\u00e5ste vara skapad i enlighet med Instagrams regler f\u00f6r att kunna delta.<\/li>\n<li>Vinnaren kontaktar Cape East efter att vinnaren utsetts p\u00e5 Cape Easts instagram-konto.<\/li>\n<li>Bokningen g\u00f6rs via <a href=\"mailto:info@capeeast.se\">info@capeeast.se<\/a> eller via telefon 0922-800 790.<\/li>\n<li>Priset \u00e4r individuellt och kan ej bytas ut mot kontanter eller ges bort till en annan person.<\/li>\n<li>Vi f\u00f6rbeh\u00e5ller oss r\u00e4tten att ta bort eller anm\u00e4la bidrag som bed\u00f6ms vara olagliga eller etisk st\u00f6tande.<br \/><br \/><\/li>\n<\/ul>\n<p>Vid eventuella fr\u00e5gor s\u00e5 kan ni kontakta Cape East via <a href=\"mailto:info@capeeast.se\">info@capeeast.se<\/a><\/p>\n<p><\/p>\t\t\t\t\t\t\t\t<\/div>\n\t\t\t\t<\/div>\n\t\t\t\t\t<\/div>\n\t\t<\/div>\n\t\t\t\t\t<\/div>\n\t\t<\/section>\n\t\t\t\t<\/div>","protected":false},"excerpt":{"rendered":"<p>T\u00e4vlingsvillkor f\u00f6r t\u00e4vlingen &#8220;Vinn en hotell\u00f6vernattning inkl. frukost f\u00f6r 2 personer&#8221; &nbsp; Vinsten g\u00e4ller f\u00f6r 2 personer i ett dubbelrum (standard eller superior). Spa eller andra aktiviteter ing\u00e5r ej, men kan k\u00f6pas till. T\u00e4vlingen p\u00e5g\u00e5r till 5 maj kl 12.00. Vinsten \u00e4r giltig i 1 \u00e5r. Ungef\u00e4rligt v\u00e4rde p\u00e5 vinsten \u00e4r 1295-2000 sek. Du m\u00e5ste [&hellip;]<\/p>\n","protected":false},"author":10,"featured_media":0,"parent":0,"menu_order":0,"comment_status":"closed","ping_status":"closed","template":"","meta":{"_acf_changed":false,"footnotes":""},"class_list":["post-4059","page","type-page","status-publish","hentry"],"acf":[],"yoast_head":"<!-- This site is optimized with the Yoast SEO plugin v26.9 - https:\/\/yoast.com\/product\/yoast-seo-wordpress\/ -->\n<title>T\u00e4vlingsvillkor - Cape East<\/title>\n<meta name=\"robots\" content=\"index, follow, max-snippet:-1, max-image-preview:large, max-video-preview:-1\" \/>\n<link rel=\"canonical\" href=\"https:\/\/capeeast.se\/fi\/tavlingsvillkor\/\" \/>\n<meta property=\"og:locale\" content=\"fi_FI\" \/>\n<meta property=\"og:type\" content=\"article\" \/>\n<meta property=\"og:title\" content=\"T\u00e4vlingsvillkor - Cape East\" \/>\n<meta property=\"og:description\" content=\"T\u00e4vlingsvillkor f\u00f6r t\u00e4vlingen &#8220;Vinn en hotell\u00f6vernattning inkl. frukost f\u00f6r 2 personer&#8221; &nbsp; Vinsten g\u00e4ller f\u00f6r 2 personer i ett dubbelrum (standard eller superior). Spa eller andra aktiviteter ing\u00e5r ej, men kan k\u00f6pas till. T\u00e4vlingen p\u00e5g\u00e5r till 5 maj kl 12.00. Vinsten \u00e4r giltig i 1 \u00e5r. Ungef\u00e4rligt v\u00e4rde p\u00e5 vinsten \u00e4r 1295-2000 sek. Du m\u00e5ste [&hellip;]\" \/>\n<meta property=\"og:url\" content=\"https:\/\/capeeast.se\/fi\/tavlingsvillkor\/\" \/>\n<meta property=\"og:site_name\" content=\"Cape East\" \/>\n<meta property=\"article:publisher\" content=\"https:\/\/www.facebook.com\/CapeEast\/\" \/>\n<meta property=\"og:image\" content=\"https:\/\/capeeast.se\/wp-content\/uploads\/2019\/05\/cape-east.jpg\" \/>\n\t<meta property=\"og:image:width\" content=\"900\" \/>\n\t<meta property=\"og:image:height\" content=\"600\" \/>\n\t<meta property=\"og:image:type\" content=\"image\/jpeg\" \/>\n<meta name=\"twitter:card\" content=\"summary_large_image\" \/>\n<meta name=\"twitter:label1\" content=\"Arvioitu lukuaika\" \/>\n\t<meta name=\"twitter:data1\" content=\"1 minuutti\" \/>\n<script type=\"application\/ld+json\" class=\"yoast-schema-graph\">{\"@context\":\"https:\/\/schema.org\",\"@graph\":[{\"@type\":\"WebPage\",\"@id\":\"https:\/\/capeeast.se\/tavlingsvillkor\/\",\"url\":\"https:\/\/capeeast.se\/tavlingsvillkor\/\",\"name\":\"T\u00e4vlingsvillkor - Cape East\",\"isPartOf\":{\"@id\":\"https:\/\/capeeast.se\/#website\"},\"datePublished\":\"2021-04-23T10:11:35+00:00\",\"breadcrumb\":{\"@id\":\"https:\/\/capeeast.se\/tavlingsvillkor\/#breadcrumb\"},\"inLanguage\":\"fi\",\"potentialAction\":[{\"@type\":\"ReadAction\",\"target\":[\"https:\/\/capeeast.se\/tavlingsvillkor\/\"]}]},{\"@type\":\"BreadcrumbList\",\"@id\":\"https:\/\/capeeast.se\/tavlingsvillkor\/#breadcrumb\",\"itemListElement\":[{\"@type\":\"ListItem\",\"position\":1,\"name\":\"Home\",\"item\":\"https:\/\/capeeast.se\/\"},{\"@type\":\"ListItem\",\"position\":2,\"name\":\"T\u00e4vlingsvillkor\"}]},{\"@type\":\"WebSite\",\"@id\":\"https:\/\/capeeast.se\/#website\",\"url\":\"https:\/\/capeeast.se\/\",\"name\":\"Cape East\",\"description\":\"Hotel &amp; SPA\",\"publisher\":{\"@id\":\"https:\/\/capeeast.se\/#organization\"},\"potentialAction\":[{\"@type\":\"SearchAction\",\"target\":{\"@type\":\"EntryPoint\",\"urlTemplate\":\"https:\/\/capeeast.se\/?s={search_term_string}\"},\"query-input\":{\"@type\":\"PropertyValueSpecification\",\"valueRequired\":true,\"valueName\":\"search_term_string\"}}],\"inLanguage\":\"fi\"},{\"@type\":\"Organization\",\"@id\":\"https:\/\/capeeast.se\/#organization\",\"name\":\"Cape East\",\"url\":\"https:\/\/capeeast.se\/\",\"logo\":{\"@type\":\"ImageObject\",\"inLanguage\":\"fi\",\"@id\":\"https:\/\/capeeast.se\/#\/schema\/logo\/image\/\",\"url\":\"https:\/\/capeeast.se\/wp-content\/uploads\/2019\/09\/cape_east_grey_transparent.png\",\"contentUrl\":\"https:\/\/capeeast.se\/wp-content\/uploads\/2019\/09\/cape_east_grey_transparent.png\",\"width\":300,\"height\":80,\"caption\":\"Cape East\"},\"image\":{\"@id\":\"https:\/\/capeeast.se\/#\/schema\/logo\/image\/\"},\"sameAs\":[\"https:\/\/www.facebook.com\/CapeEast\/\",\"https:\/\/www.instagram.com\/capeeast_hotelspa\/\"]}]}<\/script>\n<!-- \/ Yoast SEO plugin. -->","yoast_head_json":{"title":"T\u00e4vlingsvillkor - Cape East","robots":{"index":"index","follow":"follow","max-snippet":"max-snippet:-1","max-image-preview":"max-image-preview:large","max-video-preview":"max-video-preview:-1"},"canonical":"https:\/\/capeeast.se\/fi\/tavlingsvillkor\/","og_locale":"fi_FI","og_type":"article","og_title":"T\u00e4vlingsvillkor - Cape East","og_description":"T\u00e4vlingsvillkor f\u00f6r t\u00e4vlingen &#8220;Vinn en hotell\u00f6vernattning inkl. frukost f\u00f6r 2 personer&#8221; &nbsp; Vinsten g\u00e4ller f\u00f6r 2 personer i ett dubbelrum (standard eller superior). Spa eller andra aktiviteter ing\u00e5r ej, men kan k\u00f6pas till. T\u00e4vlingen p\u00e5g\u00e5r till 5 maj kl 12.00. Vinsten \u00e4r giltig i 1 \u00e5r. Ungef\u00e4rligt v\u00e4rde p\u00e5 vinsten \u00e4r 1295-2000 sek. Du m\u00e5ste [&hellip;]","og_url":"https:\/\/capeeast.se\/fi\/tavlingsvillkor\/","og_site_name":"Cape East","article_publisher":"https:\/\/www.facebook.com\/CapeEast\/","og_image":[{"width":900,"height":600,"url":"https:\/\/capeeast.se\/wp-content\/uploads\/2019\/05\/cape-east.jpg","type":"image\/jpeg"}],"twitter_card":"summary_large_image","twitter_misc":{"Arvioitu lukuaika":"1 minuutti"},"schema":{"@context":"https:\/\/schema.org","@graph":[{"@type":"WebPage","@id":"https:\/\/capeeast.se\/tavlingsvillkor\/","url":"https:\/\/capeeast.se\/tavlingsvillkor\/","name":"T\u00e4vlingsvillkor - Cape East","isPartOf":{"@id":"https:\/\/capeeast.se\/#website"},"datePublished":"2021-04-23T10:11:35+00:00","breadcrumb":{"@id":"https:\/\/capeeast.se\/tavlingsvillkor\/#breadcrumb"},"inLanguage":"fi","potentialAction":[{"@type":"ReadAction","target":["https:\/\/capeeast.se\/tavlingsvillkor\/"]}]},{"@type":"BreadcrumbList","@id":"https:\/\/capeeast.se\/tavlingsvillkor\/#breadcrumb","itemListElement":[{"@type":"ListItem","position":1,"name":"Home","item":"https:\/\/capeeast.se\/"},{"@type":"ListItem","position":2,"name":"T\u00e4vlingsvillkor"}]},{"@type":"WebSite","@id":"https:\/\/capeeast.se\/#website","url":"https:\/\/capeeast.se\/","name":"Cape East","description":"Hotel &amp; SPA","publisher":{"@id":"https:\/\/capeeast.se\/#organization"},"potentialAction":[{"@type":"SearchAction","target":{"@type":"EntryPoint","urlTemplate":"https:\/\/capeeast.se\/?s={search_term_string}"},"query-input":{"@type":"PropertyValueSpecification","valueRequired":true,"valueName":"search_term_string"}}],"inLanguage":"fi"},{"@type":"Organization","@id":"https:\/\/capeeast.se\/#organization","name":"Cape East","url":"https:\/\/capeeast.se\/","logo":{"@type":"ImageObject","inLanguage":"fi","@id":"https:\/\/capeeast.se\/#\/schema\/logo\/image\/","url":"https:\/\/capeeast.se\/wp-content\/uploads\/2019\/09\/cape_east_grey_transparent.png","contentUrl":"https:\/\/capeeast.se\/wp-content\/uploads\/2019\/09\/cape_east_grey_transparent.png","width":300,"height":80,"caption":"Cape East"},"image":{"@id":"https:\/\/capeeast.se\/#\/schema\/logo\/image\/"},"sameAs":["https:\/\/www.facebook.com\/CapeEast\/","https:\/\/www.instagram.com\/capeeast_hotelspa\/"]}]}},"_links":{"self":[{"href":"https:\/\/capeeast.se\/fi\/wp-json\/wp\/v2\/pages\/4059","targetHints":{"allow":["GET"]}}],"collection":[{"href":"https:\/\/capeeast.se\/fi\/wp-json\/wp\/v2\/pages"}],"about":[{"href":"https:\/\/capeeast.se\/fi\/wp-json\/wp\/v2\/types\/page"}],"author":[{"embeddable":true,"href":"https:\/\/capeeast.se\/fi\/wp-json\/wp\/v2\/users\/10"}],"replies":[{"embeddable":true,"href":"https:\/\/capeeast.se\/fi\/wp-json\/wp\/v2\/comments?post=4059"}],"version-history":[{"count":5,"href":"https:\/\/capeeast.se\/fi\/wp-json\/wp\/v2\/pages\/4059\/revisions"}],"predecessor-version":[{"id":4064,"href":"https:\/\/capeeast.se\/fi\/wp-json\/wp\/v2\/pages\/4059\/revisions\/4064"}],"wp:attachment":[{"href":"https:\/\/capeeast.se\/fi\/wp-json\/wp\/v2\/media?parent=4059"}],"curies":[{"name":"wp","href":"https:\/\/api.w.org\/{rel}","templated":true}]}}