{"id":3366,"date":"2020-11-26T20:50:02","date_gmt":"2020-11-26T19:50:02","guid":{"rendered":"https:\/\/capeeast.se\/?page_id=3366"},"modified":"2025-11-28T00:15:56","modified_gmt":"2025-11-27T23:15:56","slug":"black-friday","status":"publish","type":"page","link":"https:\/\/capeeast.se\/fi\/black-friday\/","title":{"rendered":"Black Friday"},"content":{"rendered":"\t\t<div data-elementor-type=\"wp-page\" data-elementor-id=\"3366\" class=\"elementor elementor-3366\" data-elementor-post-type=\"page\">\n\t\t\t\t\t\t<section class=\"elementor-section elementor-top-section elementor-element elementor-element-7115fbe0 dc-has-condition dc-condition-equal pa-display-conditions-yes elementor-hidden-desktop elementor-hidden-tablet elementor-hidden-mobile elementor-section-boxed elementor-section-height-default elementor-section-height-default\" data-id=\"7115fbe0\" data-element_type=\"section\" data-e-type=\"section\" data-settings=\"{&quot;background_background&quot;:&quot;classic&quot;,&quot;pa_display_conditions_switcher&quot;:&quot;yes&quot;}\">\n\t\t\t\t\t\t\t<div class=\"elementor-background-overlay\"><\/div>\n\t\t\t\t\t\t\t<div class=\"elementor-container elementor-column-gap-default\">\n\t\t\t\t\t<div class=\"elementor-column elementor-col-100 elementor-top-column elementor-element elementor-element-5eab1d1a\" data-id=\"5eab1d1a\" data-element_type=\"column\" data-e-type=\"column\">\n\t\t\t<div class=\"elementor-widget-wrap elementor-element-populated\">\n\t\t\t\t\t\t<div class=\"elementor-element elementor-element-224ab756 elementor-widget elementor-widget-heading\" data-id=\"224ab756\" data-element_type=\"widget\" data-e-type=\"widget\" data-widget_type=\"heading.default\">\n\t\t\t\t<div class=\"elementor-widget-container\">\n\t\t\t\t\t<h2 class=\"elementor-heading-title elementor-size-default\">Exklusivt erbjudande, g\u00e4ller under 24h p\u00e5 Black Friday<\/h2>\t\t\t\t<\/div>\n\t\t\t\t<\/div>\n\t\t\t\t<div class=\"elementor-element elementor-element-1cef5ac1 elementor-widget elementor-widget-heading\" data-id=\"1cef5ac1\" data-element_type=\"widget\" data-e-type=\"widget\" data-widget_type=\"heading.default\">\n\t\t\t\t<div class=\"elementor-widget-container\">\n\t\t\t\t\t<h2 class=\"elementor-heading-title elementor-size-default\">Presentkort<\/h2>\t\t\t\t<\/div>\n\t\t\t\t<\/div>\n\t\t\t\t<div class=\"elementor-element elementor-element-588b969e elementor-widget elementor-widget-heading\" data-id=\"588b969e\" data-element_type=\"widget\" data-e-type=\"widget\" data-widget_type=\"heading.default\">\n\t\t\t\t<div class=\"elementor-widget-container\">\n\t\t\t\t\t<h2 class=\"elementor-heading-title elementor-size-default\">Vardagslyx V\u00e5rdeal f\u00f6r 2 personer<\/h2>\t\t\t\t<\/div>\n\t\t\t\t<\/div>\n\t\t\t\t<div class=\"elementor-element elementor-element-94802ae elementor-widget elementor-widget-heading\" data-id=\"94802ae\" data-element_type=\"widget\" data-e-type=\"widget\" data-widget_type=\"heading.default\">\n\t\t\t\t<div class=\"elementor-widget-container\">\n\t\t\t\t\t<h2 class=\"elementor-heading-title elementor-size-default\">K\u00f6p ett presentkort p\u00e5 ett h\u00e4rlig Vardaglyx-paket och boka in vistelsen n\u00e4r det passar dig mellan 1 april och 4 juni. Perfekt att ge bort som julklapp till n\u00e5gon du tycker om \u2013 eller som en v\u00e4lf\u00f6rtj\u00e4nt g\u00e5va till dig sj\u00e4lv!<\/h2>\t\t\t\t<\/div>\n\t\t\t\t<\/div>\n\t\t\t\t<div class=\"elementor-element elementor-element-18001ed elementor-widget elementor-widget-heading\" data-id=\"18001ed\" data-element_type=\"widget\" data-e-type=\"widget\" data-widget_type=\"heading.default\">\n\t\t\t\t<div class=\"elementor-widget-container\">\n\t\t\t\t\t<style>.elementor-element-18001ed{display:none !important}<\/style>\t\t\t\t<\/div>\n\t\t\t\t<\/div>\n\t\t\t\t<div class=\"elementor-element elementor-element-60c41367 elementor-countdown--label-block elementor-widget elementor-widget-countdown\" data-id=\"60c41367\" data-element_type=\"widget\" data-e-type=\"widget\" data-widget_type=\"countdown.default\">\n\t\t\t\t<div class=\"elementor-widget-container\">\n\t\t\t\t\t\t\t<div data-expire-actions=\"[{&quot;type&quot;:&quot;hide&quot;}]\" class=\"elementor-countdown-wrapper\" data-date=\"1764284400\">\n\t\t\t<div class=\"elementor-countdown-item\"><span class=\"elementor-countdown-digits elementor-countdown-days\"><\/span> <span class=\"elementor-countdown-label\">Days<\/span><\/div><div class=\"elementor-countdown-item\"><span class=\"elementor-countdown-digits elementor-countdown-hours\"><\/span> <span class=\"elementor-countdown-label\">Hours<\/span><\/div><div class=\"elementor-countdown-item\"><span class=\"elementor-countdown-digits elementor-countdown-minutes\"><\/span> <span class=\"elementor-countdown-label\">Minutes<\/span><\/div><div class=\"elementor-countdown-item\"><span class=\"elementor-countdown-digits elementor-countdown-seconds\"><\/span> <span class=\"elementor-countdown-label\">Seconds<\/span><\/div>\t\t<\/div>\n\t\t\t\t\t\t<\/div>\n\t\t\t\t<\/div>\n\t\t\t\t\t<\/div>\n\t\t<\/div>\n\t\t\t\t\t<\/div>\n\t\t<\/section>\n\t\t\t\t<section class=\"elementor-section elementor-top-section elementor-element elementor-element-6cc5308 elementor-section-boxed elementor-section-height-default elementor-section-height-default\" data-id=\"6cc5308\" data-element_type=\"section\" data-e-type=\"section\" data-settings=\"{&quot;background_background&quot;:&quot;classic&quot;}\">\n\t\t\t\t\t\t\t<div class=\"elementor-background-overlay\"><\/div>\n\t\t\t\t\t\t\t<div class=\"elementor-container elementor-column-gap-default\">\n\t\t\t\t\t<div class=\"elementor-column elementor-col-100 elementor-top-column elementor-element elementor-element-21aaffb\" data-id=\"21aaffb\" data-element_type=\"column\" data-e-type=\"column\">\n\t\t\t<div class=\"elementor-widget-wrap elementor-element-populated\">\n\t\t\t\t\t\t<div class=\"elementor-element elementor-element-5807bc2 elementor-widget elementor-widget-heading\" data-id=\"5807bc2\" data-element_type=\"widget\" data-e-type=\"widget\" data-widget_type=\"heading.default\">\n\t\t\t\t<div class=\"elementor-widget-container\">\n\t\t\t\t\t<h2 class=\"elementor-heading-title elementor-size-default\">Exklusivt erbjudande, g\u00e4ller under 24h p\u00e5 Black Friday<\/h2>\t\t\t\t<\/div>\n\t\t\t\t<\/div>\n\t\t\t\t<div class=\"elementor-element elementor-element-61b8083 elementor-widget elementor-widget-heading\" data-id=\"61b8083\" data-element_type=\"widget\" data-e-type=\"widget\" data-widget_type=\"heading.default\">\n\t\t\t\t<div class=\"elementor-widget-container\">\n\t\t\t\t\t<h2 class=\"elementor-heading-title elementor-size-default\">Presentkort<\/h2>\t\t\t\t<\/div>\n\t\t\t\t<\/div>\n\t\t\t\t<div class=\"elementor-element elementor-element-18753c4 elementor-widget elementor-widget-heading\" data-id=\"18753c4\" data-element_type=\"widget\" data-e-type=\"widget\" data-widget_type=\"heading.default\">\n\t\t\t\t<div class=\"elementor-widget-container\">\n\t\t\t\t\t<h2 class=\"elementor-heading-title elementor-size-default\">Vardagslyx V\u00e5rdeal f\u00f6r 2 personer<\/h2>\t\t\t\t<\/div>\n\t\t\t\t<\/div>\n\t\t\t\t<div class=\"elementor-element elementor-element-6fb8282 elementor-widget elementor-widget-heading\" data-id=\"6fb8282\" data-element_type=\"widget\" data-e-type=\"widget\" data-widget_type=\"heading.default\">\n\t\t\t\t<div class=\"elementor-widget-container\">\n\t\t\t\t\t<h2 class=\"elementor-heading-title elementor-size-default\">K\u00f6p ett presentkort p\u00e5 ett h\u00e4rlig Vardaglyx-paket och boka in vistelsen n\u00e4r det passar dig mellan 1 april och 4 juni. Perfekt att ge bort som julklapp till n\u00e5gon du tycker om \u2013 eller som en v\u00e4lf\u00f6rtj\u00e4nt g\u00e5va till dig sj\u00e4lv!<\/h2>\t\t\t\t<\/div>\n\t\t\t\t<\/div>\n\t\t\t\t<div class=\"elementor-element elementor-element-9bbea12 elementor-countdown--label-block elementor-widget elementor-widget-countdown\" data-id=\"9bbea12\" data-element_type=\"widget\" data-e-type=\"widget\" data-widget_type=\"countdown.default\">\n\t\t\t\t<div class=\"elementor-widget-container\">\n\t\t\t\t\t\t\t<div data-expire-actions=\"[{&quot;type&quot;:&quot;message&quot;}]\" class=\"elementor-countdown-wrapper\" data-date=\"1764370800\">\n\t\t\t<div class=\"elementor-countdown-item\"><span class=\"elementor-countdown-digits elementor-countdown-days\"><\/span> <span class=\"elementor-countdown-label\">Days<\/span><\/div><div class=\"elementor-countdown-item\"><span class=\"elementor-countdown-digits elementor-countdown-hours\"><\/span> <span class=\"elementor-countdown-label\">Hours<\/span><\/div><div class=\"elementor-countdown-item\"><span class=\"elementor-countdown-digits elementor-countdown-minutes\"><\/span> <span class=\"elementor-countdown-label\">Minutes<\/span><\/div><div class=\"elementor-countdown-item\"><span class=\"elementor-countdown-digits elementor-countdown-seconds\"><\/span> <span class=\"elementor-countdown-label\">Seconds<\/span><\/div>\t\t<\/div>\n\t\t\t\t\t\t<div class=\"elementor-countdown-expire--message\">\n\t\t\t\t\tErbjudande avslutat\t\t\t\t<\/div>\n\t\t\t\t\t\t\t\t<\/div>\n\t\t\t\t<\/div>\n\t\t\t\t<div class=\"elementor-element elementor-element-6c597a3 elementor-align-center pa-display-conditions-yes elementor-widget elementor-widget-button\" data-id=\"6c597a3\" data-element_type=\"widget\" data-e-type=\"widget\" data-settings=\"{&quot;pa_display_conditions_switcher&quot;:&quot;yes&quot;}\" data-widget_type=\"button.default\">\n\t\t\t\t<div class=\"elementor-widget-container\">\n\t\t\t\t\t\t\t\t\t<div class=\"elementor-button-wrapper\">\n\t\t\t\t\t<a class=\"elementor-button elementor-button-link elementor-size-md\" href=\"https:\/\/booking.capeeast.se\/voucher?channelId=a0098245-fede-4da1-a447-c3db3f8a35b2\">\n\t\t\t\t\t\t<span class=\"elementor-button-content-wrapper\">\n\t\t\t\t\t\t\t\t\t<span class=\"elementor-button-text\">K\u00f6p presentkort<\/span>\n\t\t\t\t\t<\/span>\n\t\t\t\t\t<\/a>\n\t\t\t\t<\/div>\n\t\t\t\t\t\t\t\t<\/div>\n\t\t\t\t<\/div>\n\t\t\t\t\t<\/div>\n\t\t<\/div>\n\t\t\t\t\t<\/div>\n\t\t<\/section>\n\t\t\t\t<\/div>\n\t\t","protected":false},"excerpt":{"rendered":"<p>Exklusivt erbjudande, g\u00e4ller under 24h p\u00e5 Black Friday Presentkort Vardagslyx V\u00e5rdeal f\u00f6r 2 personer K\u00f6p ett presentkort p\u00e5 ett h\u00e4rlig Vardaglyx-paket och boka in vistelsen n\u00e4r det passar dig mellan 1 april och 4 juni. Perfekt att ge bort som julklapp till n\u00e5gon du tycker om \u2013 eller som en v\u00e4lf\u00f6rtj\u00e4nt g\u00e5va till dig sj\u00e4lv! [&hellip;]<\/p>\n","protected":false},"author":10,"featured_media":0,"parent":0,"menu_order":0,"comment_status":"closed","ping_status":"closed","template":"","meta":{"_acf_changed":false,"footnotes":""},"class_list":["post-3366","page","type-page","status-publish","hentry"],"acf":[],"yoast_head":"<!-- This site is optimized with the Yoast SEO plugin v26.9 - https:\/\/yoast.com\/product\/yoast-seo-wordpress\/ -->\n<title>Black Friday - Cape East<\/title>\n<meta name=\"robots\" content=\"index, follow, max-snippet:-1, max-image-preview:large, max-video-preview:-1\" \/>\n<link rel=\"canonical\" href=\"https:\/\/capeeast.se\/fi\/black-friday\/\" \/>\n<meta property=\"og:locale\" content=\"fi_FI\" \/>\n<meta property=\"og:type\" content=\"article\" \/>\n<meta property=\"og:title\" content=\"Black Friday - Cape East\" \/>\n<meta property=\"og:description\" content=\"Exklusivt erbjudande, g\u00e4ller under 24h p\u00e5 Black Friday Presentkort Vardagslyx V\u00e5rdeal f\u00f6r 2 personer K\u00f6p ett presentkort p\u00e5 ett h\u00e4rlig Vardaglyx-paket och boka in vistelsen n\u00e4r det passar dig mellan 1 april och 4 juni. Perfekt att ge bort som julklapp till n\u00e5gon du tycker om \u2013 eller som en v\u00e4lf\u00f6rtj\u00e4nt g\u00e5va till dig sj\u00e4lv! [&hellip;]\" \/>\n<meta property=\"og:url\" content=\"https:\/\/capeeast.se\/fi\/black-friday\/\" \/>\n<meta property=\"og:site_name\" content=\"Cape East\" \/>\n<meta property=\"article:publisher\" content=\"https:\/\/www.facebook.com\/CapeEast\/\" \/>\n<meta property=\"article:modified_time\" content=\"2025-11-27T23:15:56+00:00\" \/>\n<meta property=\"og:image\" content=\"https:\/\/capeeast.se\/wp-content\/uploads\/2024\/03\/83205360_178617730115518_2519486058025535059_n.jpg\" \/>\n\t<meta property=\"og:image:width\" content=\"1080\" \/>\n\t<meta property=\"og:image:height\" content=\"1080\" \/>\n\t<meta property=\"og:image:type\" content=\"image\/jpeg\" \/>\n<meta name=\"twitter:card\" content=\"summary_large_image\" \/>\n<meta name=\"twitter:label1\" content=\"Arvioitu lukuaika\" \/>\n\t<meta name=\"twitter:data1\" content=\"10 minuuttia\" \/>\n<script type=\"application\/ld+json\" class=\"yoast-schema-graph\">{\"@context\":\"https:\/\/schema.org\",\"@graph\":[{\"@type\":\"WebPage\",\"@id\":\"https:\/\/capeeast.se\/black-friday\/\",\"url\":\"https:\/\/capeeast.se\/black-friday\/\",\"name\":\"Black Friday - Cape East\",\"isPartOf\":{\"@id\":\"https:\/\/capeeast.se\/#website\"},\"primaryImageOfPage\":{\"@id\":\"https:\/\/capeeast.se\/black-friday\/#primaryimage\"},\"image\":{\"@id\":\"https:\/\/capeeast.se\/black-friday\/#primaryimage\"},\"thumbnailUrl\":\"https:\/\/capeeast.se\/wp-content\/uploads\/2024\/03\/83205360_178617730115518_2519486058025535059_n-1024x1024.jpg\",\"datePublished\":\"2020-11-26T19:50:02+00:00\",\"dateModified\":\"2025-11-27T23:15:56+00:00\",\"breadcrumb\":{\"@id\":\"https:\/\/capeeast.se\/black-friday\/#breadcrumb\"},\"inLanguage\":\"fi\",\"potentialAction\":[{\"@type\":\"ReadAction\",\"target\":[\"https:\/\/capeeast.se\/black-friday\/\"]}]},{\"@type\":\"ImageObject\",\"inLanguage\":\"fi\",\"@id\":\"https:\/\/capeeast.se\/black-friday\/#primaryimage\",\"url\":\"https:\/\/capeeast.se\/wp-content\/uploads\/2024\/03\/83205360_178617730115518_2519486058025535059_n-1024x1024.jpg\",\"contentUrl\":\"https:\/\/capeeast.se\/wp-content\/uploads\/2024\/03\/83205360_178617730115518_2519486058025535059_n-1024x1024.jpg\"},{\"@type\":\"BreadcrumbList\",\"@id\":\"https:\/\/capeeast.se\/black-friday\/#breadcrumb\",\"itemListElement\":[{\"@type\":\"ListItem\",\"position\":1,\"name\":\"Home\",\"item\":\"https:\/\/capeeast.se\/\"},{\"@type\":\"ListItem\",\"position\":2,\"name\":\"Black Friday\"}]},{\"@type\":\"WebSite\",\"@id\":\"https:\/\/capeeast.se\/#website\",\"url\":\"https:\/\/capeeast.se\/\",\"name\":\"Cape East\",\"description\":\"Hotel &amp; SPA\",\"publisher\":{\"@id\":\"https:\/\/capeeast.se\/#organization\"},\"potentialAction\":[{\"@type\":\"SearchAction\",\"target\":{\"@type\":\"EntryPoint\",\"urlTemplate\":\"https:\/\/capeeast.se\/?s={search_term_string}\"},\"query-input\":{\"@type\":\"PropertyValueSpecification\",\"valueRequired\":true,\"valueName\":\"search_term_string\"}}],\"inLanguage\":\"fi\"},{\"@type\":\"Organization\",\"@id\":\"https:\/\/capeeast.se\/#organization\",\"name\":\"Cape East\",\"url\":\"https:\/\/capeeast.se\/\",\"logo\":{\"@type\":\"ImageObject\",\"inLanguage\":\"fi\",\"@id\":\"https:\/\/capeeast.se\/#\/schema\/logo\/image\/\",\"url\":\"https:\/\/capeeast.se\/wp-content\/uploads\/2019\/09\/cape_east_grey_transparent.png\",\"contentUrl\":\"https:\/\/capeeast.se\/wp-content\/uploads\/2019\/09\/cape_east_grey_transparent.png\",\"width\":300,\"height\":80,\"caption\":\"Cape East\"},\"image\":{\"@id\":\"https:\/\/capeeast.se\/#\/schema\/logo\/image\/\"},\"sameAs\":[\"https:\/\/www.facebook.com\/CapeEast\/\",\"https:\/\/www.instagram.com\/capeeast_hotelspa\/\"]}]}<\/script>\n<!-- \/ Yoast SEO plugin. -->","yoast_head_json":{"title":"Black Friday - Cape East","robots":{"index":"index","follow":"follow","max-snippet":"max-snippet:-1","max-image-preview":"max-image-preview:large","max-video-preview":"max-video-preview:-1"},"canonical":"https:\/\/capeeast.se\/fi\/black-friday\/","og_locale":"fi_FI","og_type":"article","og_title":"Black Friday - Cape East","og_description":"Exklusivt erbjudande, g\u00e4ller under 24h p\u00e5 Black Friday Presentkort Vardagslyx V\u00e5rdeal f\u00f6r 2 personer K\u00f6p ett presentkort p\u00e5 ett h\u00e4rlig Vardaglyx-paket och boka in vistelsen n\u00e4r det passar dig mellan 1 april och 4 juni. Perfekt att ge bort som julklapp till n\u00e5gon du tycker om \u2013 eller som en v\u00e4lf\u00f6rtj\u00e4nt g\u00e5va till dig sj\u00e4lv! [&hellip;]","og_url":"https:\/\/capeeast.se\/fi\/black-friday\/","og_site_name":"Cape East","article_publisher":"https:\/\/www.facebook.com\/CapeEast\/","article_modified_time":"2025-11-27T23:15:56+00:00","og_image":[{"width":1080,"height":1080,"url":"https:\/\/capeeast.se\/wp-content\/uploads\/2024\/03\/83205360_178617730115518_2519486058025535059_n.jpg","type":"image\/jpeg"}],"twitter_card":"summary_large_image","twitter_misc":{"Arvioitu lukuaika":"10 minuuttia"},"schema":{"@context":"https:\/\/schema.org","@graph":[{"@type":"WebPage","@id":"https:\/\/capeeast.se\/black-friday\/","url":"https:\/\/capeeast.se\/black-friday\/","name":"Black Friday - Cape East","isPartOf":{"@id":"https:\/\/capeeast.se\/#website"},"primaryImageOfPage":{"@id":"https:\/\/capeeast.se\/black-friday\/#primaryimage"},"image":{"@id":"https:\/\/capeeast.se\/black-friday\/#primaryimage"},"thumbnailUrl":"https:\/\/capeeast.se\/wp-content\/uploads\/2024\/03\/83205360_178617730115518_2519486058025535059_n-1024x1024.jpg","datePublished":"2020-11-26T19:50:02+00:00","dateModified":"2025-11-27T23:15:56+00:00","breadcrumb":{"@id":"https:\/\/capeeast.se\/black-friday\/#breadcrumb"},"inLanguage":"fi","potentialAction":[{"@type":"ReadAction","target":["https:\/\/capeeast.se\/black-friday\/"]}]},{"@type":"ImageObject","inLanguage":"fi","@id":"https:\/\/capeeast.se\/black-friday\/#primaryimage","url":"https:\/\/capeeast.se\/wp-content\/uploads\/2024\/03\/83205360_178617730115518_2519486058025535059_n-1024x1024.jpg","contentUrl":"https:\/\/capeeast.se\/wp-content\/uploads\/2024\/03\/83205360_178617730115518_2519486058025535059_n-1024x1024.jpg"},{"@type":"BreadcrumbList","@id":"https:\/\/capeeast.se\/black-friday\/#breadcrumb","itemListElement":[{"@type":"ListItem","position":1,"name":"Home","item":"https:\/\/capeeast.se\/"},{"@type":"ListItem","position":2,"name":"Black Friday"}]},{"@type":"WebSite","@id":"https:\/\/capeeast.se\/#website","url":"https:\/\/capeeast.se\/","name":"Cape East","description":"Hotel &amp; SPA","publisher":{"@id":"https:\/\/capeeast.se\/#organization"},"potentialAction":[{"@type":"SearchAction","target":{"@type":"EntryPoint","urlTemplate":"https:\/\/capeeast.se\/?s={search_term_string}"},"query-input":{"@type":"PropertyValueSpecification","valueRequired":true,"valueName":"search_term_string"}}],"inLanguage":"fi"},{"@type":"Organization","@id":"https:\/\/capeeast.se\/#organization","name":"Cape East","url":"https:\/\/capeeast.se\/","logo":{"@type":"ImageObject","inLanguage":"fi","@id":"https:\/\/capeeast.se\/#\/schema\/logo\/image\/","url":"https:\/\/capeeast.se\/wp-content\/uploads\/2019\/09\/cape_east_grey_transparent.png","contentUrl":"https:\/\/capeeast.se\/wp-content\/uploads\/2019\/09\/cape_east_grey_transparent.png","width":300,"height":80,"caption":"Cape East"},"image":{"@id":"https:\/\/capeeast.se\/#\/schema\/logo\/image\/"},"sameAs":["https:\/\/www.facebook.com\/CapeEast\/","https:\/\/www.instagram.com\/capeeast_hotelspa\/"]}]}},"_links":{"self":[{"href":"https:\/\/capeeast.se\/fi\/wp-json\/wp\/v2\/pages\/3366","targetHints":{"allow":["GET"]}}],"collection":[{"href":"https:\/\/capeeast.se\/fi\/wp-json\/wp\/v2\/pages"}],"about":[{"href":"https:\/\/capeeast.se\/fi\/wp-json\/wp\/v2\/types\/page"}],"author":[{"embeddable":true,"href":"https:\/\/capeeast.se\/fi\/wp-json\/wp\/v2\/users\/10"}],"replies":[{"embeddable":true,"href":"https:\/\/capeeast.se\/fi\/wp-json\/wp\/v2\/comments?post=3366"}],"version-history":[{"count":233,"href":"https:\/\/capeeast.se\/fi\/wp-json\/wp\/v2\/pages\/3366\/revisions"}],"predecessor-version":[{"id":10216,"href":"https:\/\/capeeast.se\/fi\/wp-json\/wp\/v2\/pages\/3366\/revisions\/10216"}],"wp:attachment":[{"href":"https:\/\/capeeast.se\/fi\/wp-json\/wp\/v2\/media?parent=3366"}],"curies":[{"name":"wp","href":"https:\/\/api.w.org\/{rel}","templated":true}]}}