{"id":2665,"date":"2020-07-31T08:19:05","date_gmt":"2020-07-31T07:19:05","guid":{"rendered":"https:\/\/capeeast.se\/?page_id=2665"},"modified":"2020-07-31T08:35:03","modified_gmt":"2020-07-31T07:35:03","slug":"cape-east-robinson-bas-for-bade-sverige-och-finland","status":"publish","type":"page","link":"https:\/\/capeeast.se\/fi\/cape-east-robinson-bas-for-bade-sverige-och-finland\/","title":{"rendered":"Cape East Robinson &#8211; bas f\u00f6r b\u00e5de Sverige och Finland"},"content":{"rendered":"<div data-elementor-type=\"wp-page\" data-elementor-id=\"2665\" class=\"elementor elementor-2665\" data-elementor-post-type=\"page\">\n\t\t\t\t\t\t<section class=\"elementor-section elementor-top-section elementor-element elementor-element-784eefe elementor-section-boxed elementor-section-height-default elementor-section-height-default\" data-id=\"784eefe\" data-element_type=\"section\" data-e-type=\"section\" data-settings=\"{&quot;background_background&quot;:&quot;classic&quot;}\">\n\t\t\t\t\t\t<div class=\"elementor-container elementor-column-gap-default\">\n\t\t\t\t\t<div class=\"elementor-column elementor-col-100 elementor-top-column elementor-element elementor-element-8c09b29\" data-id=\"8c09b29\" data-element_type=\"column\" data-e-type=\"column\" data-settings=\"{&quot;background_background&quot;:&quot;classic&quot;}\">\n\t\t\t<div class=\"elementor-widget-wrap elementor-element-populated\">\n\t\t\t\t\t\t<div class=\"elementor-element elementor-element-140f63c elementor-widget elementor-widget-text-editor\" data-id=\"140f63c\" data-element_type=\"widget\" data-e-type=\"widget\" data-widget_type=\"text-editor.default\">\n\t\t\t\t<div class=\"elementor-widget-container\">\n\t\t\t\t\t\t\t\t\t<p><strong>2020-07-31 kl 09:03<\/strong><\/p>\t\t\t\t\t\t\t\t<\/div>\n\t\t\t\t<\/div>\n\t\t\t\t<div class=\"elementor-element elementor-element-e6c7c0f elementor-widget elementor-widget-heading\" data-id=\"e6c7c0f\" data-element_type=\"widget\" data-e-type=\"widget\" data-widget_type=\"heading.default\">\n\t\t\t\t<div class=\"elementor-widget-container\">\n\t\t\t\t\t<h2 class=\"elementor-heading-title elementor-size-default\">Cape East Robinson - bas f\u00f6r b\u00e5de Sverige och Finland<\/h2>\t\t\t\t<\/div>\n\t\t\t\t<\/div>\n\t\t\t\t<div class=\"elementor-element elementor-element-5b68a35 elementor-widget elementor-widget-text-editor\" data-id=\"5b68a35\" data-element_type=\"widget\" data-e-type=\"widget\" data-widget_type=\"text-editor.default\">\n\t\t\t\t<div class=\"elementor-widget-container\">\n\t\t\t\t\t\t\t\t\t<p style=\"margin-top: 0cm;\"><span style=\"font-family: 'Arial',sans-serif; color: #7a7a7a;\">Det \u00e4r med en otrolig stolthet som Norrlandspatriot att f\u00e5 presentera nyheten att b\u00e5de svenska Robinson och finska Robinson (Survivor Finland) kommer att spelas in i Haparanda sk\u00e4rg\u00e5rd, med Cape East som bas f\u00f6r produktionen nu i sommar. Det h\u00e4r betyder oerh\u00f6rt mycket f\u00f6r Haparanda, f\u00f6r hela regionen och f\u00f6r oss. Det \u00e4r en otrolig chans f\u00f6r regionen och oss p\u00e5 Cape East och Pite Havsbad Group att f\u00e5 visa upp v\u00e5rt fantastiska Norrland p\u00e5 riktigt, med den unika natur och den fantastiska sk\u00e4rg\u00e5rd som vi har h\u00e4r uppe.<\/span><\/p><p style=\"margin-top: 0cm; box-sizing: border-box; margin-bottom: 0.9rem;\"><span style=\"font-family: 'Arial',sans-serif; color: #7a7a7a;\">Vi f\u00e5r visa upp det finaste som finns, och det g\u00f6r vi efter att ha f\u00e5tt produktionen i h\u00e5rd konkurrens med m\u00e5nga andra platser. T\u00e4nk bara vilket skyltf\u00f6nster vi f\u00e5r, ett program som har \u00f6ver en miljon tittare bara f\u00f6r varje avsnitt och totalt visas 50 avsnitt, jag f\u00e5r g\u00e5shud n\u00e4r jag t\u00e4nker p\u00e5 det. Jag tror dessutom att det h\u00e4r bara \u00e4r b\u00f6rjan, Expedition Robinson spelas ju in i 33 l\u00e4nder i v\u00e4rlden och andra l\u00e4nder kan f\u00e5 upp \u00f6gonen f\u00f6r omr\u00e5det.<\/span><\/p><p style=\"margin-top: 0cm; box-sizing: border-box; margin-bottom: 0.9rem;\"><span style=\"font-family: 'Arial',sans-serif; color: #7a7a7a;\">Cape East \u00e4r nu basen f\u00f6r tv-produktionen. Det betyder att anl\u00e4ggningen kommer vara abonnerad av produktionen f\u00f6r Sverige och Finland fram till den 6 september.<\/span><\/p><p style=\"margin-top: 0cm; box-sizing: border-box; margin-bottom: 0.9rem;\"><span style=\"font-family: 'Arial',sans-serif; color: #7a7a7a;\">Jag vill lyfta fram lagarbetet som vinnare i en stentuff konkurrenssituation. Vi har nu \u00f6ver 200 personer som jobbar och bor p\u00e5 Cape East. Det \u00e4r som en sk\u00e4nk fr\u00e5n ovan f\u00f6r Norrbotten i coronatider.<\/span><\/p><p style=\"margin-top: 0cm; box-sizing: border-box; margin-bottom: 0.9rem;\"><span style=\"font-family: 'Arial',sans-serif; color: #7a7a7a;\">Vi har p\u00e5 kort tid gjort en fantastisk mobilisering med den fantastiska kraft som l\u00e4net besitter. F\u00f6retagare, anst\u00e4llda, kommunrepresentanter, region och myndigheter har alla varit behj\u00e4lpliga. Tack f\u00f6r ett otroligt bra samarbete \u2013 Haparanda Kommun, Region Norrbotten, L\u00e4nstyrelsen, Mastiff, Banijay, TV4 och m\u00e5nga, m\u00e5nga fler i regionen som hj\u00e4lpt till f\u00f6r att g\u00f6ra detta m\u00f6jligt.<\/span><\/p>\t\t\t\t\t\t\t\t<\/div>\n\t\t\t\t<\/div>\n\t\t\t\t<div class=\"elementor-element elementor-element-877b967 elementor-widget elementor-widget-text-editor\" data-id=\"877b967\" data-element_type=\"widget\" data-e-type=\"widget\" data-widget_type=\"text-editor.default\">\n\t\t\t\t<div class=\"elementor-widget-container\">\n\t\t\t\t\t\t\t\t\t<p>Tobias Lindfors\u00a0<\/p>\t\t\t\t\t\t\t\t<\/div>\n\t\t\t\t<\/div>\n\t\t\t\t<div class=\"elementor-element elementor-element-c386524 elementor-widget elementor-widget-text-editor\" data-id=\"c386524\" data-element_type=\"widget\" data-e-type=\"widget\" data-widget_type=\"text-editor.default\">\n\t\t\t\t<div class=\"elementor-widget-container\">\n\t\t\t\t\t\t\t\t\t<p>\u00c4gare av Cape East och Pite Havsbad Group<\/p>\t\t\t\t\t\t\t\t<\/div>\n\t\t\t\t<\/div>\n\t\t\t\t<div class=\"elementor-element elementor-element-c8259c0 elementor-widget elementor-widget-text-editor\" data-id=\"c8259c0\" data-element_type=\"widget\" data-e-type=\"widget\" data-widget_type=\"text-editor.default\">\n\t\t\t\t<div class=\"elementor-widget-container\">\n\t\t\t\t\t\t\t\t\t<h5><strong>Survivor Finland spelas in med Cape East som bas:\u00a0<\/strong><\/h5><ul><li><a href=\"https:\/\/kuriren.nu\/asikter\/artikel\/nu-ar-det-klart--finskt-robinson-i-haparanda\/elwmow1r\">Norrbottens Kuriren<\/a><\/li><li><a href=\"https:\/\/nsd.se\/kultur-noje\/artikel\/nu-ar-det-klart---finskt-robinson-i-haparanda\/elwmow1r\">NSD<\/a><\/li><li><a href=\"https:\/\/www.aftonbladet.se\/nojesbladet\/a\/xPGbWp\/finlandska-robinson-spelas-in-haparanda\">Aftonbladet<\/a><\/li><li><a href=\"https:\/\/hbwebben.se\/klart-survivor-finland-spelas-in-i-haparanda-skargard\/\">Haparandabladet<\/a><\/li><li><a href=\"https:\/\/www.gp.se\/kultur\/kultur-n%C3%B6je\/finl%C3%A4ndska-robinson-spelas-in-haparanda-1.31882039\">G\u00f6teborgs-Posten<\/a><\/li><li><a href=\"https:\/\/www.vk.se\/2020-07-29\/finlandska-robinson-spelas-in-haparanda\">V\u00e4sterbottens-Kuriren<\/a><\/li><li><a href=\"https:\/\/www.skd.se\/2020\/07\/29\/finlandska-robinson-spelas-in-haparanda\/\">Sk\u00e5nska Dagbladet<\/a><\/li><li><a href=\"https:\/\/www.nsk.se\/2020\/07\/29\/finlandska-robinson-spelas-in-haparanda\/\">Norra Sk\u00e5ne<\/a><\/li><li><a href=\"https:\/\/www.folkbladet.nu\/2020-07-29\/finlandska-robinson-spelas-in-haparanda\">Folkbladet<\/a><\/li><li><a href=\"https:\/\/www.sydsvenskan.se\/2020-07-29\/finlandska-robinson-spelas-in-haparanda\">Sydsvenskan<\/a><\/li><li><a href=\"https:\/\/www.msn.com\/sv-se\/nyheter\/other\/finl%C3%A4ndska-robinson-spelas-in-haparanda\/ar-BB17kDSk?li=BBqxCu3\">Msn Nyheter<\/a><\/li><li><a href=\"https:\/\/www.kristianstadsbladet.se\/kultur\/finlandska-robinson-spelas-in-haparanda-18cfade2\">Kristianstadsbladet<\/a><\/li><li><a href=\"https:\/\/www.ttela.se\/n%C3%B6je\/finl%C3%A4ndska-robinson-spelas-in-haparanda-1.31882069\">Ttela<\/a><\/li><li><a href=\"https:\/\/www.ystadsallehanda.se\/kultur\/finlandska-robinson-spelas-in-haparanda-18cfade2\">Ystads Allehanda<\/a><\/li><li><a href=\"https:\/\/www.hallandsposten.se\/n%C3%B6je\/finl%C3%A4ndska-robinson-spelas-in-haparanda-1.31882068\">Hallandsposten<\/a><\/li><li><a href=\"https:\/\/www.barometern.se\/kultur\/finlandska-robinson-spelas-in-haparanda-18cfade2\">Barometern<\/a><br \/><br \/><\/li><\/ul><h6><strong>Finska medier:<\/strong><\/h6><ul><li><a href=\"https:\/\/www.lapinkansa.fi\/selviytyjat-suomen-karu-eramaa-sijaitsee-haaparann\/2741601\">Lapin Kansa<\/a><\/li><li><a href=\"https:\/\/www.is.fi\/tv-ja-elokuvat\/art-2000006585028.html\">Ilta-Sanomat<\/a><\/li><li><a href=\"https:\/\/www.is.fi\/viihde\/art-2000006585578.html\">Ilta-Sanomat<\/a><\/li><li><a href=\"https:\/\/yle.fi\/uutiset\/3-11470322\">Yle<\/a><\/li><li><a href=\"https:\/\/www.seiska.fi\/Telkkari\/Sokkikaanne-Selviytyjat-Suomen-uusi-kausi-kuvataan-Suomessa-tassa-ovat-uudet-kilpailijat\">Seiska<\/a><\/li><li><a href=\"https:\/\/www.maaseuduntulevaisuus.fi\/ulkomaat\/artikkeli-1.1136784\">Maaseudun Tulevaisuus<\/a><\/li><li><a href=\"https:\/\/www.kaleva.fi\/selviytyjat-suomi-saa-jatkoa-ensi-kevaana-talla-ke\/2741601\">Kaleva<\/a><\/li><\/ul><h5><strong><br \/>Robinson Sverige spelas in med Cape East som bas:<\/strong><strong>\u00a0<\/strong><\/h5><ul><li><a href=\"https:\/\/nsd.se\/bloggar\/artikel\/100-nya-jobb-med-robinson--och-det-ska-ske-blixtsnabbt\/wl64x4ej\">NSD &#8211; 100 nya jobb med robinson och det ska ske blixtsnabbt<\/a><\/li><li><a href=\"https:\/\/kuriren.nu\/senaste-nytt\/artikel\/100-nya-jobb-med-robinson--och-det-ska-ske-blixtsnabbt\/wl64x4ej\">Norrbottens Kuriren &#8211; H\u00e4r \u00e4r de 100 jobb som kommer med Robinson<\/a><\/li><li><a href=\"https:\/\/sverigesradio.se\/artikel\/7494824\">Sveriges Radio &#8211; Klart f\u00f6r Robinson i Haparanda sk\u00e4rg\u00e5rd<\/a><\/li><li><a href=\"https:\/\/sverigesradio.se\/artikel\/7494947\">Sveriges Radio &#8211; Tv-inspelning ger nya arbetstillf\u00e4llen<\/a><\/li><li><a href=\"https:\/\/nsd.se\/bloggar\/artikel\/100-nya-jobb-med-robinson--och-det-ska-ske-blixtsnabbt\/wl64x4ej\">NSD &#8211; 100 nya jobb med robinson och det ska ske blixtsnabbt<\/a><\/li><li><a href=\"https:\/\/kuriren.nu\/nyheter\/artikel\/expedition-robinson-i-haparanda-sa-ser-planerna-ut\/elw1g67r\">Norrbottens Kuriren &#8211; Expedition Robinson i Haparanda: S\u00e5 ser planerna ut<\/a><\/li><li><a href=\"https:\/\/www.svt.se\/nyheter\/lokalt\/norrbotten\/gladje-i-haparanda-efter-robinsonbesked\">SVT &#8211; Gl\u00e4dje i Haparanda efter Robinsonbesked<\/a><\/li><li><a href=\"https:\/\/nsd.se\/nyheter\/artikel\/expedition-robinson-i-haparanda---sa-ser-planerna-ut\/elw1g67r\">NSD &#8211; Expedition Robinson i Haparanda: S\u00e5 ser planerna ut<\/a><\/li><li><a href=\"https:\/\/hbwebben.se\/robinson-i-haparanda-skargard-2\/\">Haparandabladet\u00a0 &#8211; Robinson i Haparanda sk\u00e4rg\u00e5rd<\/a><\/li><li><a href=\"https:\/\/www.svt.se\/nyheter\/lokalt\/norrbotten\/klart-for-robinson-i-haparanda-skargard\">SVT &#8211; Klart f\u00f6r Robinson i Haparanda sk\u00e4rg\u00e5rd<\/a><\/li><li><a href=\"https:\/\/kuriren.nu\/nyheter\/artikel\/just-nu-tv4-bekraftar-att-robinson-spelas-in-i-haparanda\/wl64ngzj?fbclid=IwAR38i-Qmjc5gNuE7dB5m3Y9URHS4c5kfxw0OWYU-gHmtvna1fyAKsL05lLw\">Norrbottens Kuriren &#8211; TV4 bekr\u00e4ftar att Robinson spelas in i Haparanda<\/a><\/li><li><a href=\"https:\/\/nsd.se\/nyheter\/artikel\/just-nu-tv4-bekraftar-att-robinson-spelas-in-i-haparanda\/wl64ngzj\">NSD &#8211; TV4 bekr\u00e4ftar att Robinson spelas in i Haparanda\u00a0<\/a><\/li><li><a href=\"https:\/\/pt.se\/nyheter\/artikel\/expedition-robinson-i-haparanda-sa-ser-planerna-ut\/elw1g67r\">Pite Tidningen &#8211; Expedition Robinson i Haparanda: S\u00e5 ser planerna ut\u00a0<\/a><\/li><li><a href=\"http:\/\/gratistidning.com\/lulea\/2020\/06\/15\/robinson-spelas-in-i-haparanda-skargard-med-cape-east-som-bas-for-produktionen\/\">Gratistidningen &#8211; Robinson spelas in i Haparanda sk\u00e4rg\u00e5rd med Cape East som bas f\u00f6r produktionen<\/a><\/li><\/ul>\t\t\t\t\t\t\t\t<\/div>\n\t\t\t\t<\/div>\n\t\t\t\t\t<\/div>\n\t\t<\/div>\n\t\t\t\t\t<\/div>\n\t\t<\/section>\n\t\t\t\t<\/div>","protected":false},"excerpt":{"rendered":"<p>2020-07-31 kl 09:03 Cape East Robinson &#8211; bas f\u00f6r b\u00e5de Sverige och Finland Det \u00e4r med en otrolig stolthet som Norrlandspatriot att f\u00e5 presentera nyheten att b\u00e5de svenska Robinson och finska Robinson (Survivor Finland) kommer att spelas in i Haparanda sk\u00e4rg\u00e5rd, med Cape East som bas f\u00f6r produktionen nu i sommar. Det h\u00e4r betyder oerh\u00f6rt [&hellip;]<\/p>\n","protected":false},"author":10,"featured_media":0,"parent":0,"menu_order":0,"comment_status":"closed","ping_status":"closed","template":"","meta":{"_acf_changed":false,"footnotes":""},"class_list":["post-2665","page","type-page","status-publish","hentry"],"acf":[],"yoast_head":"<!-- This site is optimized with the Yoast SEO plugin v26.9 - https:\/\/yoast.com\/product\/yoast-seo-wordpress\/ -->\n<title>Cape East Robinson - bas f\u00f6r b\u00e5de Sverige och Finland - Cape East<\/title>\n<meta name=\"robots\" content=\"index, follow, max-snippet:-1, max-image-preview:large, max-video-preview:-1\" \/>\n<link rel=\"canonical\" href=\"https:\/\/capeeast.se\/fi\/cape-east-robinson-bas-for-bade-sverige-och-finland\/\" \/>\n<meta property=\"og:locale\" content=\"fi_FI\" \/>\n<meta property=\"og:type\" content=\"article\" \/>\n<meta property=\"og:title\" content=\"Cape East Robinson - bas f\u00f6r b\u00e5de Sverige och Finland - Cape East\" \/>\n<meta property=\"og:description\" content=\"2020-07-31 kl 09:03 Cape East Robinson &#8211; bas f\u00f6r b\u00e5de Sverige och Finland Det \u00e4r med en otrolig stolthet som Norrlandspatriot att f\u00e5 presentera nyheten att b\u00e5de svenska Robinson och finska Robinson (Survivor Finland) kommer att spelas in i Haparanda sk\u00e4rg\u00e5rd, med Cape East som bas f\u00f6r produktionen nu i sommar. Det h\u00e4r betyder oerh\u00f6rt [&hellip;]\" \/>\n<meta property=\"og:url\" content=\"https:\/\/capeeast.se\/fi\/cape-east-robinson-bas-for-bade-sverige-och-finland\/\" \/>\n<meta property=\"og:site_name\" content=\"Cape East\" \/>\n<meta property=\"article:publisher\" content=\"https:\/\/www.facebook.com\/CapeEast\/\" \/>\n<meta property=\"article:modified_time\" content=\"2020-07-31T07:35:03+00:00\" \/>\n<meta property=\"og:image\" content=\"https:\/\/capeeast.se\/wp-content\/uploads\/2019\/05\/cape-east.jpg\" \/>\n\t<meta property=\"og:image:width\" content=\"900\" \/>\n\t<meta property=\"og:image:height\" content=\"600\" \/>\n\t<meta property=\"og:image:type\" content=\"image\/jpeg\" \/>\n<meta name=\"twitter:card\" content=\"summary_large_image\" \/>\n<meta name=\"twitter:label1\" content=\"Arvioitu lukuaika\" \/>\n\t<meta name=\"twitter:data1\" content=\"3 minuuttia\" \/>\n<script type=\"application\/ld+json\" class=\"yoast-schema-graph\">{\"@context\":\"https:\/\/schema.org\",\"@graph\":[{\"@type\":\"WebPage\",\"@id\":\"https:\/\/capeeast.se\/cape-east-robinson-bas-for-bade-sverige-och-finland\/\",\"url\":\"https:\/\/capeeast.se\/cape-east-robinson-bas-for-bade-sverige-och-finland\/\",\"name\":\"Cape East Robinson - bas f\u00f6r b\u00e5de Sverige och Finland - Cape East\",\"isPartOf\":{\"@id\":\"https:\/\/capeeast.se\/#website\"},\"datePublished\":\"2020-07-31T07:19:05+00:00\",\"dateModified\":\"2020-07-31T07:35:03+00:00\",\"breadcrumb\":{\"@id\":\"https:\/\/capeeast.se\/cape-east-robinson-bas-for-bade-sverige-och-finland\/#breadcrumb\"},\"inLanguage\":\"fi\",\"potentialAction\":[{\"@type\":\"ReadAction\",\"target\":[\"https:\/\/capeeast.se\/cape-east-robinson-bas-for-bade-sverige-och-finland\/\"]}]},{\"@type\":\"BreadcrumbList\",\"@id\":\"https:\/\/capeeast.se\/cape-east-robinson-bas-for-bade-sverige-och-finland\/#breadcrumb\",\"itemListElement\":[{\"@type\":\"ListItem\",\"position\":1,\"name\":\"Home\",\"item\":\"https:\/\/capeeast.se\/\"},{\"@type\":\"ListItem\",\"position\":2,\"name\":\"Cape East Robinson &#8211; bas f\u00f6r b\u00e5de Sverige och Finland\"}]},{\"@type\":\"WebSite\",\"@id\":\"https:\/\/capeeast.se\/#website\",\"url\":\"https:\/\/capeeast.se\/\",\"name\":\"Cape East\",\"description\":\"Hotel &amp; SPA\",\"publisher\":{\"@id\":\"https:\/\/capeeast.se\/#organization\"},\"potentialAction\":[{\"@type\":\"SearchAction\",\"target\":{\"@type\":\"EntryPoint\",\"urlTemplate\":\"https:\/\/capeeast.se\/?s={search_term_string}\"},\"query-input\":{\"@type\":\"PropertyValueSpecification\",\"valueRequired\":true,\"valueName\":\"search_term_string\"}}],\"inLanguage\":\"fi\"},{\"@type\":\"Organization\",\"@id\":\"https:\/\/capeeast.se\/#organization\",\"name\":\"Cape East\",\"url\":\"https:\/\/capeeast.se\/\",\"logo\":{\"@type\":\"ImageObject\",\"inLanguage\":\"fi\",\"@id\":\"https:\/\/capeeast.se\/#\/schema\/logo\/image\/\",\"url\":\"https:\/\/capeeast.se\/wp-content\/uploads\/2019\/09\/cape_east_grey_transparent.png\",\"contentUrl\":\"https:\/\/capeeast.se\/wp-content\/uploads\/2019\/09\/cape_east_grey_transparent.png\",\"width\":300,\"height\":80,\"caption\":\"Cape East\"},\"image\":{\"@id\":\"https:\/\/capeeast.se\/#\/schema\/logo\/image\/\"},\"sameAs\":[\"https:\/\/www.facebook.com\/CapeEast\/\",\"https:\/\/www.instagram.com\/capeeast_hotelspa\/\"]}]}<\/script>\n<!-- \/ Yoast SEO plugin. -->","yoast_head_json":{"title":"Cape East Robinson - bas f\u00f6r b\u00e5de Sverige och Finland - Cape East","robots":{"index":"index","follow":"follow","max-snippet":"max-snippet:-1","max-image-preview":"max-image-preview:large","max-video-preview":"max-video-preview:-1"},"canonical":"https:\/\/capeeast.se\/fi\/cape-east-robinson-bas-for-bade-sverige-och-finland\/","og_locale":"fi_FI","og_type":"article","og_title":"Cape East Robinson - bas f\u00f6r b\u00e5de Sverige och Finland - Cape East","og_description":"2020-07-31 kl 09:03 Cape East Robinson &#8211; bas f\u00f6r b\u00e5de Sverige och Finland Det \u00e4r med en otrolig stolthet som Norrlandspatriot att f\u00e5 presentera nyheten att b\u00e5de svenska Robinson och finska Robinson (Survivor Finland) kommer att spelas in i Haparanda sk\u00e4rg\u00e5rd, med Cape East som bas f\u00f6r produktionen nu i sommar. Det h\u00e4r betyder oerh\u00f6rt [&hellip;]","og_url":"https:\/\/capeeast.se\/fi\/cape-east-robinson-bas-for-bade-sverige-och-finland\/","og_site_name":"Cape East","article_publisher":"https:\/\/www.facebook.com\/CapeEast\/","article_modified_time":"2020-07-31T07:35:03+00:00","og_image":[{"width":900,"height":600,"url":"https:\/\/capeeast.se\/wp-content\/uploads\/2019\/05\/cape-east.jpg","type":"image\/jpeg"}],"twitter_card":"summary_large_image","twitter_misc":{"Arvioitu lukuaika":"3 minuuttia"},"schema":{"@context":"https:\/\/schema.org","@graph":[{"@type":"WebPage","@id":"https:\/\/capeeast.se\/cape-east-robinson-bas-for-bade-sverige-och-finland\/","url":"https:\/\/capeeast.se\/cape-east-robinson-bas-for-bade-sverige-och-finland\/","name":"Cape East Robinson - bas f\u00f6r b\u00e5de Sverige och Finland - Cape East","isPartOf":{"@id":"https:\/\/capeeast.se\/#website"},"datePublished":"2020-07-31T07:19:05+00:00","dateModified":"2020-07-31T07:35:03+00:00","breadcrumb":{"@id":"https:\/\/capeeast.se\/cape-east-robinson-bas-for-bade-sverige-och-finland\/#breadcrumb"},"inLanguage":"fi","potentialAction":[{"@type":"ReadAction","target":["https:\/\/capeeast.se\/cape-east-robinson-bas-for-bade-sverige-och-finland\/"]}]},{"@type":"BreadcrumbList","@id":"https:\/\/capeeast.se\/cape-east-robinson-bas-for-bade-sverige-och-finland\/#breadcrumb","itemListElement":[{"@type":"ListItem","position":1,"name":"Home","item":"https:\/\/capeeast.se\/"},{"@type":"ListItem","position":2,"name":"Cape East Robinson &#8211; bas f\u00f6r b\u00e5de Sverige och Finland"}]},{"@type":"WebSite","@id":"https:\/\/capeeast.se\/#website","url":"https:\/\/capeeast.se\/","name":"Cape East","description":"Hotel &amp; SPA","publisher":{"@id":"https:\/\/capeeast.se\/#organization"},"potentialAction":[{"@type":"SearchAction","target":{"@type":"EntryPoint","urlTemplate":"https:\/\/capeeast.se\/?s={search_term_string}"},"query-input":{"@type":"PropertyValueSpecification","valueRequired":true,"valueName":"search_term_string"}}],"inLanguage":"fi"},{"@type":"Organization","@id":"https:\/\/capeeast.se\/#organization","name":"Cape East","url":"https:\/\/capeeast.se\/","logo":{"@type":"ImageObject","inLanguage":"fi","@id":"https:\/\/capeeast.se\/#\/schema\/logo\/image\/","url":"https:\/\/capeeast.se\/wp-content\/uploads\/2019\/09\/cape_east_grey_transparent.png","contentUrl":"https:\/\/capeeast.se\/wp-content\/uploads\/2019\/09\/cape_east_grey_transparent.png","width":300,"height":80,"caption":"Cape East"},"image":{"@id":"https:\/\/capeeast.se\/#\/schema\/logo\/image\/"},"sameAs":["https:\/\/www.facebook.com\/CapeEast\/","https:\/\/www.instagram.com\/capeeast_hotelspa\/"]}]}},"_links":{"self":[{"href":"https:\/\/capeeast.se\/fi\/wp-json\/wp\/v2\/pages\/2665","targetHints":{"allow":["GET"]}}],"collection":[{"href":"https:\/\/capeeast.se\/fi\/wp-json\/wp\/v2\/pages"}],"about":[{"href":"https:\/\/capeeast.se\/fi\/wp-json\/wp\/v2\/types\/page"}],"author":[{"embeddable":true,"href":"https:\/\/capeeast.se\/fi\/wp-json\/wp\/v2\/users\/10"}],"replies":[{"embeddable":true,"href":"https:\/\/capeeast.se\/fi\/wp-json\/wp\/v2\/comments?post=2665"}],"version-history":[{"count":6,"href":"https:\/\/capeeast.se\/fi\/wp-json\/wp\/v2\/pages\/2665\/revisions"}],"predecessor-version":[{"id":6362,"href":"https:\/\/capeeast.se\/fi\/wp-json\/wp\/v2\/pages\/2665\/revisions\/6362"}],"wp:attachment":[{"href":"https:\/\/capeeast.se\/fi\/wp-json\/wp\/v2\/media?parent=2665"}],"curies":[{"name":"wp","href":"https:\/\/api.w.org\/{rel}","templated":true}]}}