{"id":1003,"date":"2019-09-09T08:37:54","date_gmt":"2019-09-09T07:37:54","guid":{"rendered":"https:\/\/capeeast.se\/?page_id=1003"},"modified":"2026-02-25T13:40:38","modified_gmt":"2026-02-25T12:40:38","slug":"terms-of-condition","status":"publish","type":"page","link":"https:\/\/capeeast.se\/fi\/terms-of-condition\/","title":{"rendered":"Ehdot ja s\u00e4\u00e4nn\u00f6t"},"content":{"rendered":"<div data-elementor-type=\"wp-post\" data-elementor-id=\"1003\" class=\"elementor elementor-1003\" data-elementor-post-type=\"page\">\n\t\t\t\t\t\t<section class=\"elementor-section elementor-top-section elementor-element elementor-element-59b32f04 elementor-section-full_width elementor-section-height-default elementor-section-height-default\" data-id=\"59b32f04\" data-element_type=\"section\" data-e-type=\"section\">\n\t\t\t\t\t\t<div class=\"elementor-container elementor-column-gap-no\">\n\t\t\t\t\t<div class=\"elementor-column elementor-col-100 elementor-top-column elementor-element elementor-element-411f430d\" data-id=\"411f430d\" data-element_type=\"column\" data-e-type=\"column\">\n\t\t\t<div class=\"elementor-widget-wrap elementor-element-populated\">\n\t\t\t\t\t\t<div class=\"elementor-element elementor-element-e1c5cbc elementor--h-position-center elementor--v-position-middle elementor-widget elementor-widget-slides\" data-id=\"e1c5cbc\" data-element_type=\"widget\" data-e-type=\"widget\" data-settings=\"{&quot;navigation&quot;:&quot;none&quot;,&quot;autoplay&quot;:&quot;yes&quot;,&quot;pause_on_hover&quot;:&quot;yes&quot;,&quot;pause_on_interaction&quot;:&quot;yes&quot;,&quot;autoplay_speed&quot;:5000,&quot;infinite&quot;:&quot;yes&quot;,&quot;transition&quot;:&quot;slide&quot;,&quot;transition_speed&quot;:500}\" data-widget_type=\"slides.default\">\n\t\t\t\t<div class=\"elementor-widget-container\">\n\t\t\t\t\t\t\t\t\t<div class=\"elementor-swiper\">\n\t\t\t\t\t<div class=\"elementor-slides-wrapper elementor-main-swiper swiper\" role=\"region\" aria-roledescription=\"carousel\" aria-label=\"Slides\" dir=\"ltr\" data-animation=\"fadeInUp\">\n\t\t\t\t<div class=\"swiper-wrapper elementor-slides\">\n\t\t\t\t\t\t\t\t\t\t<div class=\"elementor-repeater-item-5a2ff48 swiper-slide\" role=\"group\" aria-roledescription=\"slide\"><div class=\"swiper-slide-bg\" role=\"img\" aria-label=\"cape east\"><\/div><div class=\"elementor-background-overlay\"><\/div><div class=\"swiper-slide-inner\" ><div class=\"swiper-slide-contents\"><div class=\"elementor-slide-heading\">Before making a reservation please read our<\/div><div class=\"elementor-slide-description\">BOOKING TERMS<\/div><\/div><\/div><\/div>\t\t\t\t<\/div>\n\t\t\t\t\t\t\t<\/div>\n\t\t\t\t<\/div>\n\t\t\t\t\t\t\t\t<\/div>\n\t\t\t\t<\/div>\n\t\t\t\t\t<\/div>\n\t\t<\/div>\n\t\t\t\t\t<\/div>\n\t\t<\/section>\n\t\t\t\t<section class=\"elementor-section elementor-top-section elementor-element elementor-element-3ebcc671 elementor-section-boxed elementor-section-height-default elementor-section-height-default\" data-id=\"3ebcc671\" data-element_type=\"section\" data-e-type=\"section\" data-settings=\"{&quot;background_background&quot;:&quot;classic&quot;}\">\n\t\t\t\t\t\t<div class=\"elementor-container elementor-column-gap-default\">\n\t\t\t\t\t<div class=\"elementor-column elementor-col-100 elementor-top-column elementor-element elementor-element-288f46a6\" data-id=\"288f46a6\" data-element_type=\"column\" data-e-type=\"column\">\n\t\t\t<div class=\"elementor-widget-wrap elementor-element-populated\">\n\t\t\t\t\t\t<div class=\"elementor-element elementor-element-53c1746e elementor-widget elementor-widget-text-editor\" data-id=\"53c1746e\" data-element_type=\"widget\" data-e-type=\"widget\" data-widget_type=\"text-editor.default\">\n\t\t\t\t<div class=\"elementor-widget-container\">\n\t\t\t\t\t\t\t\t\t<h3 style=\"text-align: left;\"><span style=\"color: #00516f;\">Ehdot ja s\u00e4\u00e4nn\u00f6t<\/span><\/h3><p style=\"text-align: left;\"><em>Y-tunnus: 559109-6176 | Yhteystiedot: +46 (0)922 800 790<\/em><\/p><p style=\"text-align: left;\"><strong>Tekem\u00e4ll\u00e4 varaukset, hyv\u00e4ksyt alla olevat varausehdot. Asiakkaan vastuulla on varmistaa, ett\u00e4 on lukenut ja ymm\u00e4rt\u00e4nyt ehdot.<\/strong><\/p><ul style=\"text-align: left;\"><li>The payment is made via Klarna.<\/li><li>Jos maksua ei ole suoritettu, varaus perutaan automaattisesti.<\/li><li>Kun maksu on suoritettu ja hyv\u00e4ksytty, varaus on varmistettu. Saat vahvistuksen varauksesta s\u00e4hk\u00f6postitse sek\u00e4 vahvistussivun, joka n\u00e4kyy selaimellasi.<\/li><li>Emme ota vastaan k\u00e4teist\u00e4<\/li><li>Varauksen tekemisen alaik\u00e4raja on 18 vuotta. Alle 18-vuotiaiden tulee olla vanhempansa, huoltajansa tai muun aikuisen seurassa. Vanhempi tai aikuinen on my\u00f6s vastuussa t\u00e4st\u00e4 vieraasta. Sis\u00e4\u00e4nkirjautuminen klo 15.00 alkaen ja uloskirjautuminen klo 11.00 menness\u00e4.<\/li><li>Huomioi, ett\u00e4 eri varausvaihtoehdoillamme on erilaiset ehdot. Jos olet varausta tehdess\u00e4si valinnut non-refundable paketin, ei sinulla silloin ole oikeutta peruuttaa\/muuttaa varaustasi.<\/li><li>Jos olet vallinut <em>REFUNDABLE<\/em> tai <em>FLEX<\/em> <em>paketin<\/em>, voit perua tai muuttaa varaustasi saapumista edelt\u00e4v\u00e4\u00e4n p\u00e4iv\u00e4\u00e4n klo 18.00 menness\u00e4, jolloin saat rahasi takasin. Varaukset joita ei peruta m\u00e4\u00e4r\u00e4ttyyn aikarajaan (saapumista edelt\u00e4v\u00e4\u00e4n p\u00e4iv\u00e4\u00e4n klo 18.00) menness\u00e4, ei makseta takaisin. Varauksen p\u00e4iv\u00e4m\u00e4\u00e4r\u00e4\u00e4 muutettaessa, asikas maksaa t\u00e4st\u00e4 mahdollisesti koituvan hintaeron.<\/li><li>Jos olet vallinut <em>NON-REFUNDABLE<\/em> tai <em>SAVE paketin<\/em>, ja haluat peruuttaa varauksen, et saa rahoja takaisin. Varausta ei my\u00f6sk\u00e4\u00e4n voi siirt\u00e4\u00e4 eri p\u00e4iv\u00e4lle.<\/li><\/ul><p style=\"text-align: left;\"><strong>\u00a0<\/strong><\/p><h4 style=\"text-align: left;\"><span style=\"color: #00516f;\">Muutokset &amp; Peruutus<\/span><\/h4><p style=\"text-align: left;\"><strong>Vahvistettu klo 18:00 asti<br \/><\/strong>Hotelli on velvollinen ottamaan asiakkaat vastaan klo 18.00 asti. Jos asikas ei ole klo 18.00 menness\u00e4 perunut tai kirjautunut sis\u00e4\u00e4n, on hotellilla oikeus peruuttaa huone ottamatta yhteytt\u00e4 asiakkaaseen.<\/p><p style=\"text-align: left;\"><strong>Takuu<br \/><\/strong>Varaus taataan liikesopimuksella, matkatoimiston kautta tai luottokortilla. Taatun varauksen peruutus <em>FLEX paketeissa<\/em> on teht\u00e4v\u00e4 viimeist\u00e4\u00e4n varausta edelt\u00e4v\u00e4n\u00e4 p\u00e4iv\u00e4n\u00e4 klo 18.00 menness\u00e4. Jos asiakas ei saavu tai peruuttaa varauksen saapumisp\u00e4iv\u00e4n\u00e4, on hotelliy\u00f6st\u00e4 t\u00e4ss\u00e4 tapauksessa maksettava.<\/p><p style=\"text-align: left;\"><strong>Muutokset<br \/><\/strong>Jos olet varannut majoituksen kahdeksi tai useammaksi y\u00f6ksi <em>FLEX<\/em> <em>paketilla,<\/em> mutta p\u00e4\u00e4t\u00e4t l\u00e4hte\u00e4 aikaisemmin, sinulta veloitetaan seuraava y\u00f6. J\u00e4ljell\u00e4 olevien \u00f6iden peruutus on teht\u00e4v\u00e4 viimeist\u00e4\u00e4n klo 18.00 menness\u00e4 l\u00e4ht\u00f6\u00e4 edelt\u00e4v\u00e4n\u00e4 p\u00e4iv\u00e4n\u00e4.<\/p><p style=\"text-align: left;\">Jos olet varannut majoituksen kahdeksi tai useammaksi y\u00f6ksi <em>SAVE paketilla<\/em> , mutta p\u00e4\u00e4t\u00e4t l\u00e4hte\u00e4 aikaisemmin, sinulta veloitetaan alkuper\u00e4isen varauksen mukaan kaikki y\u00f6t.<\/p><p style=\"text-align: left;\"><em>SAVE paketti<\/em> voidaan perua ainoastaan l\u00e4\u00e4k\u00e4rintodistusta vastaan. T\u00e4ll\u00f6in veloitamme 250 sek hallintomaksun.<\/p><p style=\"text-align: left;\"><strong>Liikesopimus<br \/><\/strong>Liiketoiminta-asiakkaiden tekemiin varauksiin sovelletaan sopimuksessa mainittuja varaus- ja peruutuss\u00e4\u00e4nt\u00f6j\u00e4.<\/p><p style=\"text-align: left;\"><b>Ik\u00e4raja<\/b><br \/>Vieraille, jotka eiv\u00e4t matkustaa vanhempien kanssa, meill\u00e4 on 18 vuoden ik\u00e4raja. Hotelli pid\u00e4tt\u00e4\u00e4 oikeuden peruuttaa varaus ilman hyvityst\u00e4, jos voimassa olevaa henkil\u00f6todistusta ei voida esitt\u00e4\u00e4.<\/p><p style=\"text-align: left;\"><strong>\u00a0<\/strong><\/p><h4 style=\"text-align: left;\"><span style=\"color: #00516f;\">Hinnat ja maksu<\/span><\/h4><p style=\"text-align: left;\">Kaikki hinnat ilmoitetaan Ruotsin kruunuina. Sis\u00e4lt\u00e4\u00e4 arvolis\u00e4veron, ellei toisin mainita. Pid\u00e4t\u00e4mme oikeuden hintamuutoksiin olosuhteissa, joita emme hallitse, esim. muuttunut arvonlis\u00e4vero, suuret valuutan arvon muutokset tai v\u00e4h\u00e4iset huonetilat korkean kysynn\u00e4n seurauksena.<\/p><p style=\"text-align: left;\"><strong>Vahinkovastuu<br \/><\/strong>Cape Eastin omaisuuden vahingoittaminen ei ole sallittua. Vahingontekij\u00e4 on korvausvelvollinen. Korvaussumma m\u00e4\u00e4r\u00e4ytyy korjauskustannuksista ja mahdollisten korjausaikana menetettyjen tulojen suuruudesta.<\/p><p style=\"text-align: left;\"><strong>Allergiat<br \/><\/strong>Asiakas on itse velvollinen kertomaan mahdollisista allergioistaan hotellin henkil\u00f6kunnalle. Jos asianmukaista tietoa ei ole annettu, ei hotellia voida pit\u00e4\u00e4 vastuussa mahdollisista allergiakohtauksista.<\/p><p style=\"text-align: left;\"><strong>KYLPYL\u00c4<br \/><\/strong>Kaikki vieraat ovat kylpyl\u00e4ss\u00e4 omalla vastuulla. Cape East SPA:ssa on kovia pintoja ja portaita. Kylpyl\u00e4varaukseen kuuluu p\u00e4\u00e4sy koko kylpyl\u00e4\u00e4n, sen kokemuksiin ja mukavuuksiin. Spa-hoidot suorittava kumppani omaa kokemusta sek\u00e4 ammattitaitoista ja p\u00e4tev\u00e4\u00e4 henkil\u00f6kuntaa. Huomioithan, ett\u00e4 spa-aikoja voidaan soveltaa rajoittamaan samaan aikaan kylpyl\u00e4ss\u00e4 vierailevien m\u00e4\u00e4r\u00e4\u00e4. Lis\u00e4tietoja l\u00f6ytyy verkkosivustoltamme kohdasta \"SPA &amp; Hyvinvointi\".<\/p><p style=\"text-align: left;\">Kylpyl\u00e4osastolle on 18 vuoden ik\u00e4raja.<\/p><p style=\"text-align: left;\"><strong>Miten k\u00e4sittelemme henkil\u00f6kohtaisia tietojasi<br \/><\/strong>Voit lukea lis\u00e4\u00e4 henkil\u00f6kohtaisten tietojen k\u00e4sittelyst\u00e4 <a href=\"https:\/\/capeeast.se\/fi\/privacy-policy\/\" target=\"_blank\" rel=\"noopener\">t\u00e4\u00e4lt\u00e4<\/a><\/p>\t\t\t\t\t\t\t\t<\/div>\n\t\t\t\t<\/div>\n\t\t\t\t<div class=\"elementor-element elementor-element-e2e6427 elementor-widget elementor-widget-text-editor\" data-id=\"e2e6427\" data-element_type=\"widget\" data-e-type=\"widget\" data-widget_type=\"text-editor.default\">\n\t\t\t\t<div class=\"elementor-widget-container\">\n\t\t\t\t\t\t\t\t\t<h3 style=\"text-align: left;\"><span style=\"color: #00516f;\">S\u00e4\u00e4nn\u00f6t &amp; ehdot \u2013 Lahjakortti<\/span><\/h3><p><strong>Lahjakortin ostamista koskevat ehdot<\/strong><br \/>Cape Eastin lahjakortti toimitetaan s\u00e4hk\u00f6isesti. Saat PDF-tiedoston sis\u00e4lt\u00e4v\u00e4n s\u00e4hk\u00f6postin ostoksen teon j\u00e4lkeen. Ei lis\u00e4kustannuksia tai lis\u00e4maksuja.<\/p><p><strong>Arvopaperi<\/strong><br \/>Lahjakortti on arvopaperi, jota k\u00e4ytet\u00e4\u00e4n maksuv\u00e4lineen\u00e4 Cape Eastin online-varausj\u00e4rjestelm\u00e4ss\u00e4. Kadonnutta lahjakorttia ei valitettavasti voida korvata. Lahjakorttia ei voi vaihtaa k\u00e4teiseksi.<\/p><p><strong>Valuutta<\/strong><br \/>Kaikki hinnat ilmoitetaan Ruotsin kruunuina (SEK).<\/p><p><strong>Ostoksen peruuttamisoikeus<\/strong><br \/>Ostaessasi lahjakortin verkosta sinulla on oikeus perua ostoksesi 14 p\u00e4iv\u00e4n ajan lahjakortin vastaanottamisesta. Ota meihin yhteytt\u00e4 saadaksesi tietoa palauttamisesta ja takaisinmaksusta.<\/p><p><strong>Voimassaoloaika<\/strong><br \/>Jokaisen lahjakortin voimassaoloaika on selv\u00e4sti n\u00e4ht\u00e4vill\u00e4 ennen ostoksen tekoa. Kaikki peruslahjakortit (ei kampanjalahjakortit, kuten esim. \u201dBlack Friday\u201d) ovat voimassa 2 vuotta.<\/p><p>Erityisten lahjakorttitarjousten tai -kampanjoiden voimassaoloaika saattaa kuitenkin olla rajoitettu. Tieto on selv\u00e4sti n\u00e4ht\u00e4vill\u00e4 ennen ostoksen tekoa. S\u00e4\u00e4nn\u00f6t &amp; ehdot -kohdasta online-varausj\u00e4rjestelm\u00e4ss\u00e4 n\u00e4kyy kyseess\u00e4 olevan lahjakortin voimassaoloaika ja sit\u00e4 mahdollisesti koskevat erityisehdot.<\/p><p><strong>Erityisehdot<\/strong><br \/>Toisinaan meill\u00e4 on erityistarjouksia lahjakorteista, esimerkiksi Black Fridayn kaltaisten kampanjoiden aikana. N\u00e4m\u00e4 lahjakortit saattavat kytkeyty\u00e4 alennettuihin majoituspaketteihin tai muihin tuotteisiin. Tarjouksia koskevat usein erityiset s\u00e4\u00e4nn\u00f6t, kuten rajoitetut saapumisajanjaksot tai erityiset p\u00e4iv\u00e4m\u00e4\u00e4r\u00e4t, jolloin lahjakorttia voidaan k\u00e4ytt\u00e4\u00e4.<\/p><p>Lahjakortti on arvopaperi, jota k\u00e4ytet\u00e4\u00e4n tositteena sen erityisen tuotteen varaamiseen ja maksamiseen, jota se koskee. Huomioithan, ett\u00e4 lahjakorttia ei voi k\u00e4ytt\u00e4\u00e4 muuhun tarkoitukseen.<\/p><p>Luethan erityisehdot l\u00e4pi varausj\u00e4rjestelm\u00e4ss\u00e4 ennen ostoksen tekoa varmistuaksesi erilaisten lahjakorttiemme ehdoista.<\/p><h5>K\u00e4yt\u00e4 lahjakorttia<\/h5><p><strong>K\u00e4yt\u00e4 lahjakorttia maksamiseen<\/strong><br \/>Tehdess\u00e4si varausta kotisivuillamme voit k\u00e4ytt\u00e4\u00e4 lahjakorttiasi vierailusi maksamiseen. Varauksenteon viimeisess\u00e4 vaiheessa (\u201dVaihe 3\/3\u201d) on valittavana vaihtoehto <em>\u201dMaksa lahjakortilla.\u201d<br \/><\/em><br \/>Sy\u00f6t\u00e4 lahjakorttisi numero ruutuun ja klikkaa OK. Lahjakorttia veloitetaan t\u00e4ss\u00e4 yhteydess\u00e4. Jos varaamasi vierailun loppusumma ylitt\u00e4\u00e4 lahjakortin arvon, j\u00e4\u00e4 erotus maksettavaksesi.<\/p><p><strong>K\u00e4yt\u00e4 m\u00e4\u00e4r\u00e4ttyyn pakettiin ostettua lahjakorttia<\/strong><br \/>Jos lahjakorttisi on yhdistetty m\u00e4\u00e4r\u00e4ttyyn majoituspakettiin, sinun pit\u00e4\u00e4 aktivoida paketti ennen kuin voit tehd\u00e4 varauksen.<\/p><ol><li>Mene osoitteeseen <a href=\"https:\/\/capeeast.se\/fi\/\">www.capeeast.se\/fi<\/a> ja klikkaa <em>\"K\u00e4yt\u00e4 lahjakorttia\"<\/em><\/li><li>Vaihtoehtoisesti voit k\u00e4ytt\u00e4\u00e4 seuraavaa linkki\u00e4: <a href=\"http:\/\/online.bookvisit.com\/package\/entervouchernumber?channelId=a0098245-fede-4da1-a447-c3db3f8a35b2\">K\u00e4yt\u00e4 lahjakorttia<\/a>.<\/li><li>Sy\u00f6t\u00e4 lahjakorttisi numero muodossa <strong>AA11111-A111<\/strong> aktivoidaksesi paketin.<\/li><\/ol><p><br \/>Kun paketti on aktivoitu, voit tehd\u00e4 varauksen.<\/p>\t\t\t\t\t\t\t\t<\/div>\n\t\t\t\t<\/div>\n\t\t\t\t\t<\/div>\n\t\t<\/div>\n\t\t\t\t\t<\/div>\n\t\t<\/section>\n\t\t\t\t<section class=\"elementor-section elementor-top-section elementor-element elementor-element-4a9f777 elementor-section-full_width elementor-section-height-default elementor-section-height-default\" data-id=\"4a9f777\" data-element_type=\"section\" data-e-type=\"section\">\n\t\t\t\t\t\t<div class=\"elementor-container elementor-column-gap-no\">\n\t\t\t\t\t<div class=\"elementor-column elementor-col-100 elementor-top-column elementor-element elementor-element-5fa97e29\" data-id=\"5fa97e29\" data-element_type=\"column\" data-e-type=\"column\">\n\t\t\t<div class=\"elementor-widget-wrap elementor-element-populated\">\n\t\t\t\t\t\t<div class=\"elementor-element elementor-element-4c3da5e5 elementor--h-position-center elementor--v-position-middle elementor-widget elementor-widget-slides\" data-id=\"4c3da5e5\" data-element_type=\"widget\" data-e-type=\"widget\" data-settings=\"{&quot;navigation&quot;:&quot;none&quot;,&quot;autoplay&quot;:&quot;yes&quot;,&quot;pause_on_hover&quot;:&quot;yes&quot;,&quot;pause_on_interaction&quot;:&quot;yes&quot;,&quot;autoplay_speed&quot;:5000,&quot;infinite&quot;:&quot;yes&quot;,&quot;transition&quot;:&quot;slide&quot;,&quot;transition_speed&quot;:500}\" data-widget_type=\"slides.default\">\n\t\t\t\t<div class=\"elementor-widget-container\">\n\t\t\t\t\t\t\t\t\t<div class=\"elementor-swiper\">\n\t\t\t\t\t<div class=\"elementor-slides-wrapper elementor-main-swiper swiper\" role=\"region\" aria-roledescription=\"carousel\" aria-label=\"Slides\" dir=\"ltr\" data-animation=\"fadeInUp\">\n\t\t\t\t<div class=\"swiper-wrapper elementor-slides\">\n\t\t\t\t\t\t\t\t\t\t<div class=\"elementor-repeater-item-14fd1ac swiper-slide\" role=\"group\" aria-roledescription=\"slide\"><div class=\"swiper-slide-bg\" role=\"img\" aria-label=\"IMG_9065\"><\/div><div class=\"elementor-background-overlay\"><\/div><div class=\"swiper-slide-inner\" ><div class=\"swiper-slide-contents\"><div class=\"elementor-slide-heading\">Haluatko tiet\u00e4\u00e4 lis\u00e4\u00e4<\/div><div class=\"elementor-slide-description\">HOTELLIHUONEISTAMME<\/div><a href=\"\/fi\/huoneet-sviitit\/\" class=\"elementor-button elementor-slide-button elementor-size-sm\">Lue lis\u00e4\u00e4<\/a><\/div><\/div><\/div>\t\t\t\t<\/div>\n\t\t\t\t\t\t\t<\/div>\n\t\t\t\t<\/div>\n\t\t\t\t\t\t\t\t<\/div>\n\t\t\t\t<\/div>\n\t\t\t\t\t<\/div>\n\t\t<\/div>\n\t\t\t\t\t<\/div>\n\t\t<\/section>\n\t\t\t\t<\/div>","protected":false},"excerpt":{"rendered":"<p>Before making a reservation please read ourBOOKING TERMS Terms and conditions Corporate identity number: 559109-6176 | Contact information: +46 (0)922 800 790 By making a booking, you accept the booking conditions below. It is your responsibility to ensure you have read and understood the terms. The payment is made via Klarna. If payment is not [&hellip;]<\/p>\n","protected":false},"author":10,"featured_media":0,"parent":0,"menu_order":0,"comment_status":"closed","ping_status":"closed","template":"elementor_header_footer","meta":{"_acf_changed":false,"footnotes":""},"class_list":["post-1003","page","type-page","status-publish","hentry"],"acf":[],"yoast_head":"<!-- This site is optimized with the Yoast SEO plugin v26.9 - https:\/\/yoast.com\/product\/yoast-seo-wordpress\/ -->\n<title>Terms of condition - Cape East<\/title>\n<meta name=\"description\" content=\"The minimum age to make a room reservation is 18, and everyone staying in the room must be 18 years of age or older unless accompanied by an adult.\" \/>\n<meta name=\"robots\" content=\"index, follow, max-snippet:-1, max-image-preview:large, max-video-preview:-1\" \/>\n<link rel=\"canonical\" href=\"https:\/\/capeeast.se\/fi\/terms-of-condition\/\" \/>\n<meta property=\"og:locale\" content=\"fi_FI\" \/>\n<meta property=\"og:type\" content=\"article\" \/>\n<meta property=\"og:title\" content=\"Terms of condition - Cape East\" \/>\n<meta property=\"og:description\" content=\"The minimum age to make a room reservation is 18, and everyone staying in the room must be 18 years of age or older unless accompanied by an adult.\" \/>\n<meta property=\"og:url\" content=\"https:\/\/capeeast.se\/fi\/terms-of-condition\/\" \/>\n<meta property=\"og:site_name\" content=\"Cape East\" \/>\n<meta property=\"article:publisher\" content=\"https:\/\/www.facebook.com\/CapeEast\/\" \/>\n<meta property=\"article:modified_time\" content=\"2026-02-25T12:40:38+00:00\" \/>\n<meta property=\"og:image\" content=\"https:\/\/capeeast.se\/wp-content\/uploads\/2019\/05\/cape-east.jpg\" \/>\n\t<meta property=\"og:image:width\" content=\"900\" \/>\n\t<meta property=\"og:image:height\" content=\"600\" \/>\n\t<meta property=\"og:image:type\" content=\"image\/jpeg\" \/>\n<meta name=\"twitter:card\" content=\"summary_large_image\" \/>\n<meta name=\"twitter:label1\" content=\"Arvioitu lukuaika\" \/>\n\t<meta name=\"twitter:data1\" content=\"6 minuuttia\" \/>\n<script type=\"application\/ld+json\" class=\"yoast-schema-graph\">{\"@context\":\"https:\/\/schema.org\",\"@graph\":[{\"@type\":\"WebPage\",\"@id\":\"https:\/\/capeeast.se\/terms-of-condition\/\",\"url\":\"https:\/\/capeeast.se\/terms-of-condition\/\",\"name\":\"Terms of condition - Cape East\",\"isPartOf\":{\"@id\":\"https:\/\/capeeast.se\/#website\"},\"datePublished\":\"2019-09-09T07:37:54+00:00\",\"dateModified\":\"2026-02-25T12:40:38+00:00\",\"description\":\"The minimum age to make a room reservation is 18, and everyone staying in the room must be 18 years of age or older unless accompanied by an adult.\",\"breadcrumb\":{\"@id\":\"https:\/\/capeeast.se\/terms-of-condition\/#breadcrumb\"},\"inLanguage\":\"fi\",\"potentialAction\":[{\"@type\":\"ReadAction\",\"target\":[\"https:\/\/capeeast.se\/terms-of-condition\/\"]}]},{\"@type\":\"BreadcrumbList\",\"@id\":\"https:\/\/capeeast.se\/terms-of-condition\/#breadcrumb\",\"itemListElement\":[{\"@type\":\"ListItem\",\"position\":1,\"name\":\"Home\",\"item\":\"https:\/\/capeeast.se\/\"},{\"@type\":\"ListItem\",\"position\":2,\"name\":\"Terms of condition\"}]},{\"@type\":\"WebSite\",\"@id\":\"https:\/\/capeeast.se\/#website\",\"url\":\"https:\/\/capeeast.se\/\",\"name\":\"Cape East\",\"description\":\"Hotel &amp; SPA\",\"publisher\":{\"@id\":\"https:\/\/capeeast.se\/#organization\"},\"potentialAction\":[{\"@type\":\"SearchAction\",\"target\":{\"@type\":\"EntryPoint\",\"urlTemplate\":\"https:\/\/capeeast.se\/?s={search_term_string}\"},\"query-input\":{\"@type\":\"PropertyValueSpecification\",\"valueRequired\":true,\"valueName\":\"search_term_string\"}}],\"inLanguage\":\"fi\"},{\"@type\":\"Organization\",\"@id\":\"https:\/\/capeeast.se\/#organization\",\"name\":\"Cape East\",\"url\":\"https:\/\/capeeast.se\/\",\"logo\":{\"@type\":\"ImageObject\",\"inLanguage\":\"fi\",\"@id\":\"https:\/\/capeeast.se\/#\/schema\/logo\/image\/\",\"url\":\"https:\/\/capeeast.se\/wp-content\/uploads\/2019\/09\/cape_east_grey_transparent.png\",\"contentUrl\":\"https:\/\/capeeast.se\/wp-content\/uploads\/2019\/09\/cape_east_grey_transparent.png\",\"width\":300,\"height\":80,\"caption\":\"Cape East\"},\"image\":{\"@id\":\"https:\/\/capeeast.se\/#\/schema\/logo\/image\/\"},\"sameAs\":[\"https:\/\/www.facebook.com\/CapeEast\/\",\"https:\/\/www.instagram.com\/capeeast_hotelspa\/\"]}]}<\/script>\n<!-- \/ Yoast SEO plugin. -->","yoast_head_json":{"title":"Terms of condition - Cape East","description":"The minimum age to make a room reservation is 18, and everyone staying in the room must be 18 years of age or older unless accompanied by an adult.","robots":{"index":"index","follow":"follow","max-snippet":"max-snippet:-1","max-image-preview":"max-image-preview:large","max-video-preview":"max-video-preview:-1"},"canonical":"https:\/\/capeeast.se\/fi\/terms-of-condition\/","og_locale":"fi_FI","og_type":"article","og_title":"Terms of condition - Cape East","og_description":"The minimum age to make a room reservation is 18, and everyone staying in the room must be 18 years of age or older unless accompanied by an adult.","og_url":"https:\/\/capeeast.se\/fi\/terms-of-condition\/","og_site_name":"Cape East","article_publisher":"https:\/\/www.facebook.com\/CapeEast\/","article_modified_time":"2026-02-25T12:40:38+00:00","og_image":[{"width":900,"height":600,"url":"https:\/\/capeeast.se\/wp-content\/uploads\/2019\/05\/cape-east.jpg","type":"image\/jpeg"}],"twitter_card":"summary_large_image","twitter_misc":{"Arvioitu lukuaika":"6 minuuttia"},"schema":{"@context":"https:\/\/schema.org","@graph":[{"@type":"WebPage","@id":"https:\/\/capeeast.se\/terms-of-condition\/","url":"https:\/\/capeeast.se\/terms-of-condition\/","name":"Terms of condition - Cape East","isPartOf":{"@id":"https:\/\/capeeast.se\/#website"},"datePublished":"2019-09-09T07:37:54+00:00","dateModified":"2026-02-25T12:40:38+00:00","description":"The minimum age to make a room reservation is 18, and everyone staying in the room must be 18 years of age or older unless accompanied by an adult.","breadcrumb":{"@id":"https:\/\/capeeast.se\/terms-of-condition\/#breadcrumb"},"inLanguage":"fi","potentialAction":[{"@type":"ReadAction","target":["https:\/\/capeeast.se\/terms-of-condition\/"]}]},{"@type":"BreadcrumbList","@id":"https:\/\/capeeast.se\/terms-of-condition\/#breadcrumb","itemListElement":[{"@type":"ListItem","position":1,"name":"Home","item":"https:\/\/capeeast.se\/"},{"@type":"ListItem","position":2,"name":"Terms of condition"}]},{"@type":"WebSite","@id":"https:\/\/capeeast.se\/#website","url":"https:\/\/capeeast.se\/","name":"Cape East","description":"Hotel &amp; SPA","publisher":{"@id":"https:\/\/capeeast.se\/#organization"},"potentialAction":[{"@type":"SearchAction","target":{"@type":"EntryPoint","urlTemplate":"https:\/\/capeeast.se\/?s={search_term_string}"},"query-input":{"@type":"PropertyValueSpecification","valueRequired":true,"valueName":"search_term_string"}}],"inLanguage":"fi"},{"@type":"Organization","@id":"https:\/\/capeeast.se\/#organization","name":"Cape East","url":"https:\/\/capeeast.se\/","logo":{"@type":"ImageObject","inLanguage":"fi","@id":"https:\/\/capeeast.se\/#\/schema\/logo\/image\/","url":"https:\/\/capeeast.se\/wp-content\/uploads\/2019\/09\/cape_east_grey_transparent.png","contentUrl":"https:\/\/capeeast.se\/wp-content\/uploads\/2019\/09\/cape_east_grey_transparent.png","width":300,"height":80,"caption":"Cape East"},"image":{"@id":"https:\/\/capeeast.se\/#\/schema\/logo\/image\/"},"sameAs":["https:\/\/www.facebook.com\/CapeEast\/","https:\/\/www.instagram.com\/capeeast_hotelspa\/"]}]}},"_links":{"self":[{"href":"https:\/\/capeeast.se\/fi\/wp-json\/wp\/v2\/pages\/1003","targetHints":{"allow":["GET"]}}],"collection":[{"href":"https:\/\/capeeast.se\/fi\/wp-json\/wp\/v2\/pages"}],"about":[{"href":"https:\/\/capeeast.se\/fi\/wp-json\/wp\/v2\/types\/page"}],"author":[{"embeddable":true,"href":"https:\/\/capeeast.se\/fi\/wp-json\/wp\/v2\/users\/10"}],"replies":[{"embeddable":true,"href":"https:\/\/capeeast.se\/fi\/wp-json\/wp\/v2\/comments?post=1003"}],"version-history":[{"count":54,"href":"https:\/\/capeeast.se\/fi\/wp-json\/wp\/v2\/pages\/1003\/revisions"}],"predecessor-version":[{"id":10303,"href":"https:\/\/capeeast.se\/fi\/wp-json\/wp\/v2\/pages\/1003\/revisions\/10303"}],"wp:attachment":[{"href":"https:\/\/capeeast.se\/fi\/wp-json\/wp\/v2\/media?parent=1003"}],"curies":[{"name":"wp","href":"https:\/\/api.w.org\/{rel}","templated":true}]}}